{"id":1037,"date":"2023-10-09T11:00:05","date_gmt":"2023-10-09T11:00:05","guid":{"rendered":"https:\/\/40612289.servicio-online.net\/gatosueco\/?page_id=1037"},"modified":"2024-09-24T12:11:45","modified_gmt":"2024-09-24T12:11:45","slug":"tora-alhstrom","status":"publish","type":"page","link":"https:\/\/gatosueco.es\/en\/traduccion\/tora-alhstrom\/","title":{"rendered":"TORA ALHSTR\u00d6M"},"content":{"rendered":"<div data-elementor-type=\"wp-page\" data-elementor-id=\"1037\" class=\"elementor elementor-1037\" data-elementor-post-type=\"page\">\n\t\t\t\t\t\t<section class=\"elementor-section elementor-top-section elementor-element elementor-element-160f8507 elementor-section-content-middle elementor-section-boxed elementor-section-height-default elementor-section-height-default\" data-id=\"160f8507\" data-element_type=\"section\" data-e-type=\"section\" data-settings=\"{&quot;background_background&quot;:&quot;classic&quot;}\">\n\t\t\t\t\t\t<div class=\"elementor-container elementor-column-gap-default\">\n\t\t\t\t\t<div class=\"elementor-column elementor-col-50 elementor-top-column elementor-element elementor-element-5fd6fd0\" data-id=\"5fd6fd0\" data-element_type=\"column\" data-e-type=\"column\">\n\t\t\t<div class=\"elementor-widget-wrap elementor-element-populated\">\n\t\t\t\t\t\t<div class=\"elementor-element elementor-element-b1e5804 elementor-widget elementor-widget-image\" data-id=\"b1e5804\" data-element_type=\"widget\" data-e-type=\"widget\" data-widget_type=\"image.default\">\n\t\t\t\t<div class=\"elementor-widget-container\">\n\t\t\t\t\t\t\t\t\t\t\t\t\t\t\t<img decoding=\"async\" width=\"193\" height=\"193\" src=\"https:\/\/gatosueco.es\/wp-content\/uploads\/2023\/10\/Tora.png\" class=\"attachment-large size-large wp-image-985\" alt=\"\" srcset=\"https:\/\/gatosueco.es\/wp-content\/uploads\/2023\/10\/Tora.png 193w, https:\/\/gatosueco.es\/wp-content\/uploads\/2023\/10\/Tora-150x150.png 150w, https:\/\/gatosueco.es\/wp-content\/uploads\/2023\/10\/Tora-100x100.png 100w\" sizes=\"(max-width: 193px) 100vw, 193px\" \/>\t\t\t\t\t\t\t\t\t\t\t\t\t\t\t<\/div>\n\t\t\t\t<\/div>\n\t\t\t\t\t<\/div>\n\t\t<\/div>\n\t\t\t\t<div class=\"elementor-column elementor-col-50 elementor-top-column elementor-element elementor-element-55af673d\" data-id=\"55af673d\" data-element_type=\"column\" data-e-type=\"column\">\n\t\t\t<div class=\"elementor-widget-wrap elementor-element-populated\">\n\t\t\t\t\t\t<div class=\"elementor-element elementor-element-78674e4e elementor-widget elementor-widget-heading\" data-id=\"78674e4e\" data-element_type=\"widget\" data-e-type=\"widget\" data-widget_type=\"heading.default\">\n\t\t\t\t<div class=\"elementor-widget-container\">\n\t\t\t\t\t<h1 class=\"elementor-heading-title elementor-size-default\">Tora Alhstr\u00f6m<\/h1>\t\t\t\t<\/div>\n\t\t\t\t<\/div>\n\t\t\t\t\t<\/div>\n\t\t<\/div>\n\t\t\t\t\t<\/div>\n\t\t<\/section>\n\t\t\t\t<section class=\"elementor-section elementor-top-section elementor-element elementor-element-c642c7f elementor-section-boxed elementor-section-height-default elementor-section-height-default\" data-id=\"c642c7f\" data-element_type=\"section\" data-e-type=\"section\">\n\t\t\t\t\t\t<div class=\"elementor-container elementor-column-gap-default\">\n\t\t\t\t\t<div class=\"elementor-column elementor-col-100 elementor-top-column elementor-element elementor-element-c3bb7e5\" data-id=\"c3bb7e5\" data-element_type=\"column\" data-e-type=\"column\">\n\t\t\t<div class=\"elementor-widget-wrap elementor-element-populated\">\n\t\t\t\t\t\t<div class=\"elementor-element elementor-element-273fc9b elementor-widget elementor-widget-heading\" data-id=\"273fc9b\" data-element_type=\"widget\" data-e-type=\"widget\" data-widget_type=\"heading.default\">\n\t\t\t\t<div class=\"elementor-widget-container\">\n\t\t\t\t\t<h2 class=\"elementor-heading-title elementor-size-default\">Biography<\/h2>\t\t\t\t<\/div>\n\t\t\t\t<\/div>\n\t\t\t\t<div class=\"elementor-element elementor-element-e58704e elementor-widget elementor-widget-text-editor\" data-id=\"e58704e\" data-element_type=\"widget\" data-e-type=\"widget\" data-widget_type=\"text-editor.default\">\n\t\t\t\t<div class=\"elementor-widget-container\">\n\t\t\t\t\t\t\t\t\tShe studied journalism and comunication at the Linneaus University in V\u00e4kj\u00f6, Sweden. She also participated in several courses of creative writing in Svedala and she studied to became librarian at Linneaus University.\nIn 20215 she co-created Gato Sueco. She has also been very active to spread swedish culture in Madrid with Swedish Ambassy.\nSome of the titles she has translated are \u00abWhy is the dad criying?\u00bb by Kristin Murray Brodin, \u00abMix drives\u00bb by  Malin Lilja, \u00ab1, 2, 3.. bottoms!\u00bb, \u00ab3, 2, 1\u2026 bottoms at the sun!\u00bb and \u00abA dark forest, a trail, bottoms without fear\u00bb, three titles by Annika Leone\t\t\t\t\t\t\t\t<\/div>\n\t\t\t\t<\/div>\n\t\t\t\t<div class=\"elementor-element elementor-element-84e4bde elementor-widget elementor-widget-heading\" data-id=\"84e4bde\" data-element_type=\"widget\" data-e-type=\"widget\" data-widget_type=\"heading.default\">\n\t\t\t\t<div class=\"elementor-widget-container\">\n\t\t\t\t\t<h2 class=\"elementor-heading-title elementor-size-default\">Titles<\/h2>\t\t\t\t<\/div>\n\t\t\t\t<\/div>\n\t\t\t\t<div class=\"elementor-element elementor-element-8eedd5f uael-woo--align-left uael-sale-flash-circle uael-featured-flash-circle elementor-widget elementor-widget-uael-woo-products\" data-id=\"8eedd5f\" data-element_type=\"widget\" data-e-type=\"widget\" data-settings=\"{&quot;products_columns&quot;:&quot;5&quot;,&quot;products_columns_tablet&quot;:&quot;3&quot;,&quot;products_columns_mobile&quot;:&quot;1&quot;}\" data-widget_type=\"uael-woo-products.grid-default\">\n\t\t\t\t<div class=\"elementor-widget-container\">\n\t\t\t\t\t<div class=\"uael-woocommerce uael-woo-products-grid uael-woo-skin-grid-default uael-woo-query-manual\" data-page=\"1037\" data-skin=\"grid_default\"><div class=\"columns-5 uael-woo-products-inner uael-woo-product__column-5 uael-woo-product__column-tablet-3 uael-woo-product__column-mobile-1\"><ul class=\"products columns-5\">\n\n\n<li class=\"castellano conocer el mundo para que te lean y para empezar a leer post-443 product first instock shipping-taxable product-type-external\">\n\t<div class=\"uael-woo-product-wrapper uael-prod-auto-align-disabled\">\n\t\t<div class=\"uael-woo-products-thumbnail-wrap\"><div class=\"uael-flash-container\"><\/div><a href=\"https:\/\/gatosueco.es\/en\/catalogo\/un-bosque-oscuro-un-sendero-culossin-miedo\/\" class=\"woocommerce-LoopProduct-link woocommerce-loop-product__link\"><img fetchpriority=\"high\" decoding=\"async\" width=\"300\" height=\"372\" src=\"https:\/\/gatosueco.es\/wp-content\/uploads\/2023\/05\/Un-bosque-oscuro-un-sendero.-\u00a1culos-sin-miedo-300x372.jpg\" class=\"attachment-woocommerce_thumbnail size-woocommerce_thumbnail\" alt=\"A dark forest, a trail... bottoms without fear!\" \/><\/a><\/div><div class=\"uael-woo-products-summary-wrap uael-auto-align-disabled\">\t\t\t<span class=\"uael-woo-product-category\">\n\t\t\t\tSpanish\t\t\t<\/span> \n\t\t\t<a href=\"https:\/\/gatosueco.es\/en\/catalogo\/un-bosque-oscuro-un-sendero-culossin-miedo\/\" class=\"uael-loop-product__link\"><h2 class=\"woocommerce-loop-product__title\">A dark forest, a trail... bottoms without fear!<\/h2><\/a>\n\t<span class=\"price\"><span class=\"woocommerce-Price-amount amount\"><bdi>16.00<span class=\"woocommerce-Price-currencySymbol\">\u20ac<\/span><\/bdi><\/span><\/span>\n<\/div>\t<\/div>\n<\/li>\n\n\n<li class=\"castellano para que te lean y para empezar a leer post-440 product  instock shipping-taxable product-type-external\">\n\t<div class=\"uael-woo-product-wrapper uael-prod-auto-align-disabled\">\n\t\t<div class=\"uael-woo-products-thumbnail-wrap\"><div class=\"uael-flash-container\"><\/div><a href=\"https:\/\/gatosueco.es\/en\/catalogo\/3-2-1-culos-al-sol\/\" class=\"woocommerce-LoopProduct-link woocommerce-loop-product__link\"><img decoding=\"async\" width=\"300\" height=\"391\" src=\"https:\/\/gatosueco.es\/wp-content\/uploads\/2023\/05\/3-2-1\u00a1culos-al-sol-300x391.jpg\" class=\"attachment-woocommerce_thumbnail size-woocommerce_thumbnail\" alt=\"3, 2, 1... Bottoms at the sun!\" \/><\/a><\/div><div class=\"uael-woo-products-summary-wrap uael-auto-align-disabled\">\t\t\t<span class=\"uael-woo-product-category\">\n\t\t\t\tSpanish\t\t\t<\/span> \n\t\t\t<a href=\"https:\/\/gatosueco.es\/en\/catalogo\/3-2-1-culos-al-sol\/\" class=\"uael-loop-product__link\"><h2 class=\"woocommerce-loop-product__title\">3, 2, 1... Bottoms at the sun!<\/h2><\/a>\n\t<span class=\"price\"><span class=\"woocommerce-Price-amount amount\"><bdi>15.00<span class=\"woocommerce-Price-currencySymbol\">\u20ac<\/span><\/bdi><\/span><\/span>\n<\/div>\t<\/div>\n<\/li>\n\n\n<li class=\"castellano conocer el mundo para que te lean y para empezar a leer post-437 product  instock shipping-taxable product-type-external\">\n\t<div class=\"uael-woo-product-wrapper uael-prod-auto-align-disabled\">\n\t\t<div class=\"uael-woo-products-thumbnail-wrap\"><div class=\"uael-flash-container\"><\/div><a href=\"https:\/\/gatosueco.es\/en\/catalogo\/123-culos\/\" class=\"woocommerce-LoopProduct-link woocommerce-loop-product__link\"><img loading=\"lazy\" decoding=\"async\" width=\"300\" height=\"381\" src=\"https:\/\/gatosueco.es\/wp-content\/uploads\/2023\/05\/1-2-3culos-300x381.jpg\" class=\"attachment-woocommerce_thumbnail size-woocommerce_thumbnail\" alt=\"1,2,3... bottoms!\" \/><\/a><\/div><div class=\"uael-woo-products-summary-wrap uael-auto-align-disabled\">\t\t\t<span class=\"uael-woo-product-category\">\n\t\t\t\tSpanish\t\t\t<\/span> \n\t\t\t<a href=\"https:\/\/gatosueco.es\/en\/catalogo\/123-culos\/\" class=\"uael-loop-product__link\"><h2 class=\"woocommerce-loop-product__title\">1,2,3... bottoms!<\/h2><\/a>\n\t<span class=\"price\"><span class=\"woocommerce-Price-amount amount\"><bdi>15.00<span class=\"woocommerce-Price-currencySymbol\">\u20ac<\/span><\/bdi><\/span><\/span>\n<\/div>\t<\/div>\n<\/li>\n<\/ul>\n<\/div><\/div>\t\t\t\t<\/div>\n\t\t\t\t<\/div>\n\t\t\t\t\t<\/div>\n\t\t<\/div>\n\t\t\t\t\t<\/div>\n\t\t<\/section>\n\t\t\t\t<\/div>","protected":false},"excerpt":{"rendered":"<p>Tora Alhstr\u00f6m Biograf\u00eda Estudi\u00f3 periodismo y comunicaci\u00f3n en la Universidad de Linneaus, en V\u00e4kj\u00f6, Suecia. Tambi\u00e9n sigui\u00f3 varios cursos de escritura creativa en Svedala, Suecia y estudi\u00f3 el grado de Biblioteconom\u00eda y documentaci\u00f3n en la misma Universidad de Linneaus. En 2015 fue cofundadora de la editorial Gato Sueco. Ha colaborado activamente con la Embajada de [&hellip;]<\/p>\n","protected":false},"author":1,"featured_media":0,"parent":922,"menu_order":0,"comment_status":"closed","ping_status":"closed","template":"","meta":{"site-sidebar-layout":"no-sidebar","site-content-layout":"page-builder","ast-site-content-layout":"full-width-container","site-content-style":"default","site-sidebar-style":"default","ast-global-header-display":"","ast-banner-title-visibility":"","ast-main-header-display":"","ast-hfb-above-header-display":"","ast-hfb-below-header-display":"","ast-hfb-mobile-header-display":"","site-post-title":"disabled","ast-breadcrumbs-content":"","ast-featured-img":"disabled","footer-sml-layout":"","ast-disable-related-posts":"","theme-transparent-header-meta":"","adv-header-id-meta":"","stick-header-meta":"","header-above-stick-meta":"","header-main-stick-meta":"","header-below-stick-meta":"","astra-migrate-meta-layouts":"set","ast-page-background-enabled":"default","ast-page-background-meta":{"desktop":{"background-color":"var(--ast-global-color-4)","background-image":"","background-repeat":"repeat","background-position":"center center","background-size":"auto","background-attachment":"scroll","background-type":"","background-media":"","overlay-type":"","overlay-color":"","overlay-opacity":"","overlay-gradient":""},"tablet":{"background-color":"","background-image":"","background-repeat":"repeat","background-position":"center center","background-size":"auto","background-attachment":"scroll","background-type":"","background-media":"","overlay-type":"","overlay-color":"","overlay-opacity":"","overlay-gradient":""},"mobile":{"background-color":"","background-image":"","background-repeat":"repeat","background-position":"center center","background-size":"auto","background-attachment":"scroll","background-type":"","background-media":"","overlay-type":"","overlay-color":"","overlay-opacity":"","overlay-gradient":""}},"ast-content-background-meta":{"desktop":{"background-color":"var(--ast-global-color-5)","background-image":"","background-repeat":"repeat","background-position":"center center","background-size":"auto","background-attachment":"scroll","background-type":"","background-media":"","overlay-type":"","overlay-color":"","overlay-opacity":"","overlay-gradient":""},"tablet":{"background-color":"var(--ast-global-color-5)","background-image":"","background-repeat":"repeat","background-position":"center center","background-size":"auto","background-attachment":"scroll","background-type":"","background-media":"","overlay-type":"","overlay-color":"","overlay-opacity":"","overlay-gradient":""},"mobile":{"background-color":"var(--ast-global-color-5)","background-image":"","background-repeat":"repeat","background-position":"center center","background-size":"auto","background-attachment":"scroll","background-type":"","background-media":"","overlay-type":"","overlay-color":"","overlay-opacity":"","overlay-gradient":""}},"footnotes":""},"class_list":["post-1037","page","type-page","status-publish","hentry","desktop-align-left","tablet-align-left","mobile-align-left","ast-product-gallery-layout-horizontal-slider","ast-product-gallery-with-no-image","ast-magnify-disabled","ast-product-tabs-layout-accordion"],"yoast_head":"<!-- This site is optimized with the Yoast SEO plugin v27.3 - https:\/\/yoast.com\/product\/yoast-seo-wordpress\/ -->\n<title>TORA ALHSTR\u00d6M - Gato Sueco - Editorial<\/title>\n<meta name=\"robots\" content=\"index, follow, max-snippet:-1, max-image-preview:large, max-video-preview:-1\" \/>\n<link rel=\"canonical\" href=\"https:\/\/gatosueco.es\/en\/traduccion\/tora-alhstrom\/\" \/>\n<meta property=\"og:locale\" content=\"en_GB\" \/>\n<meta property=\"og:type\" content=\"article\" \/>\n<meta property=\"og:title\" content=\"TORA ALHSTR\u00d6M - Gato Sueco - Editorial\" \/>\n<meta property=\"og:description\" content=\"Tora Alhstr\u00f6m Biograf\u00eda Estudi\u00f3 periodismo y comunicaci\u00f3n en la Universidad de Linneaus, en V\u00e4kj\u00f6, Suecia. Tambi\u00e9n sigui\u00f3 varios cursos de escritura creativa en Svedala, Suecia y estudi\u00f3 el grado de Biblioteconom\u00eda y documentaci\u00f3n en la misma Universidad de Linneaus. En 2015 fue cofundadora de la editorial Gato Sueco. Ha colaborado activamente con la Embajada de [&hellip;]\" \/>\n<meta property=\"og:url\" content=\"https:\/\/gatosueco.es\/en\/traduccion\/tora-alhstrom\/\" \/>\n<meta property=\"og:site_name\" content=\"Gato Sueco - Editorial\" \/>\n<meta property=\"article:modified_time\" content=\"2024-09-24T12:11:45+00:00\" \/>\n<meta property=\"og:image\" content=\"https:\/\/gatosueco.com\/wp-content\/uploads\/2023\/10\/Tora.png\" \/>\n<meta name=\"twitter:card\" content=\"summary_large_image\" \/>\n<meta name=\"twitter:label1\" content=\"Estimated reading time\" \/>\n\t<meta name=\"twitter:data1\" content=\"2 minutes\" \/>\n<script type=\"application\/ld+json\" class=\"yoast-schema-graph\">{\"@context\":\"https:\\\/\\\/schema.org\",\"@graph\":[{\"@type\":\"WebPage\",\"@id\":\"https:\\\/\\\/gatosueco.es\\\/traduccion\\\/tora-alhstrom\\\/\",\"url\":\"https:\\\/\\\/gatosueco.es\\\/traduccion\\\/tora-alhstrom\\\/\",\"name\":\"TORA ALHSTR\u00d6M - Gato Sueco - Editorial\",\"isPartOf\":{\"@id\":\"https:\\\/\\\/gatosueco.es\\\/#website\"},\"primaryImageOfPage\":{\"@id\":\"https:\\\/\\\/gatosueco.es\\\/traduccion\\\/tora-alhstrom\\\/#primaryimage\"},\"image\":{\"@id\":\"https:\\\/\\\/gatosueco.es\\\/traduccion\\\/tora-alhstrom\\\/#primaryimage\"},\"thumbnailUrl\":\"https:\\\/\\\/gatosueco.com\\\/wp-content\\\/uploads\\\/2023\\\/10\\\/Tora.png\",\"datePublished\":\"2023-10-09T11:00:05+00:00\",\"dateModified\":\"2024-09-24T12:11:45+00:00\",\"breadcrumb\":{\"@id\":\"https:\\\/\\\/gatosueco.es\\\/traduccion\\\/tora-alhstrom\\\/#breadcrumb\"},\"inLanguage\":\"en-GB\",\"potentialAction\":[{\"@type\":\"ReadAction\",\"target\":[\"https:\\\/\\\/gatosueco.es\\\/traduccion\\\/tora-alhstrom\\\/\"]}]},{\"@type\":\"ImageObject\",\"inLanguage\":\"en-GB\",\"@id\":\"https:\\\/\\\/gatosueco.es\\\/traduccion\\\/tora-alhstrom\\\/#primaryimage\",\"url\":\"https:\\\/\\\/gatosueco.com\\\/wp-content\\\/uploads\\\/2023\\\/10\\\/Tora.png\",\"contentUrl\":\"https:\\\/\\\/gatosueco.com\\\/wp-content\\\/uploads\\\/2023\\\/10\\\/Tora.png\"},{\"@type\":\"BreadcrumbList\",\"@id\":\"https:\\\/\\\/gatosueco.es\\\/traduccion\\\/tora-alhstrom\\\/#breadcrumb\",\"itemListElement\":[{\"@type\":\"ListItem\",\"position\":1,\"name\":\"Portada\",\"item\":\"https:\\\/\\\/gatosueco.es\\\/\"},{\"@type\":\"ListItem\",\"position\":2,\"name\":\"Traducci\u00f3n\",\"item\":\"https:\\\/\\\/gatosueco.es\\\/traduccion\\\/\"},{\"@type\":\"ListItem\",\"position\":3,\"name\":\"TORA ALHSTR\u00d6M\"}]},{\"@type\":\"WebSite\",\"@id\":\"https:\\\/\\\/gatosueco.es\\\/#website\",\"url\":\"https:\\\/\\\/gatosueco.es\\\/\",\"name\":\"Gato Sueco - Editorial\",\"description\":\"\",\"publisher\":{\"@id\":\"https:\\\/\\\/gatosueco.es\\\/#organization\"},\"potentialAction\":[{\"@type\":\"SearchAction\",\"target\":{\"@type\":\"EntryPoint\",\"urlTemplate\":\"https:\\\/\\\/gatosueco.es\\\/?s={search_term_string}\"},\"query-input\":{\"@type\":\"PropertyValueSpecification\",\"valueRequired\":true,\"valueName\":\"search_term_string\"}}],\"inLanguage\":\"en-GB\"},{\"@type\":\"Organization\",\"@id\":\"https:\\\/\\\/gatosueco.es\\\/#organization\",\"name\":\"Gato Sueco - Editorial\",\"url\":\"https:\\\/\\\/gatosueco.es\\\/\",\"logo\":{\"@type\":\"ImageObject\",\"inLanguage\":\"en-GB\",\"@id\":\"https:\\\/\\\/gatosueco.es\\\/#\\\/schema\\\/logo\\\/image\\\/\",\"url\":\"https:\\\/\\\/gatosueco.es\\\/wp-content\\\/uploads\\\/2023\\\/04\\\/logo_original.svg\",\"contentUrl\":\"https:\\\/\\\/gatosueco.es\\\/wp-content\\\/uploads\\\/2023\\\/04\\\/logo_original.svg\",\"width\":214,\"height\":92,\"caption\":\"Gato Sueco - Editorial\"},\"image\":{\"@id\":\"https:\\\/\\\/gatosueco.es\\\/#\\\/schema\\\/logo\\\/image\\\/\"}}]}<\/script>\n<!-- \/ Yoast SEO plugin. -->","yoast_head_json":{"title":"TORA ALHSTR\u00d6M - Gato Sueco - Editorial","robots":{"index":"index","follow":"follow","max-snippet":"max-snippet:-1","max-image-preview":"max-image-preview:large","max-video-preview":"max-video-preview:-1"},"canonical":"https:\/\/gatosueco.es\/en\/traduccion\/tora-alhstrom\/","og_locale":"en_GB","og_type":"article","og_title":"TORA ALHSTR\u00d6M - Gato Sueco - Editorial","og_description":"Tora Alhstr\u00f6m Biograf\u00eda Estudi\u00f3 periodismo y comunicaci\u00f3n en la Universidad de Linneaus, en V\u00e4kj\u00f6, Suecia. Tambi\u00e9n sigui\u00f3 varios cursos de escritura creativa en Svedala, Suecia y estudi\u00f3 el grado de Biblioteconom\u00eda y documentaci\u00f3n en la misma Universidad de Linneaus. En 2015 fue cofundadora de la editorial Gato Sueco. Ha colaborado activamente con la Embajada de [&hellip;]","og_url":"https:\/\/gatosueco.es\/en\/traduccion\/tora-alhstrom\/","og_site_name":"Gato Sueco - Editorial","article_modified_time":"2024-09-24T12:11:45+00:00","og_image":[{"url":"https:\/\/gatosueco.com\/wp-content\/uploads\/2023\/10\/Tora.png","type":"","width":"","height":""}],"twitter_card":"summary_large_image","twitter_misc":{"Estimated reading time":"2 minutes"},"schema":{"@context":"https:\/\/schema.org","@graph":[{"@type":"WebPage","@id":"https:\/\/gatosueco.es\/traduccion\/tora-alhstrom\/","url":"https:\/\/gatosueco.es\/traduccion\/tora-alhstrom\/","name":"TORA ALHSTR\u00d6M - Gato Sueco - Editorial","isPartOf":{"@id":"https:\/\/gatosueco.es\/#website"},"primaryImageOfPage":{"@id":"https:\/\/gatosueco.es\/traduccion\/tora-alhstrom\/#primaryimage"},"image":{"@id":"https:\/\/gatosueco.es\/traduccion\/tora-alhstrom\/#primaryimage"},"thumbnailUrl":"https:\/\/gatosueco.com\/wp-content\/uploads\/2023\/10\/Tora.png","datePublished":"2023-10-09T11:00:05+00:00","dateModified":"2024-09-24T12:11:45+00:00","breadcrumb":{"@id":"https:\/\/gatosueco.es\/traduccion\/tora-alhstrom\/#breadcrumb"},"inLanguage":"en-GB","potentialAction":[{"@type":"ReadAction","target":["https:\/\/gatosueco.es\/traduccion\/tora-alhstrom\/"]}]},{"@type":"ImageObject","inLanguage":"en-GB","@id":"https:\/\/gatosueco.es\/traduccion\/tora-alhstrom\/#primaryimage","url":"https:\/\/gatosueco.com\/wp-content\/uploads\/2023\/10\/Tora.png","contentUrl":"https:\/\/gatosueco.com\/wp-content\/uploads\/2023\/10\/Tora.png"},{"@type":"BreadcrumbList","@id":"https:\/\/gatosueco.es\/traduccion\/tora-alhstrom\/#breadcrumb","itemListElement":[{"@type":"ListItem","position":1,"name":"Portada","item":"https:\/\/gatosueco.es\/"},{"@type":"ListItem","position":2,"name":"Traducci\u00f3n","item":"https:\/\/gatosueco.es\/traduccion\/"},{"@type":"ListItem","position":3,"name":"TORA ALHSTR\u00d6M"}]},{"@type":"WebSite","@id":"https:\/\/gatosueco.es\/#website","url":"https:\/\/gatosueco.es\/","name":"Cat Swedish - Editorial","description":"","publisher":{"@id":"https:\/\/gatosueco.es\/#organization"},"potentialAction":[{"@type":"SearchAction","target":{"@type":"EntryPoint","urlTemplate":"https:\/\/gatosueco.es\/?s={search_term_string}"},"query-input":{"@type":"PropertyValueSpecification","valueRequired":true,"valueName":"search_term_string"}}],"inLanguage":"en-GB"},{"@type":"Organization","@id":"https:\/\/gatosueco.es\/#organization","name":"Cat Swedish - Editorial","url":"https:\/\/gatosueco.es\/","logo":{"@type":"ImageObject","inLanguage":"en-GB","@id":"https:\/\/gatosueco.es\/#\/schema\/logo\/image\/","url":"https:\/\/gatosueco.es\/wp-content\/uploads\/2023\/04\/logo_original.svg","contentUrl":"https:\/\/gatosueco.es\/wp-content\/uploads\/2023\/04\/logo_original.svg","width":214,"height":92,"caption":"Gato Sueco - Editorial"},"image":{"@id":"https:\/\/gatosueco.es\/#\/schema\/logo\/image\/"}}]}},"_links":{"self":[{"href":"https:\/\/gatosueco.es\/en\/wp-json\/wp\/v2\/pages\/1037","targetHints":{"allow":["GET"]}}],"collection":[{"href":"https:\/\/gatosueco.es\/en\/wp-json\/wp\/v2\/pages"}],"about":[{"href":"https:\/\/gatosueco.es\/en\/wp-json\/wp\/v2\/types\/page"}],"author":[{"embeddable":true,"href":"https:\/\/gatosueco.es\/en\/wp-json\/wp\/v2\/users\/1"}],"replies":[{"embeddable":true,"href":"https:\/\/gatosueco.es\/en\/wp-json\/wp\/v2\/comments?post=1037"}],"version-history":[{"count":19,"href":"https:\/\/gatosueco.es\/en\/wp-json\/wp\/v2\/pages\/1037\/revisions"}],"predecessor-version":[{"id":1640,"href":"https:\/\/gatosueco.es\/en\/wp-json\/wp\/v2\/pages\/1037\/revisions\/1640"}],"up":[{"embeddable":true,"href":"https:\/\/gatosueco.es\/en\/wp-json\/wp\/v2\/pages\/922"}],"wp:attachment":[{"href":"https:\/\/gatosueco.es\/en\/wp-json\/wp\/v2\/media?parent=1037"}],"curies":[{"name":"wp","href":"https:\/\/api.w.org\/{rel}","templated":true}]}}