{"id":1052,"date":"2023-10-09T11:21:10","date_gmt":"2023-10-09T11:21:10","guid":{"rendered":"https:\/\/40612289.servicio-online.net\/gatosueco\/?page_id=1052"},"modified":"2025-10-01T10:30:39","modified_gmt":"2025-10-01T10:30:39","slug":"blanca-ortiz-ostale","status":"publish","type":"page","link":"https:\/\/gatosueco.es\/en\/traduccion\/blanca-ortiz-ostale\/","title":{"rendered":"BLANCA ORT\u00cdZ OSTAL\u00c9"},"content":{"rendered":"<div data-elementor-type=\"wp-page\" data-elementor-id=\"1052\" class=\"elementor elementor-1052\" data-elementor-post-type=\"page\">\n\t\t\t\t\t\t<section class=\"elementor-section elementor-top-section elementor-element elementor-element-160f8507 elementor-section-content-middle elementor-section-boxed elementor-section-height-default elementor-section-height-default\" data-id=\"160f8507\" data-element_type=\"section\" data-e-type=\"section\" data-settings=\"{&quot;background_background&quot;:&quot;classic&quot;}\">\n\t\t\t\t\t\t<div class=\"elementor-container elementor-column-gap-default\">\n\t\t\t\t\t<div class=\"elementor-column elementor-col-50 elementor-top-column elementor-element elementor-element-5fd6fd0\" data-id=\"5fd6fd0\" data-element_type=\"column\" data-e-type=\"column\">\n\t\t\t<div class=\"elementor-widget-wrap elementor-element-populated\">\n\t\t\t\t\t\t<div class=\"elementor-element elementor-element-b1e5804 elementor-widget elementor-widget-image\" data-id=\"b1e5804\" data-element_type=\"widget\" data-e-type=\"widget\" data-widget_type=\"image.default\">\n\t\t\t\t<div class=\"elementor-widget-container\">\n\t\t\t\t\t\t\t\t\t\t\t\t\t\t\t<img decoding=\"async\" width=\"182\" height=\"182\" src=\"https:\/\/gatosueco.es\/wp-content\/uploads\/2023\/10\/blanca.png\" class=\"attachment-large size-large wp-image-1013\" alt=\"\" srcset=\"https:\/\/gatosueco.es\/wp-content\/uploads\/2023\/10\/blanca.png 182w, https:\/\/gatosueco.es\/wp-content\/uploads\/2023\/10\/blanca-150x150.png 150w, https:\/\/gatosueco.es\/wp-content\/uploads\/2023\/10\/blanca-100x100.png 100w\" sizes=\"(max-width: 182px) 100vw, 182px\" \/>\t\t\t\t\t\t\t\t\t\t\t\t\t\t\t<\/div>\n\t\t\t\t<\/div>\n\t\t\t\t\t<\/div>\n\t\t<\/div>\n\t\t\t\t<div class=\"elementor-column elementor-col-50 elementor-top-column elementor-element elementor-element-55af673d\" data-id=\"55af673d\" data-element_type=\"column\" data-e-type=\"column\">\n\t\t\t<div class=\"elementor-widget-wrap elementor-element-populated\">\n\t\t\t\t\t\t<div class=\"elementor-element elementor-element-78674e4e elementor-widget elementor-widget-heading\" data-id=\"78674e4e\" data-element_type=\"widget\" data-e-type=\"widget\" data-widget_type=\"heading.default\">\n\t\t\t\t<div class=\"elementor-widget-container\">\n\t\t\t\t\t<h1 class=\"elementor-heading-title elementor-size-default\">Blanca Ortiz Ostal\u00e9<\/h1>\t\t\t\t<\/div>\n\t\t\t\t<\/div>\n\t\t\t\t\t<\/div>\n\t\t<\/div>\n\t\t\t\t\t<\/div>\n\t\t<\/section>\n\t\t\t\t<section class=\"elementor-section elementor-top-section elementor-element elementor-element-c642c7f elementor-section-boxed elementor-section-height-default elementor-section-height-default\" data-id=\"c642c7f\" data-element_type=\"section\" data-e-type=\"section\">\n\t\t\t\t\t\t<div class=\"elementor-container elementor-column-gap-default\">\n\t\t\t\t\t<div class=\"elementor-column elementor-col-100 elementor-top-column elementor-element elementor-element-c3bb7e5\" data-id=\"c3bb7e5\" data-element_type=\"column\" data-e-type=\"column\">\n\t\t\t<div class=\"elementor-widget-wrap elementor-element-populated\">\n\t\t\t\t\t\t<div class=\"elementor-element elementor-element-273fc9b elementor-widget elementor-widget-heading\" data-id=\"273fc9b\" data-element_type=\"widget\" data-e-type=\"widget\" data-widget_type=\"heading.default\">\n\t\t\t\t<div class=\"elementor-widget-container\">\n\t\t\t\t\t<h2 class=\"elementor-heading-title elementor-size-default\">Biography<\/h2>\t\t\t\t<\/div>\n\t\t\t\t<\/div>\n\t\t\t\t<div class=\"elementor-element elementor-element-e58704e elementor-widget elementor-widget-text-editor\" data-id=\"e58704e\" data-element_type=\"widget\" data-e-type=\"widget\" data-widget_type=\"text-editor.default\">\n\t\t\t\t<div class=\"elementor-widget-container\">\n\t\t\t\t\t\t\t\t\tShe was born in Guadalajara, Spain in 1969, She studied Geography and History at the Complutense University and also Translation at the same university and Copenhaguen University. From 25 years she teaches danish at the Oficial School of languages in Madrid. She has translated more than fifty titles to spanish, like Andersen tales or  \u00abNina\u00bb by Sabine Lemire and Rasmus Brengh\u00f8\t\t\t\t\t\t\t\t<\/div>\n\t\t\t\t<\/div>\n\t\t\t\t<div class=\"elementor-element elementor-element-84e4bde elementor-widget elementor-widget-heading\" data-id=\"84e4bde\" data-element_type=\"widget\" data-e-type=\"widget\" data-widget_type=\"heading.default\">\n\t\t\t\t<div class=\"elementor-widget-container\">\n\t\t\t\t\t<h2 class=\"elementor-heading-title elementor-size-default\">Titles<\/h2>\t\t\t\t<\/div>\n\t\t\t\t<\/div>\n\t\t\t\t<div class=\"elementor-element elementor-element-8eedd5f uael-woo--align-left uael-sale-flash-circle uael-featured-flash-circle elementor-widget elementor-widget-uael-woo-products\" data-id=\"8eedd5f\" data-element_type=\"widget\" data-e-type=\"widget\" data-settings=\"{&quot;products_columns&quot;:&quot;3&quot;,&quot;products_columns_tablet&quot;:&quot;3&quot;,&quot;products_columns_mobile&quot;:&quot;1&quot;}\" data-widget_type=\"uael-woo-products.grid-default\">\n\t\t\t\t<div class=\"elementor-widget-container\">\n\t\t\t\t\t<div class=\"uael-woocommerce uael-woo-products-grid uael-woo-skin-grid-default uael-woo-query-manual\" data-page=\"1052\" data-skin=\"grid_default\"><div class=\"columns-3 uael-woo-products-inner uael-woo-product__column-3 uael-woo-product__column-tablet-3 uael-woo-product__column-mobile-1\"><ul class=\"products columns-3\">\n\n\n<li class=\"\u00a1ya lees! pero ahora tienes nuevas preguntas castellano post-2088 product first instock shipping-taxable product-type-external\">\n\t<div class=\"uael-woo-product-wrapper uael-prod-auto-align-disabled\">\n\t\t<div class=\"uael-woo-products-thumbnail-wrap\"><div class=\"uael-flash-container\"><\/div><a href=\"https:\/\/gatosueco.es\/en\/catalogo\/vitelo-y-su-mundo\/\" class=\"woocommerce-LoopProduct-link woocommerce-loop-product__link\"><img fetchpriority=\"high\" decoding=\"async\" width=\"300\" height=\"391\" src=\"https:\/\/gatosueco.es\/wp-content\/uploads\/2025\/06\/cubierta-Vitelo-300x391.png\" class=\"attachment-woocommerce_thumbnail size-woocommerce_thumbnail\" alt=\"Vitelo y su mundo\" \/><\/a><\/div><div class=\"uael-woo-products-summary-wrap uael-auto-align-disabled\">\t\t\t<span class=\"uael-woo-product-category\">\n\t\t\t\tI can read and I have so many questions!\t\t\t<\/span> \n\t\t\t<a href=\"https:\/\/gatosueco.es\/en\/catalogo\/vitelo-y-su-mundo\/\" class=\"uael-loop-product__link\"><h2 class=\"woocommerce-loop-product__title\">Vitelo y su mundo<\/h2><\/a>\n\t<span class=\"price\"><span class=\"woocommerce-Price-amount amount\"><bdi>17.25<span class=\"woocommerce-Price-currencySymbol\">\u20ac<\/span><\/bdi><\/span><\/span>\n<\/div>\t<\/div>\n<\/li>\n\n\n<li class=\"castellano lecturas para m\u00e1s grandes post-1859 product  instock shipping-taxable product-type-external\">\n\t<div class=\"uael-woo-product-wrapper uael-prod-auto-align-disabled\">\n\t\t<div class=\"uael-woo-products-thumbnail-wrap\"><div class=\"uael-flash-container\"><\/div><a href=\"https:\/\/gatosueco.es\/en\/catalogo\/nina-2\/\" class=\"woocommerce-LoopProduct-link woocommerce-loop-product__link\"><img decoding=\"async\" width=\"300\" height=\"417\" src=\"https:\/\/gatosueco.es\/wp-content\/uploads\/2024\/10\/Nina-2-300x417.jpg\" class=\"attachment-woocommerce_thumbnail size-woocommerce_thumbnail\" alt=\"Nina 2\" \/><\/a><\/div><div class=\"uael-woo-products-summary-wrap uael-auto-align-disabled\">\t\t\t<span class=\"uael-woo-product-category\">\n\t\t\t\tSpanish\t\t\t<\/span> \n\t\t\t<a href=\"https:\/\/gatosueco.es\/en\/catalogo\/nina-2\/\" class=\"uael-loop-product__link\"><h2 class=\"woocommerce-loop-product__title\">Nina 2<\/h2><\/a>\n\t<span class=\"price\"><span class=\"woocommerce-Price-amount amount\"><bdi>17.25<span class=\"woocommerce-Price-currencySymbol\">\u20ac<\/span><\/bdi><\/span><\/span>\n<\/div>\t<\/div>\n<\/li>\n\n\n<li class=\"castellano lecturas para m\u00e1s grandes post-454 product last instock shipping-taxable product-type-external\">\n\t<div class=\"uael-woo-product-wrapper uael-prod-auto-align-disabled\">\n\t\t<div class=\"uael-woo-products-thumbnail-wrap\"><div class=\"uael-flash-container\"><\/div><a href=\"https:\/\/gatosueco.es\/en\/catalogo\/nina-1\/\" class=\"woocommerce-LoopProduct-link woocommerce-loop-product__link\"><img loading=\"lazy\" decoding=\"async\" width=\"300\" height=\"411\" src=\"https:\/\/gatosueco.es\/wp-content\/uploads\/2023\/05\/Nina-cubierta-300x411.jpg\" class=\"attachment-woocommerce_thumbnail size-woocommerce_thumbnail\" alt=\"Nina 1\" \/><\/a><\/div><div class=\"uael-woo-products-summary-wrap uael-auto-align-disabled\">\t\t\t<span class=\"uael-woo-product-category\">\n\t\t\t\tSpanish\t\t\t<\/span> \n\t\t\t<a href=\"https:\/\/gatosueco.es\/en\/catalogo\/nina-1\/\" class=\"uael-loop-product__link\"><h2 class=\"woocommerce-loop-product__title\">Nina 1<\/h2><\/a>\n\t<span class=\"price\"><span class=\"woocommerce-Price-amount amount\"><bdi>17.25<span class=\"woocommerce-Price-currencySymbol\">\u20ac<\/span><\/bdi><\/span><\/span>\n<\/div>\t<\/div>\n<\/li>\n<\/ul>\n<\/div><\/div>\t\t\t\t<\/div>\n\t\t\t\t<\/div>\n\t\t\t\t\t<\/div>\n\t\t<\/div>\n\t\t\t\t\t<\/div>\n\t\t<\/section>\n\t\t\t\t<\/div>","protected":false},"excerpt":{"rendered":"<p>Blanca Ort\u00edz Ostal\u00e9 Biograf\u00eda Naci\u00f3 en Guadalajara (Espa\u00f1a) en 1969. Estudi\u00f3 Geograf\u00eda e Historia y Traducci\u00f3n en la Universidad Complutense de Madrid y en la Universidad de Copenhague. Ense\u00f1a dan\u00e9s desde hace ya m\u00e1s de 25 a\u00f1os en la Escuela Oficial de Idiomas de Madrid y ha traducido de m\u00e1s de medio centenar de libros [&hellip;]<\/p>\n","protected":false},"author":1,"featured_media":0,"parent":922,"menu_order":0,"comment_status":"closed","ping_status":"closed","template":"","meta":{"site-sidebar-layout":"no-sidebar","site-content-layout":"page-builder","ast-site-content-layout":"full-width-container","site-content-style":"default","site-sidebar-style":"default","ast-global-header-display":"","ast-banner-title-visibility":"","ast-main-header-display":"","ast-hfb-above-header-display":"","ast-hfb-below-header-display":"","ast-hfb-mobile-header-display":"","site-post-title":"disabled","ast-breadcrumbs-content":"","ast-featured-img":"disabled","footer-sml-layout":"","ast-disable-related-posts":"","theme-transparent-header-meta":"","adv-header-id-meta":"","stick-header-meta":"","header-above-stick-meta":"","header-main-stick-meta":"","header-below-stick-meta":"","astra-migrate-meta-layouts":"set","ast-page-background-enabled":"default","ast-page-background-meta":{"desktop":{"background-color":"var(--ast-global-color-4)","background-image":"","background-repeat":"repeat","background-position":"center center","background-size":"auto","background-attachment":"scroll","background-type":"","background-media":"","overlay-type":"","overlay-color":"","overlay-opacity":"","overlay-gradient":""},"tablet":{"background-color":"","background-image":"","background-repeat":"repeat","background-position":"center center","background-size":"auto","background-attachment":"scroll","background-type":"","background-media":"","overlay-type":"","overlay-color":"","overlay-opacity":"","overlay-gradient":""},"mobile":{"background-color":"","background-image":"","background-repeat":"repeat","background-position":"center center","background-size":"auto","background-attachment":"scroll","background-type":"","background-media":"","overlay-type":"","overlay-color":"","overlay-opacity":"","overlay-gradient":""}},"ast-content-background-meta":{"desktop":{"background-color":"var(--ast-global-color-5)","background-image":"","background-repeat":"repeat","background-position":"center center","background-size":"auto","background-attachment":"scroll","background-type":"","background-media":"","overlay-type":"","overlay-color":"","overlay-opacity":"","overlay-gradient":""},"tablet":{"background-color":"var(--ast-global-color-5)","background-image":"","background-repeat":"repeat","background-position":"center center","background-size":"auto","background-attachment":"scroll","background-type":"","background-media":"","overlay-type":"","overlay-color":"","overlay-opacity":"","overlay-gradient":""},"mobile":{"background-color":"var(--ast-global-color-5)","background-image":"","background-repeat":"repeat","background-position":"center center","background-size":"auto","background-attachment":"scroll","background-type":"","background-media":"","overlay-type":"","overlay-color":"","overlay-opacity":"","overlay-gradient":""}},"footnotes":""},"class_list":["post-1052","page","type-page","status-publish","hentry","desktop-align-left","tablet-align-left","mobile-align-left","ast-product-gallery-layout-horizontal-slider","ast-magnify-disabled","ast-product-tabs-layout-accordion"],"yoast_head":"<!-- This site is optimized with the Yoast SEO plugin v27.3 - https:\/\/yoast.com\/product\/yoast-seo-wordpress\/ -->\n<title>BLANCA ORT\u00cdZ OSTAL\u00c9 - Gato Sueco - Editorial<\/title>\n<meta name=\"robots\" content=\"index, follow, max-snippet:-1, max-image-preview:large, max-video-preview:-1\" \/>\n<link rel=\"canonical\" href=\"https:\/\/gatosueco.es\/en\/traduccion\/blanca-ortiz-ostale\/\" \/>\n<meta property=\"og:locale\" content=\"en_GB\" \/>\n<meta property=\"og:type\" content=\"article\" \/>\n<meta property=\"og:title\" content=\"BLANCA ORT\u00cdZ OSTAL\u00c9 - Gato Sueco - Editorial\" \/>\n<meta property=\"og:description\" content=\"Blanca Ort\u00edz Ostal\u00e9 Biograf\u00eda Naci\u00f3 en Guadalajara (Espa\u00f1a) en 1969. Estudi\u00f3 Geograf\u00eda e Historia y Traducci\u00f3n en la Universidad Complutense de Madrid y en la Universidad de Copenhague. Ense\u00f1a dan\u00e9s desde hace ya m\u00e1s de 25 a\u00f1os en la Escuela Oficial de Idiomas de Madrid y ha traducido de m\u00e1s de medio centenar de libros [&hellip;]\" \/>\n<meta property=\"og:url\" content=\"https:\/\/gatosueco.es\/en\/traduccion\/blanca-ortiz-ostale\/\" \/>\n<meta property=\"og:site_name\" content=\"Gato Sueco - Editorial\" \/>\n<meta property=\"article:modified_time\" content=\"2025-10-01T10:30:39+00:00\" \/>\n<meta property=\"og:image\" content=\"https:\/\/gatosueco.es\/wp-content\/uploads\/2023\/10\/blanca.png\" \/>\n\t<meta property=\"og:image:width\" content=\"182\" \/>\n\t<meta property=\"og:image:height\" content=\"182\" \/>\n\t<meta property=\"og:image:type\" content=\"image\/png\" \/>\n<meta name=\"twitter:card\" content=\"summary_large_image\" \/>\n<meta name=\"twitter:label1\" content=\"Estimated reading time\" \/>\n\t<meta name=\"twitter:data1\" content=\"2 minutes\" \/>\n<script type=\"application\/ld+json\" class=\"yoast-schema-graph\">{\"@context\":\"https:\\\/\\\/schema.org\",\"@graph\":[{\"@type\":\"WebPage\",\"@id\":\"https:\\\/\\\/gatosueco.es\\\/traduccion\\\/blanca-ortiz-ostale\\\/\",\"url\":\"https:\\\/\\\/gatosueco.es\\\/traduccion\\\/blanca-ortiz-ostale\\\/\",\"name\":\"BLANCA ORT\u00cdZ OSTAL\u00c9 - Gato Sueco - Editorial\",\"isPartOf\":{\"@id\":\"https:\\\/\\\/gatosueco.es\\\/#website\"},\"primaryImageOfPage\":{\"@id\":\"https:\\\/\\\/gatosueco.es\\\/traduccion\\\/blanca-ortiz-ostale\\\/#primaryimage\"},\"image\":{\"@id\":\"https:\\\/\\\/gatosueco.es\\\/traduccion\\\/blanca-ortiz-ostale\\\/#primaryimage\"},\"thumbnailUrl\":\"https:\\\/\\\/gatosueco.es\\\/wp-content\\\/uploads\\\/2023\\\/10\\\/blanca.png\",\"datePublished\":\"2023-10-09T11:21:10+00:00\",\"dateModified\":\"2025-10-01T10:30:39+00:00\",\"breadcrumb\":{\"@id\":\"https:\\\/\\\/gatosueco.es\\\/traduccion\\\/blanca-ortiz-ostale\\\/#breadcrumb\"},\"inLanguage\":\"en-GB\",\"potentialAction\":[{\"@type\":\"ReadAction\",\"target\":[\"https:\\\/\\\/gatosueco.es\\\/traduccion\\\/blanca-ortiz-ostale\\\/\"]}]},{\"@type\":\"ImageObject\",\"inLanguage\":\"en-GB\",\"@id\":\"https:\\\/\\\/gatosueco.es\\\/traduccion\\\/blanca-ortiz-ostale\\\/#primaryimage\",\"url\":\"https:\\\/\\\/gatosueco.es\\\/wp-content\\\/uploads\\\/2023\\\/10\\\/blanca.png\",\"contentUrl\":\"https:\\\/\\\/gatosueco.es\\\/wp-content\\\/uploads\\\/2023\\\/10\\\/blanca.png\"},{\"@type\":\"BreadcrumbList\",\"@id\":\"https:\\\/\\\/gatosueco.es\\\/traduccion\\\/blanca-ortiz-ostale\\\/#breadcrumb\",\"itemListElement\":[{\"@type\":\"ListItem\",\"position\":1,\"name\":\"Portada\",\"item\":\"https:\\\/\\\/gatosueco.es\\\/\"},{\"@type\":\"ListItem\",\"position\":2,\"name\":\"Traducci\u00f3n\",\"item\":\"https:\\\/\\\/gatosueco.es\\\/traduccion\\\/\"},{\"@type\":\"ListItem\",\"position\":3,\"name\":\"BLANCA ORT\u00cdZ OSTAL\u00c9\"}]},{\"@type\":\"WebSite\",\"@id\":\"https:\\\/\\\/gatosueco.es\\\/#website\",\"url\":\"https:\\\/\\\/gatosueco.es\\\/\",\"name\":\"Gato Sueco - Editorial\",\"description\":\"\",\"publisher\":{\"@id\":\"https:\\\/\\\/gatosueco.es\\\/#organization\"},\"potentialAction\":[{\"@type\":\"SearchAction\",\"target\":{\"@type\":\"EntryPoint\",\"urlTemplate\":\"https:\\\/\\\/gatosueco.es\\\/?s={search_term_string}\"},\"query-input\":{\"@type\":\"PropertyValueSpecification\",\"valueRequired\":true,\"valueName\":\"search_term_string\"}}],\"inLanguage\":\"en-GB\"},{\"@type\":\"Organization\",\"@id\":\"https:\\\/\\\/gatosueco.es\\\/#organization\",\"name\":\"Gato Sueco - Editorial\",\"url\":\"https:\\\/\\\/gatosueco.es\\\/\",\"logo\":{\"@type\":\"ImageObject\",\"inLanguage\":\"en-GB\",\"@id\":\"https:\\\/\\\/gatosueco.es\\\/#\\\/schema\\\/logo\\\/image\\\/\",\"url\":\"https:\\\/\\\/gatosueco.es\\\/wp-content\\\/uploads\\\/2023\\\/04\\\/logo_original.svg\",\"contentUrl\":\"https:\\\/\\\/gatosueco.es\\\/wp-content\\\/uploads\\\/2023\\\/04\\\/logo_original.svg\",\"width\":214,\"height\":92,\"caption\":\"Gato Sueco - Editorial\"},\"image\":{\"@id\":\"https:\\\/\\\/gatosueco.es\\\/#\\\/schema\\\/logo\\\/image\\\/\"}}]}<\/script>\n<!-- \/ Yoast SEO plugin. -->","yoast_head_json":{"title":"BLANCA ORT\u00cdZ OSTAL\u00c9 - Gato Sueco - Editorial","robots":{"index":"index","follow":"follow","max-snippet":"max-snippet:-1","max-image-preview":"max-image-preview:large","max-video-preview":"max-video-preview:-1"},"canonical":"https:\/\/gatosueco.es\/en\/traduccion\/blanca-ortiz-ostale\/","og_locale":"en_GB","og_type":"article","og_title":"BLANCA ORT\u00cdZ OSTAL\u00c9 - Gato Sueco - Editorial","og_description":"Blanca Ort\u00edz Ostal\u00e9 Biograf\u00eda Naci\u00f3 en Guadalajara (Espa\u00f1a) en 1969. Estudi\u00f3 Geograf\u00eda e Historia y Traducci\u00f3n en la Universidad Complutense de Madrid y en la Universidad de Copenhague. Ense\u00f1a dan\u00e9s desde hace ya m\u00e1s de 25 a\u00f1os en la Escuela Oficial de Idiomas de Madrid y ha traducido de m\u00e1s de medio centenar de libros [&hellip;]","og_url":"https:\/\/gatosueco.es\/en\/traduccion\/blanca-ortiz-ostale\/","og_site_name":"Gato Sueco - Editorial","article_modified_time":"2025-10-01T10:30:39+00:00","og_image":[{"width":182,"height":182,"url":"https:\/\/gatosueco.es\/wp-content\/uploads\/2023\/10\/blanca.png","type":"image\/png"}],"twitter_card":"summary_large_image","twitter_misc":{"Estimated reading time":"2 minutes"},"schema":{"@context":"https:\/\/schema.org","@graph":[{"@type":"WebPage","@id":"https:\/\/gatosueco.es\/traduccion\/blanca-ortiz-ostale\/","url":"https:\/\/gatosueco.es\/traduccion\/blanca-ortiz-ostale\/","name":"BLANCA ORT\u00cdZ OSTAL\u00c9 - Gato Sueco - Editorial","isPartOf":{"@id":"https:\/\/gatosueco.es\/#website"},"primaryImageOfPage":{"@id":"https:\/\/gatosueco.es\/traduccion\/blanca-ortiz-ostale\/#primaryimage"},"image":{"@id":"https:\/\/gatosueco.es\/traduccion\/blanca-ortiz-ostale\/#primaryimage"},"thumbnailUrl":"https:\/\/gatosueco.es\/wp-content\/uploads\/2023\/10\/blanca.png","datePublished":"2023-10-09T11:21:10+00:00","dateModified":"2025-10-01T10:30:39+00:00","breadcrumb":{"@id":"https:\/\/gatosueco.es\/traduccion\/blanca-ortiz-ostale\/#breadcrumb"},"inLanguage":"en-GB","potentialAction":[{"@type":"ReadAction","target":["https:\/\/gatosueco.es\/traduccion\/blanca-ortiz-ostale\/"]}]},{"@type":"ImageObject","inLanguage":"en-GB","@id":"https:\/\/gatosueco.es\/traduccion\/blanca-ortiz-ostale\/#primaryimage","url":"https:\/\/gatosueco.es\/wp-content\/uploads\/2023\/10\/blanca.png","contentUrl":"https:\/\/gatosueco.es\/wp-content\/uploads\/2023\/10\/blanca.png"},{"@type":"BreadcrumbList","@id":"https:\/\/gatosueco.es\/traduccion\/blanca-ortiz-ostale\/#breadcrumb","itemListElement":[{"@type":"ListItem","position":1,"name":"Portada","item":"https:\/\/gatosueco.es\/"},{"@type":"ListItem","position":2,"name":"Traducci\u00f3n","item":"https:\/\/gatosueco.es\/traduccion\/"},{"@type":"ListItem","position":3,"name":"BLANCA ORT\u00cdZ OSTAL\u00c9"}]},{"@type":"WebSite","@id":"https:\/\/gatosueco.es\/#website","url":"https:\/\/gatosueco.es\/","name":"Cat Swedish - Editorial","description":"","publisher":{"@id":"https:\/\/gatosueco.es\/#organization"},"potentialAction":[{"@type":"SearchAction","target":{"@type":"EntryPoint","urlTemplate":"https:\/\/gatosueco.es\/?s={search_term_string}"},"query-input":{"@type":"PropertyValueSpecification","valueRequired":true,"valueName":"search_term_string"}}],"inLanguage":"en-GB"},{"@type":"Organization","@id":"https:\/\/gatosueco.es\/#organization","name":"Cat Swedish - Editorial","url":"https:\/\/gatosueco.es\/","logo":{"@type":"ImageObject","inLanguage":"en-GB","@id":"https:\/\/gatosueco.es\/#\/schema\/logo\/image\/","url":"https:\/\/gatosueco.es\/wp-content\/uploads\/2023\/04\/logo_original.svg","contentUrl":"https:\/\/gatosueco.es\/wp-content\/uploads\/2023\/04\/logo_original.svg","width":214,"height":92,"caption":"Gato Sueco - Editorial"},"image":{"@id":"https:\/\/gatosueco.es\/#\/schema\/logo\/image\/"}}]}},"_links":{"self":[{"href":"https:\/\/gatosueco.es\/en\/wp-json\/wp\/v2\/pages\/1052","targetHints":{"allow":["GET"]}}],"collection":[{"href":"https:\/\/gatosueco.es\/en\/wp-json\/wp\/v2\/pages"}],"about":[{"href":"https:\/\/gatosueco.es\/en\/wp-json\/wp\/v2\/types\/page"}],"author":[{"embeddable":true,"href":"https:\/\/gatosueco.es\/en\/wp-json\/wp\/v2\/users\/1"}],"replies":[{"embeddable":true,"href":"https:\/\/gatosueco.es\/en\/wp-json\/wp\/v2\/comments?post=1052"}],"version-history":[{"count":35,"href":"https:\/\/gatosueco.es\/en\/wp-json\/wp\/v2\/pages\/1052\/revisions"}],"predecessor-version":[{"id":2110,"href":"https:\/\/gatosueco.es\/en\/wp-json\/wp\/v2\/pages\/1052\/revisions\/2110"}],"up":[{"embeddable":true,"href":"https:\/\/gatosueco.es\/en\/wp-json\/wp\/v2\/pages\/922"}],"wp:attachment":[{"href":"https:\/\/gatosueco.es\/en\/wp-json\/wp\/v2\/media?parent=1052"}],"curies":[{"name":"wp","href":"https:\/\/api.w.org\/{rel}","templated":true}]}}