{"id":1081,"date":"2023-10-09T11:59:56","date_gmt":"2023-10-09T11:59:56","guid":{"rendered":"https:\/\/40612289.servicio-online.net\/gatosueco\/?page_id=1081"},"modified":"2025-02-24T10:23:06","modified_gmt":"2025-02-24T10:23:06","slug":"luisa-gutierrez","status":"publish","type":"page","link":"https:\/\/gatosueco.es\/en\/traduccion\/luisa-gutierrez\/","title":{"rendered":"LUISA GUTI\u00c9RREZ"},"content":{"rendered":"<div data-elementor-type=\"wp-page\" data-elementor-id=\"1081\" class=\"elementor elementor-1081\" data-elementor-post-type=\"page\">\n\t\t\t\t\t\t<section class=\"elementor-section elementor-top-section elementor-element elementor-element-160f8507 elementor-section-content-middle elementor-section-boxed elementor-section-height-default elementor-section-height-default\" data-id=\"160f8507\" data-element_type=\"section\" data-e-type=\"section\" data-settings=\"{&quot;background_background&quot;:&quot;classic&quot;}\">\n\t\t\t\t\t\t<div class=\"elementor-container elementor-column-gap-default\">\n\t\t\t\t\t<div class=\"elementor-column elementor-col-50 elementor-top-column elementor-element elementor-element-5fd6fd0\" data-id=\"5fd6fd0\" data-element_type=\"column\" data-e-type=\"column\">\n\t\t\t<div class=\"elementor-widget-wrap elementor-element-populated\">\n\t\t\t\t\t\t<div class=\"elementor-element elementor-element-b1e5804 elementor-widget elementor-widget-image\" data-id=\"b1e5804\" data-element_type=\"widget\" data-e-type=\"widget\" data-widget_type=\"image.default\">\n\t\t\t\t<div class=\"elementor-widget-container\">\n\t\t\t\t\t\t\t\t\t\t\t\t\t\t\t<img fetchpriority=\"high\" decoding=\"async\" width=\"252\" height=\"252\" src=\"https:\/\/gatosueco.es\/wp-content\/uploads\/2023\/10\/luisa.png\" class=\"attachment-large size-large wp-image-1020\" alt=\"\" srcset=\"https:\/\/gatosueco.es\/wp-content\/uploads\/2023\/10\/luisa.png 252w, https:\/\/gatosueco.es\/wp-content\/uploads\/2023\/10\/luisa-150x150.png 150w, https:\/\/gatosueco.es\/wp-content\/uploads\/2023\/10\/luisa-100x100.png 100w\" sizes=\"(max-width: 252px) 100vw, 252px\" \/>\t\t\t\t\t\t\t\t\t\t\t\t\t\t\t<\/div>\n\t\t\t\t<\/div>\n\t\t\t\t\t<\/div>\n\t\t<\/div>\n\t\t\t\t<div class=\"elementor-column elementor-col-50 elementor-top-column elementor-element elementor-element-55af673d\" data-id=\"55af673d\" data-element_type=\"column\" data-e-type=\"column\">\n\t\t\t<div class=\"elementor-widget-wrap elementor-element-populated\">\n\t\t\t\t\t\t<div class=\"elementor-element elementor-element-78674e4e elementor-widget elementor-widget-heading\" data-id=\"78674e4e\" data-element_type=\"widget\" data-e-type=\"widget\" data-widget_type=\"heading.default\">\n\t\t\t\t<div class=\"elementor-widget-container\">\n\t\t\t\t\t<h1 class=\"elementor-heading-title elementor-size-default\">Luisa Gutierrez<\/h1>\t\t\t\t<\/div>\n\t\t\t\t<\/div>\n\t\t\t\t\t<\/div>\n\t\t<\/div>\n\t\t\t\t\t<\/div>\n\t\t<\/section>\n\t\t\t\t<section class=\"elementor-section elementor-top-section elementor-element elementor-element-c642c7f elementor-section-boxed elementor-section-height-default elementor-section-height-default\" data-id=\"c642c7f\" data-element_type=\"section\" data-e-type=\"section\">\n\t\t\t\t\t\t<div class=\"elementor-container elementor-column-gap-default\">\n\t\t\t\t\t<div class=\"elementor-column elementor-col-100 elementor-top-column elementor-element elementor-element-c3bb7e5\" data-id=\"c3bb7e5\" data-element_type=\"column\" data-e-type=\"column\">\n\t\t\t<div class=\"elementor-widget-wrap elementor-element-populated\">\n\t\t\t\t\t\t<div class=\"elementor-element elementor-element-273fc9b elementor-widget elementor-widget-heading\" data-id=\"273fc9b\" data-element_type=\"widget\" data-e-type=\"widget\" data-widget_type=\"heading.default\">\n\t\t\t\t<div class=\"elementor-widget-container\">\n\t\t\t\t\t<h2 class=\"elementor-heading-title elementor-size-default\">Biography<\/h2>\t\t\t\t<\/div>\n\t\t\t\t<\/div>\n\t\t\t\t<div class=\"elementor-element elementor-element-e58704e elementor-widget elementor-widget-text-editor\" data-id=\"e58704e\" data-element_type=\"widget\" data-e-type=\"widget\" data-widget_type=\"text-editor.default\">\n\t\t\t\t<div class=\"elementor-widget-container\">\n\t\t\t\t\t\t\t\t\tLuisa Gutierrez is a translator of finnish. She is graduated in journalism at the Complutense University and she has also studied Germanic Philology and Finnish literature at the Helsinki University. She has published more than sixty books in the last nine years. Some of them graphic nove, children literature or theater. She is responsible of communication at the Iberoamerican Institut of Finland in Madrid.\t\t\t\t\t\t\t\t<\/div>\n\t\t\t\t<\/div>\n\t\t\t\t<div class=\"elementor-element elementor-element-84e4bde elementor-widget elementor-widget-heading\" data-id=\"84e4bde\" data-element_type=\"widget\" data-e-type=\"widget\" data-widget_type=\"heading.default\">\n\t\t\t\t<div class=\"elementor-widget-container\">\n\t\t\t\t\t<h2 class=\"elementor-heading-title elementor-size-default\">Titles<\/h2>\t\t\t\t<\/div>\n\t\t\t\t<\/div>\n\t\t\t\t<div class=\"elementor-element elementor-element-8eedd5f uael-woo--align-left uael-sale-flash-circle uael-featured-flash-circle elementor-widget elementor-widget-uael-woo-products\" data-id=\"8eedd5f\" data-element_type=\"widget\" data-e-type=\"widget\" data-settings=\"{&quot;products_columns&quot;:&quot;3&quot;,&quot;products_columns_tablet&quot;:&quot;3&quot;,&quot;products_columns_mobile&quot;:&quot;1&quot;}\" data-widget_type=\"uael-woo-products.grid-default\">\n\t\t\t\t<div class=\"elementor-widget-container\">\n\t\t\t\t\t<div class=\"uael-woocommerce uael-woo-products-grid uael-woo-skin-grid-default uael-woo-query-manual\" data-page=\"1081\" data-skin=\"grid_default\"><div class=\"columns-3 uael-woo-products-inner uael-woo-product__column-3 uael-woo-product__column-tablet-3 uael-woo-product__column-mobile-1\"><ul class=\"products columns-3\">\n\n\n<li class=\"castellano para que te lean y para empezar a leer post-1812 product first instock shipping-taxable product-type-external\">\n\t<div class=\"uael-woo-product-wrapper uael-prod-auto-align-disabled\">\n\t\t<div class=\"uael-woo-products-thumbnail-wrap\"><div class=\"uael-flash-container\"><\/div><a href=\"https:\/\/gatosueco.es\/en\/catalogo\/todo-el-mundo-alguna-vez\/\" class=\"woocommerce-LoopProduct-link woocommerce-loop-product__link\"><img decoding=\"async\" width=\"300\" height=\"365\" src=\"https:\/\/gatosueco.es\/wp-content\/uploads\/2024\/10\/Todoelmundoalguna-vez-300x365.jpg\" class=\"attachment-woocommerce_thumbnail size-woocommerce_thumbnail\" alt=\"Everyone sometimes...\" \/><\/a><\/div><div class=\"uael-woo-products-summary-wrap uael-auto-align-disabled\">\t\t\t<span class=\"uael-woo-product-category\">\n\t\t\t\tSpanish\t\t\t<\/span> \n\t\t\t<a href=\"https:\/\/gatosueco.es\/en\/catalogo\/todo-el-mundo-alguna-vez\/\" class=\"uael-loop-product__link\"><h2 class=\"woocommerce-loop-product__title\">Everyone sometimes...<\/h2><\/a>\n\t<span class=\"price\"><span class=\"woocommerce-Price-amount amount\"><bdi>16.26<span class=\"woocommerce-Price-currencySymbol\">\u20ac<\/span><\/bdi><\/span><\/span>\n<\/div>\t<\/div>\n<\/li>\n\n\n<li class=\"\u00a1ya lees! pero ahora tienes nuevas preguntas castellano naturaleza ser independiente post-1141 product  instock shipping-taxable product-type-external\">\n\t<div class=\"uael-woo-product-wrapper uael-prod-auto-align-disabled\">\n\t\t<div class=\"uael-woo-products-thumbnail-wrap\"><div class=\"uael-flash-container\"><\/div><a href=\"https:\/\/gatosueco.es\/en\/catalogo\/diario-del-bosque\/\" class=\"woocommerce-LoopProduct-link woocommerce-loop-product__link\"><img decoding=\"async\" width=\"300\" height=\"444\" src=\"https:\/\/gatosueco.es\/wp-content\/uploads\/2023\/12\/cubierta-diarios-300x444.jpg\" class=\"attachment-woocommerce_thumbnail size-woocommerce_thumbnail\" alt=\"Journal from the forest\" \/><\/a><\/div><div class=\"uael-woo-products-summary-wrap uael-auto-align-disabled\">\t\t\t<span class=\"uael-woo-product-category\">\n\t\t\t\tI can read and I have so many questions!\t\t\t<\/span> \n\t\t\t<a href=\"https:\/\/gatosueco.es\/en\/catalogo\/diario-del-bosque\/\" class=\"uael-loop-product__link\"><h2 class=\"woocommerce-loop-product__title\">Journal from the forest<\/h2><\/a>\n\t<span class=\"price\"><span class=\"woocommerce-Price-amount amount\"><bdi>16.50<span class=\"woocommerce-Price-currencySymbol\">\u20ac<\/span><\/bdi><\/span><\/span>\n<\/div>\t<\/div>\n<\/li>\n<\/ul>\n<\/div><\/div>\t\t\t\t<\/div>\n\t\t\t\t<\/div>\n\t\t\t\t\t<\/div>\n\t\t<\/div>\n\t\t\t\t\t<\/div>\n\t\t<\/section>\n\t\t\t\t<\/div>","protected":false},"excerpt":{"rendered":"<p>Luisa Guti\u00e9rrez Biograf\u00eda Luisa Guti\u00e9rrez es traductora de literatura finlandesa.Licenciada en Periodismo por la Universidad Complutense y graduada en Filolog\u00eda Germ\u00e1nica y Literatura Finlandesa por la Universidad de Helsinki. Ha publicado m\u00e1s de sesenta traducciones en los \u00faltimos nueve a\u00f1os de novela, c\u00f3mic o literatura infantil, adem\u00e1s de textos dram\u00e1ticos. Es responsable de comunicaci\u00f3n en [&hellip;]<\/p>\n","protected":false},"author":1,"featured_media":0,"parent":922,"menu_order":0,"comment_status":"closed","ping_status":"closed","template":"","meta":{"site-sidebar-layout":"no-sidebar","site-content-layout":"page-builder","ast-site-content-layout":"full-width-container","site-content-style":"default","site-sidebar-style":"default","ast-global-header-display":"","ast-banner-title-visibility":"","ast-main-header-display":"","ast-hfb-above-header-display":"","ast-hfb-below-header-display":"","ast-hfb-mobile-header-display":"","site-post-title":"disabled","ast-breadcrumbs-content":"","ast-featured-img":"disabled","footer-sml-layout":"","ast-disable-related-posts":"","theme-transparent-header-meta":"","adv-header-id-meta":"","stick-header-meta":"","header-above-stick-meta":"","header-main-stick-meta":"","header-below-stick-meta":"","astra-migrate-meta-layouts":"set","ast-page-background-enabled":"default","ast-page-background-meta":{"desktop":{"background-color":"var(--ast-global-color-4)","background-image":"","background-repeat":"repeat","background-position":"center center","background-size":"auto","background-attachment":"scroll","background-type":"","background-media":"","overlay-type":"","overlay-color":"","overlay-opacity":"","overlay-gradient":""},"tablet":{"background-color":"","background-image":"","background-repeat":"repeat","background-position":"center center","background-size":"auto","background-attachment":"scroll","background-type":"","background-media":"","overlay-type":"","overlay-color":"","overlay-opacity":"","overlay-gradient":""},"mobile":{"background-color":"","background-image":"","background-repeat":"repeat","background-position":"center center","background-size":"auto","background-attachment":"scroll","background-type":"","background-media":"","overlay-type":"","overlay-color":"","overlay-opacity":"","overlay-gradient":""}},"ast-content-background-meta":{"desktop":{"background-color":"var(--ast-global-color-5)","background-image":"","background-repeat":"repeat","background-position":"center center","background-size":"auto","background-attachment":"scroll","background-type":"","background-media":"","overlay-type":"","overlay-color":"","overlay-opacity":"","overlay-gradient":""},"tablet":{"background-color":"var(--ast-global-color-5)","background-image":"","background-repeat":"repeat","background-position":"center center","background-size":"auto","background-attachment":"scroll","background-type":"","background-media":"","overlay-type":"","overlay-color":"","overlay-opacity":"","overlay-gradient":""},"mobile":{"background-color":"var(--ast-global-color-5)","background-image":"","background-repeat":"repeat","background-position":"center center","background-size":"auto","background-attachment":"scroll","background-type":"","background-media":"","overlay-type":"","overlay-color":"","overlay-opacity":"","overlay-gradient":""}},"footnotes":""},"class_list":["post-1081","page","type-page","status-publish","hentry","desktop-align-left","tablet-align-left","mobile-align-left","ast-product-gallery-layout-horizontal-slider","ast-magnify-disabled","ast-product-tabs-layout-accordion"],"yoast_head":"<!-- This site is optimized with the Yoast SEO plugin v27.3 - https:\/\/yoast.com\/product\/yoast-seo-wordpress\/ -->\n<title>LUISA GUTI\u00c9RREZ - Gato Sueco - Editorial<\/title>\n<meta name=\"robots\" content=\"index, follow, max-snippet:-1, max-image-preview:large, max-video-preview:-1\" \/>\n<link rel=\"canonical\" href=\"https:\/\/gatosueco.es\/en\/traduccion\/luisa-gutierrez\/\" \/>\n<meta property=\"og:locale\" content=\"en_GB\" \/>\n<meta property=\"og:type\" content=\"article\" \/>\n<meta property=\"og:title\" content=\"LUISA GUTI\u00c9RREZ - Gato Sueco - Editorial\" \/>\n<meta property=\"og:description\" content=\"Luisa Guti\u00e9rrez Biograf\u00eda Luisa Guti\u00e9rrez es traductora de literatura finlandesa.Licenciada en Periodismo por la Universidad Complutense y graduada en Filolog\u00eda Germ\u00e1nica y Literatura Finlandesa por la Universidad de Helsinki. Ha publicado m\u00e1s de sesenta traducciones en los \u00faltimos nueve a\u00f1os de novela, c\u00f3mic o literatura infantil, adem\u00e1s de textos dram\u00e1ticos. Es responsable de comunicaci\u00f3n en [&hellip;]\" \/>\n<meta property=\"og:url\" content=\"https:\/\/gatosueco.es\/en\/traduccion\/luisa-gutierrez\/\" \/>\n<meta property=\"og:site_name\" content=\"Gato Sueco - Editorial\" \/>\n<meta property=\"article:modified_time\" content=\"2025-02-24T10:23:06+00:00\" \/>\n<meta property=\"og:image\" content=\"https:\/\/gatosueco.es\/wp-content\/uploads\/2023\/10\/luisa.png\" \/>\n\t<meta property=\"og:image:width\" content=\"252\" \/>\n\t<meta property=\"og:image:height\" content=\"252\" \/>\n\t<meta property=\"og:image:type\" content=\"image\/png\" \/>\n<meta name=\"twitter:card\" content=\"summary_large_image\" \/>\n<meta name=\"twitter:label1\" content=\"Estimated reading time\" \/>\n\t<meta name=\"twitter:data1\" content=\"1 minute\" \/>\n<script type=\"application\/ld+json\" class=\"yoast-schema-graph\">{\"@context\":\"https:\\\/\\\/schema.org\",\"@graph\":[{\"@type\":\"WebPage\",\"@id\":\"https:\\\/\\\/gatosueco.es\\\/traduccion\\\/luisa-gutierrez\\\/\",\"url\":\"https:\\\/\\\/gatosueco.es\\\/traduccion\\\/luisa-gutierrez\\\/\",\"name\":\"LUISA GUTI\u00c9RREZ - Gato Sueco - Editorial\",\"isPartOf\":{\"@id\":\"https:\\\/\\\/gatosueco.es\\\/#website\"},\"primaryImageOfPage\":{\"@id\":\"https:\\\/\\\/gatosueco.es\\\/traduccion\\\/luisa-gutierrez\\\/#primaryimage\"},\"image\":{\"@id\":\"https:\\\/\\\/gatosueco.es\\\/traduccion\\\/luisa-gutierrez\\\/#primaryimage\"},\"thumbnailUrl\":\"https:\\\/\\\/gatosueco.es\\\/wp-content\\\/uploads\\\/2023\\\/10\\\/luisa.png\",\"datePublished\":\"2023-10-09T11:59:56+00:00\",\"dateModified\":\"2025-02-24T10:23:06+00:00\",\"breadcrumb\":{\"@id\":\"https:\\\/\\\/gatosueco.es\\\/traduccion\\\/luisa-gutierrez\\\/#breadcrumb\"},\"inLanguage\":\"en-GB\",\"potentialAction\":[{\"@type\":\"ReadAction\",\"target\":[\"https:\\\/\\\/gatosueco.es\\\/traduccion\\\/luisa-gutierrez\\\/\"]}]},{\"@type\":\"ImageObject\",\"inLanguage\":\"en-GB\",\"@id\":\"https:\\\/\\\/gatosueco.es\\\/traduccion\\\/luisa-gutierrez\\\/#primaryimage\",\"url\":\"https:\\\/\\\/gatosueco.es\\\/wp-content\\\/uploads\\\/2023\\\/10\\\/luisa.png\",\"contentUrl\":\"https:\\\/\\\/gatosueco.es\\\/wp-content\\\/uploads\\\/2023\\\/10\\\/luisa.png\"},{\"@type\":\"BreadcrumbList\",\"@id\":\"https:\\\/\\\/gatosueco.es\\\/traduccion\\\/luisa-gutierrez\\\/#breadcrumb\",\"itemListElement\":[{\"@type\":\"ListItem\",\"position\":1,\"name\":\"Portada\",\"item\":\"https:\\\/\\\/gatosueco.es\\\/\"},{\"@type\":\"ListItem\",\"position\":2,\"name\":\"Traducci\u00f3n\",\"item\":\"https:\\\/\\\/gatosueco.es\\\/traduccion\\\/\"},{\"@type\":\"ListItem\",\"position\":3,\"name\":\"LUISA GUTI\u00c9RREZ\"}]},{\"@type\":\"WebSite\",\"@id\":\"https:\\\/\\\/gatosueco.es\\\/#website\",\"url\":\"https:\\\/\\\/gatosueco.es\\\/\",\"name\":\"Gato Sueco - Editorial\",\"description\":\"\",\"publisher\":{\"@id\":\"https:\\\/\\\/gatosueco.es\\\/#organization\"},\"potentialAction\":[{\"@type\":\"SearchAction\",\"target\":{\"@type\":\"EntryPoint\",\"urlTemplate\":\"https:\\\/\\\/gatosueco.es\\\/?s={search_term_string}\"},\"query-input\":{\"@type\":\"PropertyValueSpecification\",\"valueRequired\":true,\"valueName\":\"search_term_string\"}}],\"inLanguage\":\"en-GB\"},{\"@type\":\"Organization\",\"@id\":\"https:\\\/\\\/gatosueco.es\\\/#organization\",\"name\":\"Gato Sueco - Editorial\",\"url\":\"https:\\\/\\\/gatosueco.es\\\/\",\"logo\":{\"@type\":\"ImageObject\",\"inLanguage\":\"en-GB\",\"@id\":\"https:\\\/\\\/gatosueco.es\\\/#\\\/schema\\\/logo\\\/image\\\/\",\"url\":\"https:\\\/\\\/gatosueco.es\\\/wp-content\\\/uploads\\\/2023\\\/04\\\/logo_original.svg\",\"contentUrl\":\"https:\\\/\\\/gatosueco.es\\\/wp-content\\\/uploads\\\/2023\\\/04\\\/logo_original.svg\",\"width\":214,\"height\":92,\"caption\":\"Gato Sueco - Editorial\"},\"image\":{\"@id\":\"https:\\\/\\\/gatosueco.es\\\/#\\\/schema\\\/logo\\\/image\\\/\"}}]}<\/script>\n<!-- \/ Yoast SEO plugin. -->","yoast_head_json":{"title":"LUISA GUTI\u00c9RREZ - Gato Sueco - Editorial","robots":{"index":"index","follow":"follow","max-snippet":"max-snippet:-1","max-image-preview":"max-image-preview:large","max-video-preview":"max-video-preview:-1"},"canonical":"https:\/\/gatosueco.es\/en\/traduccion\/luisa-gutierrez\/","og_locale":"en_GB","og_type":"article","og_title":"LUISA GUTI\u00c9RREZ - Gato Sueco - Editorial","og_description":"Luisa Guti\u00e9rrez Biograf\u00eda Luisa Guti\u00e9rrez es traductora de literatura finlandesa.Licenciada en Periodismo por la Universidad Complutense y graduada en Filolog\u00eda Germ\u00e1nica y Literatura Finlandesa por la Universidad de Helsinki. Ha publicado m\u00e1s de sesenta traducciones en los \u00faltimos nueve a\u00f1os de novela, c\u00f3mic o literatura infantil, adem\u00e1s de textos dram\u00e1ticos. Es responsable de comunicaci\u00f3n en [&hellip;]","og_url":"https:\/\/gatosueco.es\/en\/traduccion\/luisa-gutierrez\/","og_site_name":"Gato Sueco - Editorial","article_modified_time":"2025-02-24T10:23:06+00:00","og_image":[{"width":252,"height":252,"url":"https:\/\/gatosueco.es\/wp-content\/uploads\/2023\/10\/luisa.png","type":"image\/png"}],"twitter_card":"summary_large_image","twitter_misc":{"Estimated reading time":"1 minute"},"schema":{"@context":"https:\/\/schema.org","@graph":[{"@type":"WebPage","@id":"https:\/\/gatosueco.es\/traduccion\/luisa-gutierrez\/","url":"https:\/\/gatosueco.es\/traduccion\/luisa-gutierrez\/","name":"LUISA GUTI\u00c9RREZ - Gato Sueco - Editorial","isPartOf":{"@id":"https:\/\/gatosueco.es\/#website"},"primaryImageOfPage":{"@id":"https:\/\/gatosueco.es\/traduccion\/luisa-gutierrez\/#primaryimage"},"image":{"@id":"https:\/\/gatosueco.es\/traduccion\/luisa-gutierrez\/#primaryimage"},"thumbnailUrl":"https:\/\/gatosueco.es\/wp-content\/uploads\/2023\/10\/luisa.png","datePublished":"2023-10-09T11:59:56+00:00","dateModified":"2025-02-24T10:23:06+00:00","breadcrumb":{"@id":"https:\/\/gatosueco.es\/traduccion\/luisa-gutierrez\/#breadcrumb"},"inLanguage":"en-GB","potentialAction":[{"@type":"ReadAction","target":["https:\/\/gatosueco.es\/traduccion\/luisa-gutierrez\/"]}]},{"@type":"ImageObject","inLanguage":"en-GB","@id":"https:\/\/gatosueco.es\/traduccion\/luisa-gutierrez\/#primaryimage","url":"https:\/\/gatosueco.es\/wp-content\/uploads\/2023\/10\/luisa.png","contentUrl":"https:\/\/gatosueco.es\/wp-content\/uploads\/2023\/10\/luisa.png"},{"@type":"BreadcrumbList","@id":"https:\/\/gatosueco.es\/traduccion\/luisa-gutierrez\/#breadcrumb","itemListElement":[{"@type":"ListItem","position":1,"name":"Portada","item":"https:\/\/gatosueco.es\/"},{"@type":"ListItem","position":2,"name":"Traducci\u00f3n","item":"https:\/\/gatosueco.es\/traduccion\/"},{"@type":"ListItem","position":3,"name":"LUISA GUTI\u00c9RREZ"}]},{"@type":"WebSite","@id":"https:\/\/gatosueco.es\/#website","url":"https:\/\/gatosueco.es\/","name":"Cat Swedish - Editorial","description":"","publisher":{"@id":"https:\/\/gatosueco.es\/#organization"},"potentialAction":[{"@type":"SearchAction","target":{"@type":"EntryPoint","urlTemplate":"https:\/\/gatosueco.es\/?s={search_term_string}"},"query-input":{"@type":"PropertyValueSpecification","valueRequired":true,"valueName":"search_term_string"}}],"inLanguage":"en-GB"},{"@type":"Organization","@id":"https:\/\/gatosueco.es\/#organization","name":"Cat Swedish - Editorial","url":"https:\/\/gatosueco.es\/","logo":{"@type":"ImageObject","inLanguage":"en-GB","@id":"https:\/\/gatosueco.es\/#\/schema\/logo\/image\/","url":"https:\/\/gatosueco.es\/wp-content\/uploads\/2023\/04\/logo_original.svg","contentUrl":"https:\/\/gatosueco.es\/wp-content\/uploads\/2023\/04\/logo_original.svg","width":214,"height":92,"caption":"Gato Sueco - Editorial"},"image":{"@id":"https:\/\/gatosueco.es\/#\/schema\/logo\/image\/"}}]}},"_links":{"self":[{"href":"https:\/\/gatosueco.es\/en\/wp-json\/wp\/v2\/pages\/1081","targetHints":{"allow":["GET"]}}],"collection":[{"href":"https:\/\/gatosueco.es\/en\/wp-json\/wp\/v2\/pages"}],"about":[{"href":"https:\/\/gatosueco.es\/en\/wp-json\/wp\/v2\/types\/page"}],"author":[{"embeddable":true,"href":"https:\/\/gatosueco.es\/en\/wp-json\/wp\/v2\/users\/1"}],"replies":[{"embeddable":true,"href":"https:\/\/gatosueco.es\/en\/wp-json\/wp\/v2\/comments?post=1081"}],"version-history":[{"count":14,"href":"https:\/\/gatosueco.es\/en\/wp-json\/wp\/v2\/pages\/1081\/revisions"}],"predecessor-version":[{"id":2024,"href":"https:\/\/gatosueco.es\/en\/wp-json\/wp\/v2\/pages\/1081\/revisions\/2024"}],"up":[{"embeddable":true,"href":"https:\/\/gatosueco.es\/en\/wp-json\/wp\/v2\/pages\/922"}],"wp:attachment":[{"href":"https:\/\/gatosueco.es\/en\/wp-json\/wp\/v2\/media?parent=1081"}],"curies":[{"name":"wp","href":"https:\/\/api.w.org\/{rel}","templated":true}]}}