{"id":1574,"date":"2024-09-19T08:47:00","date_gmt":"2024-09-19T08:47:00","guid":{"rendered":"https:\/\/gatosueco.com\/?page_id=1574"},"modified":"2024-10-22T05:43:37","modified_gmt":"2024-10-22T05:43:37","slug":"politica-de-cookies","status":"publish","type":"page","link":"https:\/\/gatosueco.es\/en\/politica-de-cookies\/","title":{"rendered":"Cookie policy"},"content":{"rendered":"<h3 class=\"wp-block-heading\"><strong>Pol\u00edtica de Cookies<\/strong><\/h3>\n\n\n\n<h4 class=\"wp-block-heading\"><strong>\u00bfQu\u00e9 son las cookies?<\/strong><\/h4>\n\n\n\n<p>Las cookies son peque\u00f1os archivos de texto que se almacenan en tu dispositivo cuando visitas un sitio web. Estas permiten al sitio recordar tus acciones y preferencias (como inicio de sesi\u00f3n, idioma, tama\u00f1o de fuente y otras preferencias de visualizaci\u00f3n) durante un per\u00edodo de tiempo, por lo que no tienes que volver a configurarlas cada vez que regresas al sitio o navegas de una p\u00e1gina a otra.<\/p>\n\n\n\n<h4 class=\"wp-block-heading\"><strong>\u00bfQu\u00e9 tipos de cookies utilizamos?<\/strong><\/h4>\n\n\n\n<p>En nuestro sitio web utilizamos los siguientes tipos de cookies:<\/p>\n\n\n\n<ol class=\"wp-block-list\">\n<li><strong>Cookies estrictamente necesarias<\/strong>: Estas cookies son esenciales para que el sitio web funcione correctamente. No pueden ser desactivadas en nuestros sistemas. Por lo general, solo se configuran en respuesta a acciones que has realizado, como la solicitud de servicios, como configurar tus preferencias de privacidad, iniciar sesi\u00f3n o completar formularios.<\/li>\n\n\n\n<li><strong>Cookies de rendimiento<\/strong>: Estas cookies nos permiten contar las visitas y fuentes de tr\u00e1fico para medir y mejorar el rendimiento de nuestro sitio web. Nos ayudan a saber qu\u00e9 p\u00e1ginas son las m\u00e1s y las menos populares y a ver c\u00f3mo los visitantes navegan por el sitio.<\/li>\n\n\n\n<li><strong>Cookies de funcionalidad<\/strong>: Estas cookies permiten que el sitio web ofrezca una funcionalidad y personalizaci\u00f3n mejoradas. Pueden ser configuradas por nosotros o por terceros cuyos servicios hemos a\u00f1adido a nuestras p\u00e1ginas.<\/li>\n\n\n\n<li><strong>Cookies de publicidad<\/strong>: Estas cookies pueden ser configuradas a trav\u00e9s de nuestro sitio por nuestros socios publicitarios. Pueden ser utilizadas por esas empresas para crear un perfil sobre tus intereses y mostrarte anuncios relevantes en otros sitios.<\/li>\n\n\n\n<li><strong>Cookies de redes sociales<\/strong>: Estas cookies son establecidas por una variedad de servicios de redes sociales que hemos a\u00f1adido al sitio para permitirte compartir nuestro contenido con tus amigos y redes. Pueden rastrear tu navegador a trav\u00e9s de otros sitios y construir un perfil de tus intereses.<\/li>\n<\/ol>\n\n\n\n<h4 class=\"wp-block-heading\"><strong>Consentimiento<\/strong><\/h4>\n\n\n\n<p>Cuando visites nuestro sitio web por primera vez, te solicitaremos que aceptes o rechaces el uso de cookies. Tienes la opci\u00f3n de aceptar todas las cookies o configurarlas seg\u00fan tus preferencias. Puedes cambiar tus preferencias de cookies en cualquier momento accediendo a la configuraci\u00f3n de cookies disponible en la parte inferior de cada p\u00e1gina de nuestro sitio web.<\/p>\n\n\n\n<h4 class=\"wp-block-heading\"><strong>C\u00f3mo desactivar o eliminar cookies<\/strong><\/h4>\n\n\n\n<p>Puedes configurar tu navegador para bloquear o alertarte sobre estas cookies, pero algunas partes del sitio pueden no funcionar correctamente. Adem\u00e1s, puedes eliminar las cookies ya almacenadas en tu dispositivo accediendo a las opciones de configuraci\u00f3n de tu navegador.<\/p>\n\n\n\n<p>A continuaci\u00f3n te mostramos enlaces a las gu\u00edas de los navegadores m\u00e1s utilizados para gestionar las cookies:<\/p>\n\n\n\n<ul class=\"wp-block-list\">\n<li><strong>Google Chrome<\/strong>:\u00a0<a>Gesti\u00f3n\u00a0de\u00a0cookies\u00a0en\u00a0Chrome<\/a><\/li>\n\n\n\n<li><strong>Mozilla Firefox<\/strong>:\u00a0<a href=\"https:\/\/support.mozilla.org\/es\/kb\/habilitar-y-deshabilitar-cookies-sitios-web-rastrear-preferencias\">Gesti\u00f3n\u00a0de\u00a0cookies\u00a0en\u00a0Firefox<\/a><\/li>\n\n\n\n<li><strong>Safari<\/strong>:\u00a0<a href=\"https:\/\/support.apple.com\/es-es\/guide\/safari\/sfri11471\/mac\">Gesti\u00f3n\u00a0de\u00a0cookies\u00a0en\u00a0Safari<\/a><\/li>\n<\/ul>\n\n\n\n<h4 class=\"wp-block-heading\"><strong>Cookies de terceros<\/strong><\/h4>\n\n\n\n<p>Algunas cookies en nuestro sitio pueden ser establecidas por terceros, como redes publicitarias, proveedores de an\u00e1lisis de tr\u00e1fico web, etc. Estos terceros pueden tener acceso a las cookies y gestionar la informaci\u00f3n obtenida para sus propios fines. Nosotros no controlamos estas cookies ni el uso que dichos terceros hacen de la informaci\u00f3n recopilada.<\/p>\n\n\n\n<h4 class=\"wp-block-heading\"><strong>Actualizaci\u00f3n de la pol\u00edtica de cookies<\/strong><\/h4>\n\n\n\n<p>Nos reservamos el derecho de actualizar esta Pol\u00edtica de Cookies en cualquier momento para reflejar, por ejemplo, cambios en las cookies que utilizamos o por razones operativas, legales o reglamentarias. Te recomendamos que revises esta pol\u00edtica peri\u00f3dicamente para estar informado sobre c\u00f3mo utilizamos las cookies y otras tecnolog\u00edas relacionadas.<\/p>\n\n\n\n<h4 class=\"wp-block-heading\"><strong>Contact<\/strong><\/h4>\n\n\n\n<p>Si tienes alguna pregunta sobre nuestra Pol\u00edtica de Cookies, puedes ponerte en contacto con nosotros en info@gatosueco.es<\/p>","protected":false},"excerpt":{"rendered":"<p>Pol\u00edtica de Cookies \u00bfQu\u00e9 son las cookies? Las cookies son peque\u00f1os archivos de texto que se almacenan en tu dispositivo cuando visitas un sitio web. Estas permiten al sitio recordar tus acciones y preferencias (como inicio de sesi\u00f3n, idioma, tama\u00f1o de fuente y otras preferencias de visualizaci\u00f3n) durante un per\u00edodo de tiempo, por lo que [&hellip;]<\/p>\n","protected":false},"author":1,"featured_media":0,"parent":0,"menu_order":0,"comment_status":"closed","ping_status":"closed","template":"","meta":{"site-sidebar-layout":"default","site-content-layout":"","ast-site-content-layout":"default","site-content-style":"default","site-sidebar-style":"default","ast-global-header-display":"","ast-banner-title-visibility":"","ast-main-header-display":"","ast-hfb-above-header-display":"","ast-hfb-below-header-display":"","ast-hfb-mobile-header-display":"","site-post-title":"","ast-breadcrumbs-content":"","ast-featured-img":"","footer-sml-layout":"","ast-disable-related-posts":"","theme-transparent-header-meta":"","adv-header-id-meta":"","stick-header-meta":"","header-above-stick-meta":"","header-main-stick-meta":"","header-below-stick-meta":"","astra-migrate-meta-layouts":"set","ast-page-background-enabled":"default","ast-page-background-meta":{"desktop":{"background-color":"var(--ast-global-color-4)","background-image":"","background-repeat":"repeat","background-position":"center center","background-size":"auto","background-attachment":"scroll","background-type":"","background-media":"","overlay-type":"","overlay-color":"","overlay-opacity":"","overlay-gradient":""},"tablet":{"background-color":"","background-image":"","background-repeat":"repeat","background-position":"center center","background-size":"auto","background-attachment":"scroll","background-type":"","background-media":"","overlay-type":"","overlay-color":"","overlay-opacity":"","overlay-gradient":""},"mobile":{"background-color":"","background-image":"","background-repeat":"repeat","background-position":"center center","background-size":"auto","background-attachment":"scroll","background-type":"","background-media":"","overlay-type":"","overlay-color":"","overlay-opacity":"","overlay-gradient":""}},"ast-content-background-meta":{"desktop":{"background-color":"var(--ast-global-color-5)","background-image":"","background-repeat":"repeat","background-position":"center center","background-size":"auto","background-attachment":"scroll","background-type":"","background-media":"","overlay-type":"","overlay-color":"","overlay-opacity":"","overlay-gradient":""},"tablet":{"background-color":"var(--ast-global-color-5)","background-image":"","background-repeat":"repeat","background-position":"center center","background-size":"auto","background-attachment":"scroll","background-type":"","background-media":"","overlay-type":"","overlay-color":"","overlay-opacity":"","overlay-gradient":""},"mobile":{"background-color":"var(--ast-global-color-5)","background-image":"","background-repeat":"repeat","background-position":"center center","background-size":"auto","background-attachment":"scroll","background-type":"","background-media":"","overlay-type":"","overlay-color":"","overlay-opacity":"","overlay-gradient":""}},"footnotes":""},"class_list":["post-1574","page","type-page","status-publish","hentry"],"yoast_head":"<!-- This site is optimized with the Yoast SEO plugin v27.3 - https:\/\/yoast.com\/product\/yoast-seo-wordpress\/ -->\n<title>Pol\u00edtica de cookies - Gato Sueco - Editorial<\/title>\n<meta name=\"robots\" content=\"index, follow, max-snippet:-1, max-image-preview:large, max-video-preview:-1\" \/>\n<link rel=\"canonical\" href=\"https:\/\/gatosueco.es\/en\/politica-de-cookies\/\" \/>\n<meta property=\"og:locale\" content=\"en_GB\" \/>\n<meta property=\"og:type\" content=\"article\" \/>\n<meta property=\"og:title\" content=\"Pol\u00edtica de cookies - Gato Sueco - Editorial\" \/>\n<meta property=\"og:description\" content=\"Pol\u00edtica de Cookies \u00bfQu\u00e9 son las cookies? Las cookies son peque\u00f1os archivos de texto que se almacenan en tu dispositivo cuando visitas un sitio web. Estas permiten al sitio recordar tus acciones y preferencias (como inicio de sesi\u00f3n, idioma, tama\u00f1o de fuente y otras preferencias de visualizaci\u00f3n) durante un per\u00edodo de tiempo, por lo que [&hellip;]\" \/>\n<meta property=\"og:url\" content=\"https:\/\/gatosueco.es\/en\/politica-de-cookies\/\" \/>\n<meta property=\"og:site_name\" content=\"Gato Sueco - Editorial\" \/>\n<meta property=\"article:modified_time\" content=\"2024-10-22T05:43:37+00:00\" \/>\n<meta name=\"twitter:card\" content=\"summary_large_image\" \/>\n<meta name=\"twitter:label1\" content=\"Estimated reading time\" \/>\n\t<meta name=\"twitter:data1\" content=\"3 minutes\" \/>\n<script type=\"application\/ld+json\" class=\"yoast-schema-graph\">{\"@context\":\"https:\\\/\\\/schema.org\",\"@graph\":[{\"@type\":\"WebPage\",\"@id\":\"https:\\\/\\\/gatosueco.es\\\/politica-de-cookies\\\/\",\"url\":\"https:\\\/\\\/gatosueco.es\\\/politica-de-cookies\\\/\",\"name\":\"Pol\u00edtica de cookies - Gato Sueco - Editorial\",\"isPartOf\":{\"@id\":\"https:\\\/\\\/gatosueco.es\\\/#website\"},\"datePublished\":\"2024-09-19T08:47:00+00:00\",\"dateModified\":\"2024-10-22T05:43:37+00:00\",\"breadcrumb\":{\"@id\":\"https:\\\/\\\/gatosueco.es\\\/politica-de-cookies\\\/#breadcrumb\"},\"inLanguage\":\"en-GB\",\"potentialAction\":[{\"@type\":\"ReadAction\",\"target\":[\"https:\\\/\\\/gatosueco.es\\\/politica-de-cookies\\\/\"]}]},{\"@type\":\"BreadcrumbList\",\"@id\":\"https:\\\/\\\/gatosueco.es\\\/politica-de-cookies\\\/#breadcrumb\",\"itemListElement\":[{\"@type\":\"ListItem\",\"position\":1,\"name\":\"Portada\",\"item\":\"https:\\\/\\\/gatosueco.es\\\/\"},{\"@type\":\"ListItem\",\"position\":2,\"name\":\"Pol\u00edtica de cookies\"}]},{\"@type\":\"WebSite\",\"@id\":\"https:\\\/\\\/gatosueco.es\\\/#website\",\"url\":\"https:\\\/\\\/gatosueco.es\\\/\",\"name\":\"Gato Sueco - Editorial\",\"description\":\"\",\"publisher\":{\"@id\":\"https:\\\/\\\/gatosueco.es\\\/#organization\"},\"potentialAction\":[{\"@type\":\"SearchAction\",\"target\":{\"@type\":\"EntryPoint\",\"urlTemplate\":\"https:\\\/\\\/gatosueco.es\\\/?s={search_term_string}\"},\"query-input\":{\"@type\":\"PropertyValueSpecification\",\"valueRequired\":true,\"valueName\":\"search_term_string\"}}],\"inLanguage\":\"en-GB\"},{\"@type\":\"Organization\",\"@id\":\"https:\\\/\\\/gatosueco.es\\\/#organization\",\"name\":\"Gato Sueco - Editorial\",\"url\":\"https:\\\/\\\/gatosueco.es\\\/\",\"logo\":{\"@type\":\"ImageObject\",\"inLanguage\":\"en-GB\",\"@id\":\"https:\\\/\\\/gatosueco.es\\\/#\\\/schema\\\/logo\\\/image\\\/\",\"url\":\"https:\\\/\\\/gatosueco.es\\\/wp-content\\\/uploads\\\/2023\\\/04\\\/logo_original.svg\",\"contentUrl\":\"https:\\\/\\\/gatosueco.es\\\/wp-content\\\/uploads\\\/2023\\\/04\\\/logo_original.svg\",\"width\":214,\"height\":92,\"caption\":\"Gato Sueco - Editorial\"},\"image\":{\"@id\":\"https:\\\/\\\/gatosueco.es\\\/#\\\/schema\\\/logo\\\/image\\\/\"}}]}<\/script>\n<!-- \/ Yoast SEO plugin. -->","yoast_head_json":{"title":"Pol\u00edtica de cookies - Gato Sueco - Editorial","robots":{"index":"index","follow":"follow","max-snippet":"max-snippet:-1","max-image-preview":"max-image-preview:large","max-video-preview":"max-video-preview:-1"},"canonical":"https:\/\/gatosueco.es\/en\/politica-de-cookies\/","og_locale":"en_GB","og_type":"article","og_title":"Pol\u00edtica de cookies - Gato Sueco - Editorial","og_description":"Pol\u00edtica de Cookies \u00bfQu\u00e9 son las cookies? Las cookies son peque\u00f1os archivos de texto que se almacenan en tu dispositivo cuando visitas un sitio web. Estas permiten al sitio recordar tus acciones y preferencias (como inicio de sesi\u00f3n, idioma, tama\u00f1o de fuente y otras preferencias de visualizaci\u00f3n) durante un per\u00edodo de tiempo, por lo que [&hellip;]","og_url":"https:\/\/gatosueco.es\/en\/politica-de-cookies\/","og_site_name":"Gato Sueco - Editorial","article_modified_time":"2024-10-22T05:43:37+00:00","twitter_card":"summary_large_image","twitter_misc":{"Estimated reading time":"3 minutes"},"schema":{"@context":"https:\/\/schema.org","@graph":[{"@type":"WebPage","@id":"https:\/\/gatosueco.es\/politica-de-cookies\/","url":"https:\/\/gatosueco.es\/politica-de-cookies\/","name":"Pol\u00edtica de cookies - Gato Sueco - Editorial","isPartOf":{"@id":"https:\/\/gatosueco.es\/#website"},"datePublished":"2024-09-19T08:47:00+00:00","dateModified":"2024-10-22T05:43:37+00:00","breadcrumb":{"@id":"https:\/\/gatosueco.es\/politica-de-cookies\/#breadcrumb"},"inLanguage":"en-GB","potentialAction":[{"@type":"ReadAction","target":["https:\/\/gatosueco.es\/politica-de-cookies\/"]}]},{"@type":"BreadcrumbList","@id":"https:\/\/gatosueco.es\/politica-de-cookies\/#breadcrumb","itemListElement":[{"@type":"ListItem","position":1,"name":"Portada","item":"https:\/\/gatosueco.es\/"},{"@type":"ListItem","position":2,"name":"Pol\u00edtica de cookies"}]},{"@type":"WebSite","@id":"https:\/\/gatosueco.es\/#website","url":"https:\/\/gatosueco.es\/","name":"Cat Swedish - Editorial","description":"","publisher":{"@id":"https:\/\/gatosueco.es\/#organization"},"potentialAction":[{"@type":"SearchAction","target":{"@type":"EntryPoint","urlTemplate":"https:\/\/gatosueco.es\/?s={search_term_string}"},"query-input":{"@type":"PropertyValueSpecification","valueRequired":true,"valueName":"search_term_string"}}],"inLanguage":"en-GB"},{"@type":"Organization","@id":"https:\/\/gatosueco.es\/#organization","name":"Cat Swedish - Editorial","url":"https:\/\/gatosueco.es\/","logo":{"@type":"ImageObject","inLanguage":"en-GB","@id":"https:\/\/gatosueco.es\/#\/schema\/logo\/image\/","url":"https:\/\/gatosueco.es\/wp-content\/uploads\/2023\/04\/logo_original.svg","contentUrl":"https:\/\/gatosueco.es\/wp-content\/uploads\/2023\/04\/logo_original.svg","width":214,"height":92,"caption":"Gato Sueco - Editorial"},"image":{"@id":"https:\/\/gatosueco.es\/#\/schema\/logo\/image\/"}}]}},"_links":{"self":[{"href":"https:\/\/gatosueco.es\/en\/wp-json\/wp\/v2\/pages\/1574","targetHints":{"allow":["GET"]}}],"collection":[{"href":"https:\/\/gatosueco.es\/en\/wp-json\/wp\/v2\/pages"}],"about":[{"href":"https:\/\/gatosueco.es\/en\/wp-json\/wp\/v2\/types\/page"}],"author":[{"embeddable":true,"href":"https:\/\/gatosueco.es\/en\/wp-json\/wp\/v2\/users\/1"}],"replies":[{"embeddable":true,"href":"https:\/\/gatosueco.es\/en\/wp-json\/wp\/v2\/comments?post=1574"}],"version-history":[{"count":4,"href":"https:\/\/gatosueco.es\/en\/wp-json\/wp\/v2\/pages\/1574\/revisions"}],"predecessor-version":[{"id":1896,"href":"https:\/\/gatosueco.es\/en\/wp-json\/wp\/v2\/pages\/1574\/revisions\/1896"}],"wp:attachment":[{"href":"https:\/\/gatosueco.es\/en\/wp-json\/wp\/v2\/media?parent=1574"}],"curies":[{"name":"wp","href":"https:\/\/api.w.org\/{rel}","templated":true}]}}