{"id":1831,"date":"2024-10-14T11:41:39","date_gmt":"2024-10-14T11:41:39","guid":{"rendered":"https:\/\/gatosueco.com\/?page_id=1831"},"modified":"2026-03-17T14:49:01","modified_gmt":"2026-03-17T14:49:01","slug":"newsletter","status":"publish","type":"page","link":"https:\/\/gatosueco.es\/en\/newsletter\/","title":{"rendered":"Newsletter"},"content":{"rendered":"<div data-elementor-type=\"wp-page\" data-elementor-id=\"1831\" class=\"elementor elementor-1831\" data-elementor-post-type=\"page\">\n\t\t\t\t<div class=\"elementor-element elementor-element-bb3abf0 e-flex e-con-boxed e-con e-parent\" data-id=\"bb3abf0\" data-element_type=\"container\" data-e-type=\"container\">\n\t\t\t\t\t<div class=\"e-con-inner\">\n\t\t\t\t<div class=\"elementor-element elementor-element-93ce21c elementor-widget elementor-widget-html\" data-id=\"93ce21c\" data-element_type=\"widget\" data-e-type=\"widget\" data-widget_type=\"html.default\">\n\t\t\t\t<div class=\"elementor-widget-container\">\n\t\t\t\t\t<!-- Begin Brevo Form --> <!-- START - We recommend to place the below code in head tag of your website html --> <style> @font-face { font-display: block; font-family: Roboto; src: url(https:\/\/assets.brevo.com\/font\/Roboto\/Latin\/normal\/normal\/7529907e9eaf8ebb5220c5f9850e3811.woff2) format(\"woff2\"), url(https:\/\/assets.brevo.com\/font\/Roboto\/Latin\/normal\/normal\/25c678feafdc175a70922a116c9be3e7.woff) format(\"woff\") } @font-face { font-display: fallback; font-family: Roboto; font-weight: 600; src: url(https:\/\/assets.brevo.com\/font\/Roboto\/Latin\/medium\/normal\/6e9caeeafb1f3491be3e32744bc30440.woff2) format(\"woff2\"), url(https:\/\/assets.brevo.com\/font\/Roboto\/Latin\/medium\/normal\/71501f0d8d5aa95960f6475d5487d4c2.woff) format(\"woff\") } @font-face { font-display: fallback; font-family: Roboto; font-weight: 700; src: url(https:\/\/assets.brevo.com\/font\/Roboto\/Latin\/bold\/normal\/3ef7cf158f310cf752d5ad08cd0e7e60.woff2) format(\"woff2\"), url(https:\/\/assets.brevo.com\/font\/Roboto\/Latin\/bold\/normal\/ece3a1d82f18b60bcce0211725c476aa.woff) format(\"woff\") } #sib-container input:-ms-input-placeholder { text-align: left; font-family: Helvetica, sans-serif; color: #c0ccda; } #sib-container input::placeholder { text-align: left; font-family: Helvetica, sans-serif; color: #c0ccda; } #sib-container textarea::placeholder { text-align: left; font-family: Helvetica, sans-serif; color: #c0ccda; } #sib-container a { text-decoration: underline; color: #2BB2FC; } <\/style> <link rel=\"stylesheet\" href=\"https:\/\/sibforms.com\/forms\/end-form\/build\/sib-styles.css\"> <!-- END - We recommend to place the above code in head tag of your website html --> <!-- START - We recommend to place the below code where you want the form in your website html --> <div class=\"sib-form\" style=\"text-align: center;  \"> <div id=\"sib-form-container\" class=\"sib-form-container\"> <div id=\"error-message\" class=\"sib-form-message-panel\" style=\"font-size:16px; text-align:left; font-family:Helvetica, sans-serif; color:#661d1d; background-color:#ffeded; border-radius:3px; border-color:#ff4949;max-width:540px;\"> <div class=\"sib-form-message-panel__text sib-form-message-panel__text--center\"> <svg viewbox=\"0 0 512 512\" class=\"sib-icon sib-notification__icon\"> <path d=\"M256 40c118.621 0 216 96.075 216 216 0 119.291-96.61 216-216 216-119.244 0-216-96.562-216-216 0-119.203 96.602-216 216-216m0-32C119.043 8 8 119.083 8 256c0 136.997 111.043 248 248 248s248-111.003 248-248C504 119.083 392.957 8 256 8zm-11.49 120h22.979c6.823 0 12.274 5.682 11.99 12.5l-7 168c-.268 6.428-5.556 11.5-11.99 11.5h-8.979c-6.433 0-11.722-5.073-11.99-11.5l-7-168c-.283-6.818 5.167-12.5 11.99-12.5zM256 340c-15.464 0-28 12.536-28 28s12.536 28 28 28 28-12.536 28-28-12.536-28-28-28z\" \/> <\/svg> <span class=\"sib-form-message-panel__inner-text\"> No hemos podido validar su suscripci\u00f3n. <\/span> <\/div> <\/div> <div><\/div> <div id=\"success-message\" class=\"sib-form-message-panel\" style=\"font-size:16px; text-align:left; font-family:Helvetica, sans-serif; color:#085229; background-color:#e7faf0; border-radius:3px; border-color:#13ce66;max-width:540px;\"> <div class=\"sib-form-message-panel__text sib-form-message-panel__text--center\"> <svg viewbox=\"0 0 512 512\" class=\"sib-icon sib-notification__icon\"> <path d=\"M256 8C119.033 8 8 119.033 8 256s111.033 248 248 248 248-111.033 248-248S392.967 8 256 8zm0 464c-118.664 0-216-96.055-216-216 0-118.663 96.055-216 216-216 118.664 0 216 96.055 216 216 0 118.663-96.055 216-216 216zm141.63-274.961L217.15 376.071c-4.705 4.667-12.303 4.637-16.97-.068l-85.878-86.572c-4.667-4.705-4.637-12.303.068-16.97l8.52-8.451c4.705-4.667 12.303-4.637 16.97.068l68.976 69.533 163.441-162.13c4.705-4.667 12.303-4.637 16.97.068l8.451 8.52c4.668 4.705 4.637 12.303-.068 16.97z\" \/> <\/svg> <span class=\"sib-form-message-panel__inner-text\"> Se ha realizado su suscripci\u00f3n. <\/span> <\/div> <\/div> <div><\/div> <div id=\"sib-container\" class=\"sib-container--large sib-container--vertical\" style=\"text-align:center; background-color:rgba(255,255,255,1); max-width:540px; border-radius:3px; border-width:1px; border-color:#C0CCD9; border-style:solid; direction:ltr\"> <form id=\"sib-form\" method=\"POST\" action=\"https:\/\/b867bc51.sibforms.com\/serve\/MUIFAHWh98VXj98cqKEnTdHULpJJhURtSKS6Z9AqJpCuN_9hdu8KgN1eI80zQbyOrEiryV-TxQVAihZyw9vPcPhZS83vXXcwxE_KnNGNbBQUX4r1oWxo92RKY68iz08ZwrSZYkNaFNcZrfPUCngw3z-OAEZXad_ZkkQWCg2Jg2853ujD_IZi4382aCpxAt94y9A2CxbGa75rqtZsVQ==\" data-type=\"subscription\"> <div style=\"padding: 8px 0;\"> <div class=\"sib-form-block\" style=\"font-size:32px; text-align:left; font-weight:700; font-family:Helvetica, sans-serif; color:#3C4858; background-color:transparent; text-align:left\"> <p>Newsletter<\/p> <\/div> <\/div> <div style=\"padding: 8px 0;\"> <div class=\"sib-form-block\" style=\"font-size:16px; text-align:left; font-family:Helvetica, sans-serif; color:#3C4858; background-color:transparent; text-align:left\"> <div class=\"sib-text-form-block\"> <p>\u00a1Suscr\u00edbete a nuestra carta mensual para recibir informaci\u00f3n sobre nuestros eventos, lanzamientos y todo lo que hacemos!<\/p> <\/div> <\/div> <\/div> <div style=\"padding: 8px 0;\"> <div class=\"sib-input sib-form-block\"> <div class=\"form__entry entry_block\"> <div class=\"form__label-row\"> <label class=\"entry__label\" style=\"font-weight: 700; text-align:left; font-size:16px; text-align:left; font-weight:700; font-family:Helvetica, sans-serif; color:#3c4858;\" for=\"EMAIL\" data-required=\"*\">Introduce tu direcci\u00f3n de e-mail:<\/label> <div class=\"entry__field\"> <input class=\"input\" type=\"text\" id=\"EMAIL\" name=\"EMAIL\" autocomplete=\"off\" placeholder=\"EMAIL\" data-required=\"true\" required \/> <\/div> <\/div> <label class=\"entry__error entry__error--primary\" style=\"font-size:16px; text-align:left; font-family:Helvetica, sans-serif; color:#661d1d; background-color:#ffeded; border-radius:3px; border-color:#ff4949;\"> <\/label> <label class=\"entry__specification\" style=\"font-size:12px; text-align:left; font-family:Helvetica, sans-serif; color:#8390A4; text-align:left\"> Introduce tu direcci\u00f3n de e-mail para suscribirte. Ej.: abc@xyz.com <\/label> <\/div> <\/div> <\/div> <div style=\"padding: 8px 0;\"> <div class=\"sib-optin sib-form-block\"> <div class=\"form__entry entry_mcq\"> <div class=\"form__label-row\"> <label class=\"entry__label\" style=\"font-weight: 700; text-align:left; font-size:16px; text-align:left; font-weight:700; font-family:Helvetica, sans-serif; color:#3c4858;\" for=\"OPT_IN\">Acepta nuestra pol\u00edtica de privacidad:<\/label> <div class=\"entry__choice\" style=\"\"> <label> <input type=\"checkbox\" class=\"input_replaced\" value=\"1\" id=\"OPT_IN\" name=\"OPT_IN\" \/> <span class=\"checkbox checkbox_tick_positive\" style=\"margin-left:\" ><\/span><span style=\"font-size:14px; text-align:left; font-family:Helvetica, sans-serif; color:#3C4858; background-color:transparent;\"><p>Acepto recibir comunicaciones comerciales de Gato Sueco Editorial&nbsp;<\/p><\/span> <\/label> <\/div> <\/div> <label class=\"entry__error entry__error--primary\" style=\"font-size:16px; text-align:left; font-family:Helvetica, sans-serif; color:#661d1d; background-color:#ffeded; border-radius:3px; border-color:#ff4949;\"> <\/label>  <\/div> <\/div> <\/div> <div style=\"padding: 8px 0;\"> <div class=\"sib-form-block\" style=\"text-align: left\"> <button class=\"sib-form-block__button sib-form-block__button-with-loader\" style=\"font-size:16px; text-align:left; font-weight:700; font-family:Helvetica, sans-serif; color:#FFFFFF; background-color:#117a96; border-radius:3px; border-width:0px;\" form=\"sib-form\" type=\"submit\"> <svg class=\"icon clickable__icon progress-indicator__icon sib-hide-loader-icon\" viewbox=\"0 0 512 512\" style=\"\"> <path d=\"M460.116 373.846l-20.823-12.022c-5.541-3.199-7.54-10.159-4.663-15.874 30.137-59.886 28.343-131.652-5.386-189.946-33.641-58.394-94.896-95.833-161.827-99.676C261.028 55.961 256 50.751 256 44.352V20.309c0-6.904 5.808-12.337 12.703-11.982 83.556 4.306 160.163 50.864 202.11 123.677 42.063 72.696 44.079 162.316 6.031 236.832-3.14 6.148-10.75 8.461-16.728 5.01z\" \/> <\/svg> SUSCRIBIRME <\/button> <\/div> <\/div> <input type=\"text\" name=\"email_address_check\" value=\"\" class=\"input--hidden\"> <input type=\"hidden\" name=\"locale\" value=\"es\"> <\/form> <\/div> <\/div> <\/div> <!-- END - We recommend to place the above code where you want the form in your website html --> <!-- START - We recommend to place the below code in footer or bottom of your website html --> <script> window.REQUIRED_CODE_ERROR_MESSAGE = 'Elija un c\u00f3digo de pa\u00eds'; window.LOCALE = 'es'; window.EMAIL_INVALID_MESSAGE = window.SMS_INVALID_MESSAGE = \"La informaci\u00f3n que ha proporcionado no es v\u00e1lida. Compruebe el formato del campo e int\u00e9ntelo de nuevo.\"; window.REQUIRED_ERROR_MESSAGE = \"Este campo no puede quedarse vac\u00edo. \"; window.GENERIC_INVALID_MESSAGE = \"La informaci\u00f3n que ha proporcionado no es v\u00e1lida. Compruebe el formato del campo e int\u00e9ntelo de nuevo.\"; window.translation = { common: { selectedList: '{quantity} lista seleccionada', selectedLists: '{quantity} listas seleccionadas', selectedOption: '{quantity} seleccionado', selectedOptions: '{quantity} seleccionados', } }; var AUTOHIDE = Boolean(0); <\/script> <script defer src=\"https:\/\/sibforms.com\/forms\/end-form\/build\/main.js\"><\/script> <!-- END - We recommend to place the above code in footer or bottom of your website html --> <!-- End Brevo Form -->\t\t\t\t<\/div>\n\t\t\t\t<\/div>\n\t\t\t\t\t<\/div>\n\t\t\t\t<\/div>\n\t\t\t\t<\/div>","protected":false},"excerpt":{"rendered":"<p>No hemos podido validar su suscripci\u00f3n. Se ha realizado su suscripci\u00f3n. Newsletter \u00a1Suscr\u00edbete a nuestra carta mensual para recibir informaci\u00f3n sobre nuestros eventos, lanzamientos y todo lo que hacemos! Introduce tu direcci\u00f3n de e-mail: Introduce tu direcci\u00f3n de e-mail para suscribirte. Ej.: abc@xyz.com Acepta nuestra pol\u00edtica de privacidad: Acepto recibir comunicaciones comerciales de Gato Sueco [&hellip;]<\/p>\n","protected":false},"author":1,"featured_media":0,"parent":0,"menu_order":0,"comment_status":"closed","ping_status":"closed","template":"","meta":{"site-sidebar-layout":"no-sidebar","site-content-layout":"page-builder","ast-site-content-layout":"full-width-container","site-content-style":"default","site-sidebar-style":"default","ast-global-header-display":"","ast-banner-title-visibility":"","ast-main-header-display":"","ast-hfb-above-header-display":"","ast-hfb-below-header-display":"","ast-hfb-mobile-header-display":"","site-post-title":"disabled","ast-breadcrumbs-content":"","ast-featured-img":"disabled","footer-sml-layout":"","ast-disable-related-posts":"","theme-transparent-header-meta":"","adv-header-id-meta":"","stick-header-meta":"","header-above-stick-meta":"","header-main-stick-meta":"","header-below-stick-meta":"","astra-migrate-meta-layouts":"set","ast-page-background-enabled":"default","ast-page-background-meta":{"desktop":{"background-color":"var(--ast-global-color-4)","background-image":"","background-repeat":"repeat","background-position":"center center","background-size":"auto","background-attachment":"scroll","background-type":"","background-media":"","overlay-type":"","overlay-color":"","overlay-opacity":"","overlay-gradient":""},"tablet":{"background-color":"","background-image":"","background-repeat":"repeat","background-position":"center center","background-size":"auto","background-attachment":"scroll","background-type":"","background-media":"","overlay-type":"","overlay-color":"","overlay-opacity":"","overlay-gradient":""},"mobile":{"background-color":"","background-image":"","background-repeat":"repeat","background-position":"center center","background-size":"auto","background-attachment":"scroll","background-type":"","background-media":"","overlay-type":"","overlay-color":"","overlay-opacity":"","overlay-gradient":""}},"ast-content-background-meta":{"desktop":{"background-color":"var(--ast-global-color-5)","background-image":"","background-repeat":"repeat","background-position":"center center","background-size":"auto","background-attachment":"scroll","background-type":"","background-media":"","overlay-type":"","overlay-color":"","overlay-opacity":"","overlay-gradient":""},"tablet":{"background-color":"var(--ast-global-color-5)","background-image":"","background-repeat":"repeat","background-position":"center center","background-size":"auto","background-attachment":"scroll","background-type":"","background-media":"","overlay-type":"","overlay-color":"","overlay-opacity":"","overlay-gradient":""},"mobile":{"background-color":"var(--ast-global-color-5)","background-image":"","background-repeat":"repeat","background-position":"center center","background-size":"auto","background-attachment":"scroll","background-type":"","background-media":"","overlay-type":"","overlay-color":"","overlay-opacity":"","overlay-gradient":""}},"footnotes":""},"class_list":["post-1831","page","type-page","status-publish","hentry"],"yoast_head":"<!-- This site is optimized with the Yoast SEO plugin v27.3 - https:\/\/yoast.com\/product\/yoast-seo-wordpress\/ -->\n<title>Newsletter - Gato Sueco - Editorial<\/title>\n<meta name=\"robots\" content=\"index, follow, max-snippet:-1, max-image-preview:large, max-video-preview:-1\" \/>\n<link rel=\"canonical\" href=\"https:\/\/gatosueco.es\/en\/newsletter\/\" \/>\n<meta property=\"og:locale\" content=\"en_GB\" \/>\n<meta property=\"og:type\" content=\"article\" \/>\n<meta property=\"og:title\" content=\"Newsletter - Gato Sueco - Editorial\" \/>\n<meta property=\"og:description\" content=\"No hemos podido validar su suscripci\u00f3n. Se ha realizado su suscripci\u00f3n. Newsletter \u00a1Suscr\u00edbete a nuestra carta mensual para recibir informaci\u00f3n sobre nuestros eventos, lanzamientos y todo lo que hacemos! Introduce tu direcci\u00f3n de e-mail: Introduce tu direcci\u00f3n de e-mail para suscribirte. Ej.: abc@xyz.com Acepta nuestra pol\u00edtica de privacidad: Acepto recibir comunicaciones comerciales de Gato Sueco [&hellip;]\" \/>\n<meta property=\"og:url\" content=\"https:\/\/gatosueco.es\/en\/newsletter\/\" \/>\n<meta property=\"og:site_name\" content=\"Gato Sueco - Editorial\" \/>\n<meta property=\"article:modified_time\" content=\"2026-03-17T14:49:01+00:00\" \/>\n<meta name=\"twitter:card\" content=\"summary_large_image\" \/>\n<meta name=\"twitter:label1\" content=\"Estimated reading time\" \/>\n\t<meta name=\"twitter:data1\" content=\"1 minute\" \/>\n<script type=\"application\/ld+json\" class=\"yoast-schema-graph\">{\"@context\":\"https:\\\/\\\/schema.org\",\"@graph\":[{\"@type\":\"WebPage\",\"@id\":\"https:\\\/\\\/gatosueco.es\\\/newsletter\\\/\",\"url\":\"https:\\\/\\\/gatosueco.es\\\/newsletter\\\/\",\"name\":\"Newsletter - Gato Sueco - Editorial\",\"isPartOf\":{\"@id\":\"https:\\\/\\\/gatosueco.es\\\/#website\"},\"datePublished\":\"2024-10-14T11:41:39+00:00\",\"dateModified\":\"2026-03-17T14:49:01+00:00\",\"breadcrumb\":{\"@id\":\"https:\\\/\\\/gatosueco.es\\\/newsletter\\\/#breadcrumb\"},\"inLanguage\":\"en-GB\",\"potentialAction\":[{\"@type\":\"ReadAction\",\"target\":[\"https:\\\/\\\/gatosueco.es\\\/newsletter\\\/\"]}]},{\"@type\":\"BreadcrumbList\",\"@id\":\"https:\\\/\\\/gatosueco.es\\\/newsletter\\\/#breadcrumb\",\"itemListElement\":[{\"@type\":\"ListItem\",\"position\":1,\"name\":\"Portada\",\"item\":\"https:\\\/\\\/gatosueco.es\\\/\"},{\"@type\":\"ListItem\",\"position\":2,\"name\":\"Newsletter\"}]},{\"@type\":\"WebSite\",\"@id\":\"https:\\\/\\\/gatosueco.es\\\/#website\",\"url\":\"https:\\\/\\\/gatosueco.es\\\/\",\"name\":\"Gato Sueco - Editorial\",\"description\":\"\",\"publisher\":{\"@id\":\"https:\\\/\\\/gatosueco.es\\\/#organization\"},\"potentialAction\":[{\"@type\":\"SearchAction\",\"target\":{\"@type\":\"EntryPoint\",\"urlTemplate\":\"https:\\\/\\\/gatosueco.es\\\/?s={search_term_string}\"},\"query-input\":{\"@type\":\"PropertyValueSpecification\",\"valueRequired\":true,\"valueName\":\"search_term_string\"}}],\"inLanguage\":\"en-GB\"},{\"@type\":\"Organization\",\"@id\":\"https:\\\/\\\/gatosueco.es\\\/#organization\",\"name\":\"Gato Sueco - Editorial\",\"url\":\"https:\\\/\\\/gatosueco.es\\\/\",\"logo\":{\"@type\":\"ImageObject\",\"inLanguage\":\"en-GB\",\"@id\":\"https:\\\/\\\/gatosueco.es\\\/#\\\/schema\\\/logo\\\/image\\\/\",\"url\":\"https:\\\/\\\/gatosueco.es\\\/wp-content\\\/uploads\\\/2023\\\/04\\\/logo_original.svg\",\"contentUrl\":\"https:\\\/\\\/gatosueco.es\\\/wp-content\\\/uploads\\\/2023\\\/04\\\/logo_original.svg\",\"width\":214,\"height\":92,\"caption\":\"Gato Sueco - Editorial\"},\"image\":{\"@id\":\"https:\\\/\\\/gatosueco.es\\\/#\\\/schema\\\/logo\\\/image\\\/\"}}]}<\/script>\n<!-- \/ Yoast SEO plugin. -->","yoast_head_json":{"title":"Newsletter - Gato Sueco - Editorial","robots":{"index":"index","follow":"follow","max-snippet":"max-snippet:-1","max-image-preview":"max-image-preview:large","max-video-preview":"max-video-preview:-1"},"canonical":"https:\/\/gatosueco.es\/en\/newsletter\/","og_locale":"en_GB","og_type":"article","og_title":"Newsletter - Gato Sueco - Editorial","og_description":"No hemos podido validar su suscripci\u00f3n. Se ha realizado su suscripci\u00f3n. Newsletter \u00a1Suscr\u00edbete a nuestra carta mensual para recibir informaci\u00f3n sobre nuestros eventos, lanzamientos y todo lo que hacemos! Introduce tu direcci\u00f3n de e-mail: Introduce tu direcci\u00f3n de e-mail para suscribirte. Ej.: abc@xyz.com Acepta nuestra pol\u00edtica de privacidad: Acepto recibir comunicaciones comerciales de Gato Sueco [&hellip;]","og_url":"https:\/\/gatosueco.es\/en\/newsletter\/","og_site_name":"Gato Sueco - Editorial","article_modified_time":"2026-03-17T14:49:01+00:00","twitter_card":"summary_large_image","twitter_misc":{"Estimated reading time":"1 minute"},"schema":{"@context":"https:\/\/schema.org","@graph":[{"@type":"WebPage","@id":"https:\/\/gatosueco.es\/newsletter\/","url":"https:\/\/gatosueco.es\/newsletter\/","name":"Newsletter - Gato Sueco - Editorial","isPartOf":{"@id":"https:\/\/gatosueco.es\/#website"},"datePublished":"2024-10-14T11:41:39+00:00","dateModified":"2026-03-17T14:49:01+00:00","breadcrumb":{"@id":"https:\/\/gatosueco.es\/newsletter\/#breadcrumb"},"inLanguage":"en-GB","potentialAction":[{"@type":"ReadAction","target":["https:\/\/gatosueco.es\/newsletter\/"]}]},{"@type":"BreadcrumbList","@id":"https:\/\/gatosueco.es\/newsletter\/#breadcrumb","itemListElement":[{"@type":"ListItem","position":1,"name":"Portada","item":"https:\/\/gatosueco.es\/"},{"@type":"ListItem","position":2,"name":"Newsletter"}]},{"@type":"WebSite","@id":"https:\/\/gatosueco.es\/#website","url":"https:\/\/gatosueco.es\/","name":"Cat Swedish - Editorial","description":"","publisher":{"@id":"https:\/\/gatosueco.es\/#organization"},"potentialAction":[{"@type":"SearchAction","target":{"@type":"EntryPoint","urlTemplate":"https:\/\/gatosueco.es\/?s={search_term_string}"},"query-input":{"@type":"PropertyValueSpecification","valueRequired":true,"valueName":"search_term_string"}}],"inLanguage":"en-GB"},{"@type":"Organization","@id":"https:\/\/gatosueco.es\/#organization","name":"Cat Swedish - Editorial","url":"https:\/\/gatosueco.es\/","logo":{"@type":"ImageObject","inLanguage":"en-GB","@id":"https:\/\/gatosueco.es\/#\/schema\/logo\/image\/","url":"https:\/\/gatosueco.es\/wp-content\/uploads\/2023\/04\/logo_original.svg","contentUrl":"https:\/\/gatosueco.es\/wp-content\/uploads\/2023\/04\/logo_original.svg","width":214,"height":92,"caption":"Gato Sueco - Editorial"},"image":{"@id":"https:\/\/gatosueco.es\/#\/schema\/logo\/image\/"}}]}},"_links":{"self":[{"href":"https:\/\/gatosueco.es\/en\/wp-json\/wp\/v2\/pages\/1831","targetHints":{"allow":["GET"]}}],"collection":[{"href":"https:\/\/gatosueco.es\/en\/wp-json\/wp\/v2\/pages"}],"about":[{"href":"https:\/\/gatosueco.es\/en\/wp-json\/wp\/v2\/types\/page"}],"author":[{"embeddable":true,"href":"https:\/\/gatosueco.es\/en\/wp-json\/wp\/v2\/users\/1"}],"replies":[{"embeddable":true,"href":"https:\/\/gatosueco.es\/en\/wp-json\/wp\/v2\/comments?post=1831"}],"version-history":[{"count":23,"href":"https:\/\/gatosueco.es\/en\/wp-json\/wp\/v2\/pages\/1831\/revisions"}],"predecessor-version":[{"id":2154,"href":"https:\/\/gatosueco.es\/en\/wp-json\/wp\/v2\/pages\/1831\/revisions\/2154"}],"wp:attachment":[{"href":"https:\/\/gatosueco.es\/en\/wp-json\/wp\/v2\/media?parent=1831"}],"curies":[{"name":"wp","href":"https:\/\/api.w.org\/{rel}","templated":true}]}}