{"id":1908,"date":"2024-11-07T13:47:39","date_gmt":"2024-11-07T13:47:39","guid":{"rendered":"https:\/\/gatosueco.es\/?page_id=1908"},"modified":"2026-01-21T10:55:39","modified_gmt":"2026-01-21T10:55:39","slug":"distribuidora","status":"publish","type":"page","link":"https:\/\/gatosueco.es\/en\/distribuidora\/","title":{"rendered":"Distributor"},"content":{"rendered":"<div data-elementor-type=\"wp-page\" data-elementor-id=\"1908\" class=\"elementor elementor-1908\" data-elementor-post-type=\"page\">\n\t\t\t\t<div class=\"elementor-element elementor-element-0dc6833 e-flex e-con-boxed e-con e-parent\" data-id=\"0dc6833\" data-element_type=\"container\" data-e-type=\"container\">\n\t\t\t\t\t<div class=\"e-con-inner\">\n\t\t\t\t<div class=\"elementor-element elementor-element-c9ab7e5 elementor-widget elementor-widget-heading\" data-id=\"c9ab7e5\" data-element_type=\"widget\" data-e-type=\"widget\" data-widget_type=\"heading.default\">\n\t\t\t\t<div class=\"elementor-widget-container\">\n\t\t\t\t\t<h2 class=\"elementor-heading-title elementor-size-default\">Distribuci\u00f3n<\/h2>\t\t\t\t<\/div>\n\t\t\t\t<\/div>\n\t\t\t\t\t<\/div>\n\t\t\t\t<\/div>\n\t\t<div class=\"elementor-element elementor-element-640969d e-flex e-con-boxed e-con e-parent\" data-id=\"640969d\" data-element_type=\"container\" data-e-type=\"container\">\n\t\t\t\t\t<div class=\"e-con-inner\">\n\t\t\t\t<div class=\"elementor-element elementor-element-e1a08bd elementor-widget elementor-widget-text-editor\" data-id=\"e1a08bd\" data-element_type=\"widget\" data-e-type=\"widget\" data-widget_type=\"text-editor.default\">\n\t\t\t\t<div class=\"elementor-widget-container\">\n\t\t\t\t\t\t\t\t\t<h3>ESPA\u00d1A<\/h3>\n<h3>Madrid y resto de Espa\u00f1a<\/h3>\nDISTRIFER | <a href=\"http:\/\/www.distriferlibros.es\">www.distriferlibros.com<\/a> | distrifer@distriferlibros.es |\n917 962 709\n<h3>Catalu\u00f1a<\/h3>\nMADE LLIBRES | <a href=\"http:\/\/www.madellibres.com\/\">www.madellibres.com<\/a> | made@madesl.es 938 436 556\n<h3>Chile<\/h3>\nLIBROS PASCAL | libreriapascal@gmail.com\n+56 2 22353020\n<h3>Uruguay<\/h3>\nLUDOS\u00d3FICOS | ludosoficos@gmail.com\n+598 98 898 779\n<h3>Resto latinoam\u00e9rica<\/h3>\nPanoplia libros | pedidos@lapanoplia.com | +34 913004390\n<h3>Tiendas y locales sociales Asturias, Cantabria, Galicia<\/h3>\n<h3>y Pa\u00eds Vasco<\/h3>\nLibros Local Cambalache |<a href=\"http:\/\/localcambalache.org\">www.localcambalache.org<\/a> |cambalache@localcambalache.org | +34 985202292\n<h3>Suecia, Noruega y Dinamarca<\/h3>\nCh\u00e1chara |\u00a0 <a href=\"http:\/\/chachara.se\">www.chachara.se<\/a> |info@chachara.se |\t\t\t\t\t\t\t\t<\/div>\n\t\t\t\t<\/div>\n\t\t\t\t\t<\/div>\n\t\t\t\t<\/div>\n\t\t\t\t<\/div>","protected":false},"excerpt":{"rendered":"<p>Distribuci\u00f3n ESPA\u00d1A Madrid y resto de Espa\u00f1a DISTRIFER | www.distriferlibros.com | distrifer@distriferlibros.es | 917 962 709 Catalu\u00f1a MADE LLIBRES | www.madellibres.com | made@madesl.es 938 436 556 Chile LIBROS PASCAL | libreriapascal@gmail.com +56 2 22353020 Uruguay LUDOS\u00d3FICOS | ludosoficos@gmail.com +598 98 898 779 Resto latinoam\u00e9rica Panoplia libros | pedidos@lapanoplia.com | +34 913004390 Tiendas y locales sociales [&hellip;]<\/p>\n","protected":false},"author":1,"featured_media":0,"parent":0,"menu_order":0,"comment_status":"closed","ping_status":"closed","template":"","meta":{"site-sidebar-layout":"no-sidebar","site-content-layout":"page-builder","ast-site-content-layout":"full-width-container","site-content-style":"default","site-sidebar-style":"default","ast-global-header-display":"","ast-banner-title-visibility":"","ast-main-header-display":"","ast-hfb-above-header-display":"","ast-hfb-below-header-display":"","ast-hfb-mobile-header-display":"","site-post-title":"disabled","ast-breadcrumbs-content":"","ast-featured-img":"disabled","footer-sml-layout":"","ast-disable-related-posts":"","theme-transparent-header-meta":"","adv-header-id-meta":"","stick-header-meta":"","header-above-stick-meta":"","header-main-stick-meta":"","header-below-stick-meta":"","astra-migrate-meta-layouts":"set","ast-page-background-enabled":"default","ast-page-background-meta":{"desktop":{"background-color":"var(--ast-global-color-4)","background-image":"","background-repeat":"repeat","background-position":"center center","background-size":"auto","background-attachment":"scroll","background-type":"","background-media":"","overlay-type":"","overlay-color":"","overlay-opacity":"","overlay-gradient":""},"tablet":{"background-color":"","background-image":"","background-repeat":"repeat","background-position":"center center","background-size":"auto","background-attachment":"scroll","background-type":"","background-media":"","overlay-type":"","overlay-color":"","overlay-opacity":"","overlay-gradient":""},"mobile":{"background-color":"","background-image":"","background-repeat":"repeat","background-position":"center center","background-size":"auto","background-attachment":"scroll","background-type":"","background-media":"","overlay-type":"","overlay-color":"","overlay-opacity":"","overlay-gradient":""}},"ast-content-background-meta":{"desktop":{"background-color":"var(--ast-global-color-5)","background-image":"","background-repeat":"repeat","background-position":"center center","background-size":"auto","background-attachment":"scroll","background-type":"","background-media":"","overlay-type":"","overlay-color":"","overlay-opacity":"","overlay-gradient":""},"tablet":{"background-color":"var(--ast-global-color-5)","background-image":"","background-repeat":"repeat","background-position":"center center","background-size":"auto","background-attachment":"scroll","background-type":"","background-media":"","overlay-type":"","overlay-color":"","overlay-opacity":"","overlay-gradient":""},"mobile":{"background-color":"var(--ast-global-color-5)","background-image":"","background-repeat":"repeat","background-position":"center center","background-size":"auto","background-attachment":"scroll","background-type":"","background-media":"","overlay-type":"","overlay-color":"","overlay-opacity":"","overlay-gradient":""}},"footnotes":""},"class_list":["post-1908","page","type-page","status-publish","hentry"],"yoast_head":"<!-- This site is optimized with the Yoast SEO plugin v27.3 - https:\/\/yoast.com\/product\/yoast-seo-wordpress\/ -->\n<title>Distribuidora - Gato Sueco - Editorial<\/title>\n<meta name=\"robots\" content=\"index, follow, max-snippet:-1, max-image-preview:large, max-video-preview:-1\" \/>\n<link rel=\"canonical\" href=\"https:\/\/gatosueco.es\/en\/distribuidora\/\" \/>\n<meta property=\"og:locale\" content=\"en_GB\" \/>\n<meta property=\"og:type\" content=\"article\" \/>\n<meta property=\"og:title\" content=\"Distribuidora - Gato Sueco - Editorial\" \/>\n<meta property=\"og:description\" content=\"Distribuci\u00f3n ESPA\u00d1A Madrid y resto de Espa\u00f1a DISTRIFER | www.distriferlibros.com | distrifer@distriferlibros.es | 917 962 709 Catalu\u00f1a MADE LLIBRES | www.madellibres.com | made@madesl.es 938 436 556 Chile LIBROS PASCAL | libreriapascal@gmail.com +56 2 22353020 Uruguay LUDOS\u00d3FICOS | ludosoficos@gmail.com +598 98 898 779 Resto latinoam\u00e9rica Panoplia libros | pedidos@lapanoplia.com | +34 913004390 Tiendas y locales sociales [&hellip;]\" \/>\n<meta property=\"og:url\" content=\"https:\/\/gatosueco.es\/en\/distribuidora\/\" \/>\n<meta property=\"og:site_name\" content=\"Gato Sueco - Editorial\" \/>\n<meta property=\"article:modified_time\" content=\"2026-01-21T10:55:39+00:00\" \/>\n<meta name=\"twitter:card\" content=\"summary_large_image\" \/>\n<meta name=\"twitter:label1\" content=\"Estimated reading time\" \/>\n\t<meta name=\"twitter:data1\" content=\"1 minute\" \/>\n<script type=\"application\/ld+json\" class=\"yoast-schema-graph\">{\"@context\":\"https:\\\/\\\/schema.org\",\"@graph\":[{\"@type\":\"WebPage\",\"@id\":\"https:\\\/\\\/gatosueco.es\\\/distribuidora\\\/\",\"url\":\"https:\\\/\\\/gatosueco.es\\\/distribuidora\\\/\",\"name\":\"Distribuidora - Gato Sueco - Editorial\",\"isPartOf\":{\"@id\":\"https:\\\/\\\/gatosueco.es\\\/#website\"},\"datePublished\":\"2024-11-07T13:47:39+00:00\",\"dateModified\":\"2026-01-21T10:55:39+00:00\",\"breadcrumb\":{\"@id\":\"https:\\\/\\\/gatosueco.es\\\/distribuidora\\\/#breadcrumb\"},\"inLanguage\":\"en-GB\",\"potentialAction\":[{\"@type\":\"ReadAction\",\"target\":[\"https:\\\/\\\/gatosueco.es\\\/distribuidora\\\/\"]}]},{\"@type\":\"BreadcrumbList\",\"@id\":\"https:\\\/\\\/gatosueco.es\\\/distribuidora\\\/#breadcrumb\",\"itemListElement\":[{\"@type\":\"ListItem\",\"position\":1,\"name\":\"Portada\",\"item\":\"https:\\\/\\\/gatosueco.es\\\/\"},{\"@type\":\"ListItem\",\"position\":2,\"name\":\"Distribuidora\"}]},{\"@type\":\"WebSite\",\"@id\":\"https:\\\/\\\/gatosueco.es\\\/#website\",\"url\":\"https:\\\/\\\/gatosueco.es\\\/\",\"name\":\"Gato Sueco - Editorial\",\"description\":\"\",\"publisher\":{\"@id\":\"https:\\\/\\\/gatosueco.es\\\/#organization\"},\"potentialAction\":[{\"@type\":\"SearchAction\",\"target\":{\"@type\":\"EntryPoint\",\"urlTemplate\":\"https:\\\/\\\/gatosueco.es\\\/?s={search_term_string}\"},\"query-input\":{\"@type\":\"PropertyValueSpecification\",\"valueRequired\":true,\"valueName\":\"search_term_string\"}}],\"inLanguage\":\"en-GB\"},{\"@type\":\"Organization\",\"@id\":\"https:\\\/\\\/gatosueco.es\\\/#organization\",\"name\":\"Gato Sueco - Editorial\",\"url\":\"https:\\\/\\\/gatosueco.es\\\/\",\"logo\":{\"@type\":\"ImageObject\",\"inLanguage\":\"en-GB\",\"@id\":\"https:\\\/\\\/gatosueco.es\\\/#\\\/schema\\\/logo\\\/image\\\/\",\"url\":\"https:\\\/\\\/gatosueco.es\\\/wp-content\\\/uploads\\\/2023\\\/04\\\/logo_original.svg\",\"contentUrl\":\"https:\\\/\\\/gatosueco.es\\\/wp-content\\\/uploads\\\/2023\\\/04\\\/logo_original.svg\",\"width\":214,\"height\":92,\"caption\":\"Gato Sueco - Editorial\"},\"image\":{\"@id\":\"https:\\\/\\\/gatosueco.es\\\/#\\\/schema\\\/logo\\\/image\\\/\"}}]}<\/script>\n<!-- \/ Yoast SEO plugin. -->","yoast_head_json":{"title":"Distribuidora - Gato Sueco - Editorial","robots":{"index":"index","follow":"follow","max-snippet":"max-snippet:-1","max-image-preview":"max-image-preview:large","max-video-preview":"max-video-preview:-1"},"canonical":"https:\/\/gatosueco.es\/en\/distribuidora\/","og_locale":"en_GB","og_type":"article","og_title":"Distribuidora - Gato Sueco - Editorial","og_description":"Distribuci\u00f3n ESPA\u00d1A Madrid y resto de Espa\u00f1a DISTRIFER | www.distriferlibros.com | distrifer@distriferlibros.es | 917 962 709 Catalu\u00f1a MADE LLIBRES | www.madellibres.com | made@madesl.es 938 436 556 Chile LIBROS PASCAL | libreriapascal@gmail.com +56 2 22353020 Uruguay LUDOS\u00d3FICOS | ludosoficos@gmail.com +598 98 898 779 Resto latinoam\u00e9rica Panoplia libros | pedidos@lapanoplia.com | +34 913004390 Tiendas y locales sociales [&hellip;]","og_url":"https:\/\/gatosueco.es\/en\/distribuidora\/","og_site_name":"Gato Sueco - Editorial","article_modified_time":"2026-01-21T10:55:39+00:00","twitter_card":"summary_large_image","twitter_misc":{"Estimated reading time":"1 minute"},"schema":{"@context":"https:\/\/schema.org","@graph":[{"@type":"WebPage","@id":"https:\/\/gatosueco.es\/distribuidora\/","url":"https:\/\/gatosueco.es\/distribuidora\/","name":"Distribuidora - Gato Sueco - Editorial","isPartOf":{"@id":"https:\/\/gatosueco.es\/#website"},"datePublished":"2024-11-07T13:47:39+00:00","dateModified":"2026-01-21T10:55:39+00:00","breadcrumb":{"@id":"https:\/\/gatosueco.es\/distribuidora\/#breadcrumb"},"inLanguage":"en-GB","potentialAction":[{"@type":"ReadAction","target":["https:\/\/gatosueco.es\/distribuidora\/"]}]},{"@type":"BreadcrumbList","@id":"https:\/\/gatosueco.es\/distribuidora\/#breadcrumb","itemListElement":[{"@type":"ListItem","position":1,"name":"Portada","item":"https:\/\/gatosueco.es\/"},{"@type":"ListItem","position":2,"name":"Distribuidora"}]},{"@type":"WebSite","@id":"https:\/\/gatosueco.es\/#website","url":"https:\/\/gatosueco.es\/","name":"Cat Swedish - Editorial","description":"","publisher":{"@id":"https:\/\/gatosueco.es\/#organization"},"potentialAction":[{"@type":"SearchAction","target":{"@type":"EntryPoint","urlTemplate":"https:\/\/gatosueco.es\/?s={search_term_string}"},"query-input":{"@type":"PropertyValueSpecification","valueRequired":true,"valueName":"search_term_string"}}],"inLanguage":"en-GB"},{"@type":"Organization","@id":"https:\/\/gatosueco.es\/#organization","name":"Cat Swedish - Editorial","url":"https:\/\/gatosueco.es\/","logo":{"@type":"ImageObject","inLanguage":"en-GB","@id":"https:\/\/gatosueco.es\/#\/schema\/logo\/image\/","url":"https:\/\/gatosueco.es\/wp-content\/uploads\/2023\/04\/logo_original.svg","contentUrl":"https:\/\/gatosueco.es\/wp-content\/uploads\/2023\/04\/logo_original.svg","width":214,"height":92,"caption":"Gato Sueco - Editorial"},"image":{"@id":"https:\/\/gatosueco.es\/#\/schema\/logo\/image\/"}}]}},"_links":{"self":[{"href":"https:\/\/gatosueco.es\/en\/wp-json\/wp\/v2\/pages\/1908","targetHints":{"allow":["GET"]}}],"collection":[{"href":"https:\/\/gatosueco.es\/en\/wp-json\/wp\/v2\/pages"}],"about":[{"href":"https:\/\/gatosueco.es\/en\/wp-json\/wp\/v2\/types\/page"}],"author":[{"embeddable":true,"href":"https:\/\/gatosueco.es\/en\/wp-json\/wp\/v2\/users\/1"}],"replies":[{"embeddable":true,"href":"https:\/\/gatosueco.es\/en\/wp-json\/wp\/v2\/comments?post=1908"}],"version-history":[{"count":25,"href":"https:\/\/gatosueco.es\/en\/wp-json\/wp\/v2\/pages\/1908\/revisions"}],"predecessor-version":[{"id":2126,"href":"https:\/\/gatosueco.es\/en\/wp-json\/wp\/v2\/pages\/1908\/revisions\/2126"}],"wp:attachment":[{"href":"https:\/\/gatosueco.es\/en\/wp-json\/wp\/v2\/media?parent=1908"}],"curies":[{"name":"wp","href":"https:\/\/api.w.org\/{rel}","templated":true}]}}