{"id":2005,"date":"2025-02-12T13:06:44","date_gmt":"2025-02-12T13:06:44","guid":{"rendered":"https:\/\/gatosueco.es\/?post_type=product&#038;p=2005"},"modified":"2025-04-25T09:17:25","modified_gmt":"2025-04-25T09:17:25","slug":"no-me-gusta-el-agua","status":"publish","type":"product","link":"https:\/\/gatosueco.es\/en\/catalogo\/no-me-gusta-el-agua\/","title":{"rendered":"\u00a1NO ME GUSTA EL AGUA!"},"content":{"rendered":"","protected":false},"excerpt":{"rendered":"<div>\n<div>\n<p class=\"Cuerpo\"><strong><span lang=\"ES-TRAD\">A Alfred no le gusta el agua. Nada de piscinas, <\/span><\/strong><\/p>\n<\/div>\n<div>\n<p class=\"Cuerpo\"><strong><span lang=\"ES-TRAD\">ni los mares, ni los r<\/span>\u00ed<span lang=\"ES-TRAD\">os, ni jugar en una canoa. <\/span><\/strong><\/p>\n<\/div>\n<div>\n<p class=\"Cuerpo\"><strong><span lang=\"ES-TRAD\">No es f<\/span>\u00e1<span lang=\"ES-TRAD\">cil cuando al resto de amigos y amigas, les encanta.<\/span><\/strong><\/p>\n<\/div>\n<div>\n<p class=\"Cuerpo\"><strong><span lang=\"ES-TRAD\">No es f<\/span>\u00e1<span lang=\"ES-TRAD\">cil ser diferente, pero se puede ser distinto <\/span><\/strong><\/p>\n<\/div>\n<div>\n<p class=\"Cuerpo\"><strong><span lang=\"PT\">y encontrar tu lugar.<\/span><\/strong><\/p>\n<\/div>\n<div>\n<p class=\"Cuerpo\">\n<\/div>\n<div>\n<p class=\"Cuerpo\"><strong><span lang=\"ES-TRAD\">Otro relato sobre la amistad y la identidad escrito e ilustrado <\/span><\/strong><\/p>\n<\/div>\n<div>\n<p class=\"Cuerpo\"><strong><span lang=\"ES-TRAD\">por la ganadora del Premio Astrid Lindgren en 2022.<\/span><\/strong><\/p>\n<\/div>\n<\/div>\n<p>Libro traducido gracias a la ayuda de la Uni\u00f3n Europea<\/p>","protected":false},"featured_media":2006,"comment_status":"closed","ping_status":"closed","template":"","meta":{"site-sidebar-layout":"default","site-content-layout":"default","ast-site-content-layout":"default","site-content-style":"default","site-sidebar-style":"default","ast-global-header-display":"","ast-banner-title-visibility":"","ast-main-header-display":"","ast-hfb-above-header-display":"","ast-hfb-below-header-display":"","ast-hfb-mobile-header-display":"","site-post-title":"","ast-breadcrumbs-content":"","ast-featured-img":"","footer-sml-layout":"","ast-disable-related-posts":"","theme-transparent-header-meta":"default","adv-header-id-meta":"","stick-header-meta":"default","header-above-stick-meta":"","header-main-stick-meta":"","header-below-stick-meta":"","astra-migrate-meta-layouts":"set","ast-page-background-enabled":"default","ast-page-background-meta":{"desktop":{"background-color":"var(--ast-global-color-4)","background-image":"","background-repeat":"repeat","background-position":"center center","background-size":"auto","background-attachment":"scroll","background-type":"","background-media":"","overlay-type":"","overlay-color":"","overlay-opacity":"","overlay-gradient":""},"tablet":{"background-color":"","background-image":"","background-repeat":"repeat","background-position":"center center","background-size":"auto","background-attachment":"scroll","background-type":"","background-media":"","overlay-type":"","overlay-color":"","overlay-opacity":"","overlay-gradient":""},"mobile":{"background-color":"","background-image":"","background-repeat":"repeat","background-position":"center center","background-size":"auto","background-attachment":"scroll","background-type":"","background-media":"","overlay-type":"","overlay-color":"","overlay-opacity":"","overlay-gradient":""}},"ast-content-background-meta":{"desktop":{"background-color":"var(--ast-global-color-5)","background-image":"","background-repeat":"repeat","background-position":"center center","background-size":"auto","background-attachment":"scroll","background-type":"","background-media":"","overlay-type":"","overlay-color":"","overlay-opacity":"","overlay-gradient":""},"tablet":{"background-color":"var(--ast-global-color-5)","background-image":"","background-repeat":"repeat","background-position":"center center","background-size":"auto","background-attachment":"scroll","background-type":"","background-media":"","overlay-type":"","overlay-color":"","overlay-opacity":"","overlay-gradient":""},"mobile":{"background-color":"var(--ast-global-color-5)","background-image":"","background-repeat":"repeat","background-position":"center center","background-size":"auto","background-attachment":"scroll","background-type":"","background-media":"","overlay-type":"","overlay-color":"","overlay-opacity":"","overlay-gradient":""}}},"product_brand":[],"product_cat":[21,18],"product_tag":[],"class_list":{"0":"post-2005","1":"product","2":"type-product","3":"status-publish","4":"has-post-thumbnail","6":"product_cat-castellano","7":"product_cat-para-que-te-lean-y-para-empezar-a-leer","8":"desktop-align-left","9":"tablet-align-left","10":"mobile-align-left","11":"ast-product-gallery-layout-horizontal-slider","12":"ast-product-gallery-with-no-image","13":"ast-magnify-disabled","14":"ast-product-tabs-layout-accordion","16":"first","17":"instock","18":"shipping-taxable","19":"product-type-external"},"yoast_head":"<!-- This site is optimized with the Yoast SEO plugin v27.3 - https:\/\/yoast.com\/product\/yoast-seo-wordpress\/ -->\n<title>\u00a1NO ME GUSTA EL AGUA! - Gato Sueco - Editorial<\/title>\n<meta name=\"robots\" content=\"index, follow, max-snippet:-1, max-image-preview:large, max-video-preview:-1\" \/>\n<link rel=\"canonical\" href=\"https:\/\/gatosueco.es\/en\/catalogo\/no-me-gusta-el-agua\/\" \/>\n<meta property=\"og:locale\" content=\"en_GB\" \/>\n<meta property=\"og:type\" content=\"article\" \/>\n<meta property=\"og:title\" content=\"\u00a1NO ME GUSTA EL AGUA! - Gato Sueco - Editorial\" \/>\n<meta property=\"og:description\" content=\"A Alfred no le gusta el agua. Nada de piscinas,     ni los mares, ni los r\u00edos, ni jugar en una canoa.     No es f\u00e1cil cuando al resto de amigos y amigas, les encanta.    No es f\u00e1cil ser diferente, pero se puede ser distinto     y encontrar tu lugar.        Otro relato sobre la amistad y la identidad escrito e ilustrado     por la ganadora del Premio Astrid Lindgren en 2022.    Libro traducido gracias a la ayuda de la Uni\u00f3n Europea\" \/>\n<meta property=\"og:url\" content=\"https:\/\/gatosueco.es\/en\/catalogo\/no-me-gusta-el-agua\/\" \/>\n<meta property=\"og:site_name\" content=\"Gato Sueco - Editorial\" \/>\n<meta property=\"article:modified_time\" content=\"2025-04-25T09:17:25+00:00\" \/>\n<meta property=\"og:image\" content=\"https:\/\/gatosueco.es\/wp-content\/uploads\/2025\/02\/cubierta-\u00a1No-me-gusta-el-agua.png\" \/>\n\t<meta property=\"og:image:width\" content=\"976\" \/>\n\t<meta property=\"og:image:height\" content=\"1292\" \/>\n\t<meta property=\"og:image:type\" content=\"image\/png\" \/>\n<meta name=\"twitter:card\" content=\"summary_large_image\" \/>\n<meta name=\"twitter:label1\" content=\"Estimated reading time\" \/>\n\t<meta name=\"twitter:data1\" content=\"1 minute\" \/>\n<script type=\"application\/ld+json\" class=\"yoast-schema-graph\">{\"@context\":\"https:\\\/\\\/schema.org\",\"@graph\":[{\"@type\":\"WebPage\",\"@id\":\"https:\\\/\\\/gatosueco.es\\\/catalogo\\\/no-me-gusta-el-agua\\\/\",\"url\":\"https:\\\/\\\/gatosueco.es\\\/catalogo\\\/no-me-gusta-el-agua\\\/\",\"name\":\"\u00a1NO ME GUSTA EL AGUA! - Gato Sueco - Editorial\",\"isPartOf\":{\"@id\":\"https:\\\/\\\/gatosueco.es\\\/#website\"},\"primaryImageOfPage\":{\"@id\":\"https:\\\/\\\/gatosueco.es\\\/catalogo\\\/no-me-gusta-el-agua\\\/#primaryimage\"},\"image\":{\"@id\":\"https:\\\/\\\/gatosueco.es\\\/catalogo\\\/no-me-gusta-el-agua\\\/#primaryimage\"},\"thumbnailUrl\":\"https:\\\/\\\/gatosueco.es\\\/wp-content\\\/uploads\\\/2025\\\/02\\\/cubierta-\u00a1No-me-gusta-el-agua.png\",\"datePublished\":\"2025-02-12T13:06:44+00:00\",\"dateModified\":\"2025-04-25T09:17:25+00:00\",\"breadcrumb\":{\"@id\":\"https:\\\/\\\/gatosueco.es\\\/catalogo\\\/no-me-gusta-el-agua\\\/#breadcrumb\"},\"inLanguage\":\"en-GB\",\"potentialAction\":[{\"@type\":\"ReadAction\",\"target\":[\"https:\\\/\\\/gatosueco.es\\\/catalogo\\\/no-me-gusta-el-agua\\\/\"]}]},{\"@type\":\"ImageObject\",\"inLanguage\":\"en-GB\",\"@id\":\"https:\\\/\\\/gatosueco.es\\\/catalogo\\\/no-me-gusta-el-agua\\\/#primaryimage\",\"url\":\"https:\\\/\\\/gatosueco.es\\\/wp-content\\\/uploads\\\/2025\\\/02\\\/cubierta-\u00a1No-me-gusta-el-agua.png\",\"contentUrl\":\"https:\\\/\\\/gatosueco.es\\\/wp-content\\\/uploads\\\/2025\\\/02\\\/cubierta-\u00a1No-me-gusta-el-agua.png\",\"width\":976,\"height\":1292},{\"@type\":\"BreadcrumbList\",\"@id\":\"https:\\\/\\\/gatosueco.es\\\/catalogo\\\/no-me-gusta-el-agua\\\/#breadcrumb\",\"itemListElement\":[{\"@type\":\"ListItem\",\"position\":1,\"name\":\"Portada\",\"item\":\"https:\\\/\\\/gatosueco.es\\\/\"},{\"@type\":\"ListItem\",\"position\":2,\"name\":\"Productos\",\"item\":\"https:\\\/\\\/gatosueco.es\\\/catalogoss\\\/\"},{\"@type\":\"ListItem\",\"position\":3,\"name\":\"\u00a1NO ME GUSTA EL AGUA!\"}]},{\"@type\":\"WebSite\",\"@id\":\"https:\\\/\\\/gatosueco.es\\\/#website\",\"url\":\"https:\\\/\\\/gatosueco.es\\\/\",\"name\":\"Gato Sueco - Editorial\",\"description\":\"\",\"publisher\":{\"@id\":\"https:\\\/\\\/gatosueco.es\\\/#organization\"},\"potentialAction\":[{\"@type\":\"SearchAction\",\"target\":{\"@type\":\"EntryPoint\",\"urlTemplate\":\"https:\\\/\\\/gatosueco.es\\\/?s={search_term_string}\"},\"query-input\":{\"@type\":\"PropertyValueSpecification\",\"valueRequired\":true,\"valueName\":\"search_term_string\"}}],\"inLanguage\":\"en-GB\"},{\"@type\":\"Organization\",\"@id\":\"https:\\\/\\\/gatosueco.es\\\/#organization\",\"name\":\"Gato Sueco - Editorial\",\"url\":\"https:\\\/\\\/gatosueco.es\\\/\",\"logo\":{\"@type\":\"ImageObject\",\"inLanguage\":\"en-GB\",\"@id\":\"https:\\\/\\\/gatosueco.es\\\/#\\\/schema\\\/logo\\\/image\\\/\",\"url\":\"https:\\\/\\\/gatosueco.es\\\/wp-content\\\/uploads\\\/2023\\\/04\\\/logo_original.svg\",\"contentUrl\":\"https:\\\/\\\/gatosueco.es\\\/wp-content\\\/uploads\\\/2023\\\/04\\\/logo_original.svg\",\"width\":214,\"height\":92,\"caption\":\"Gato Sueco - Editorial\"},\"image\":{\"@id\":\"https:\\\/\\\/gatosueco.es\\\/#\\\/schema\\\/logo\\\/image\\\/\"}}]}<\/script>\n<!-- \/ Yoast SEO plugin. -->","yoast_head_json":{"title":"\u00a1NO ME GUSTA EL AGUA! - Gato Sueco - Editorial","robots":{"index":"index","follow":"follow","max-snippet":"max-snippet:-1","max-image-preview":"max-image-preview:large","max-video-preview":"max-video-preview:-1"},"canonical":"https:\/\/gatosueco.es\/en\/catalogo\/no-me-gusta-el-agua\/","og_locale":"en_GB","og_type":"article","og_title":"\u00a1NO ME GUSTA EL AGUA! - Gato Sueco - Editorial","og_description":"A Alfred no le gusta el agua. Nada de piscinas,     ni los mares, ni los r\u00edos, ni jugar en una canoa.     No es f\u00e1cil cuando al resto de amigos y amigas, les encanta.    No es f\u00e1cil ser diferente, pero se puede ser distinto     y encontrar tu lugar.        Otro relato sobre la amistad y la identidad escrito e ilustrado     por la ganadora del Premio Astrid Lindgren en 2022.    Libro traducido gracias a la ayuda de la Uni\u00f3n Europea","og_url":"https:\/\/gatosueco.es\/en\/catalogo\/no-me-gusta-el-agua\/","og_site_name":"Gato Sueco - Editorial","article_modified_time":"2025-04-25T09:17:25+00:00","og_image":[{"width":976,"height":1292,"url":"https:\/\/gatosueco.es\/wp-content\/uploads\/2025\/02\/cubierta-\u00a1No-me-gusta-el-agua.png","type":"image\/png"}],"twitter_card":"summary_large_image","twitter_misc":{"Estimated reading time":"1 minute"},"schema":{"@context":"https:\/\/schema.org","@graph":[{"@type":"WebPage","@id":"https:\/\/gatosueco.es\/catalogo\/no-me-gusta-el-agua\/","url":"https:\/\/gatosueco.es\/catalogo\/no-me-gusta-el-agua\/","name":"\u00a1NO ME GUSTA EL AGUA! - Gato Sueco - Editorial","isPartOf":{"@id":"https:\/\/gatosueco.es\/#website"},"primaryImageOfPage":{"@id":"https:\/\/gatosueco.es\/catalogo\/no-me-gusta-el-agua\/#primaryimage"},"image":{"@id":"https:\/\/gatosueco.es\/catalogo\/no-me-gusta-el-agua\/#primaryimage"},"thumbnailUrl":"https:\/\/gatosueco.es\/wp-content\/uploads\/2025\/02\/cubierta-\u00a1No-me-gusta-el-agua.png","datePublished":"2025-02-12T13:06:44+00:00","dateModified":"2025-04-25T09:17:25+00:00","breadcrumb":{"@id":"https:\/\/gatosueco.es\/catalogo\/no-me-gusta-el-agua\/#breadcrumb"},"inLanguage":"en-GB","potentialAction":[{"@type":"ReadAction","target":["https:\/\/gatosueco.es\/catalogo\/no-me-gusta-el-agua\/"]}]},{"@type":"ImageObject","inLanguage":"en-GB","@id":"https:\/\/gatosueco.es\/catalogo\/no-me-gusta-el-agua\/#primaryimage","url":"https:\/\/gatosueco.es\/wp-content\/uploads\/2025\/02\/cubierta-\u00a1No-me-gusta-el-agua.png","contentUrl":"https:\/\/gatosueco.es\/wp-content\/uploads\/2025\/02\/cubierta-\u00a1No-me-gusta-el-agua.png","width":976,"height":1292},{"@type":"BreadcrumbList","@id":"https:\/\/gatosueco.es\/catalogo\/no-me-gusta-el-agua\/#breadcrumb","itemListElement":[{"@type":"ListItem","position":1,"name":"Portada","item":"https:\/\/gatosueco.es\/"},{"@type":"ListItem","position":2,"name":"Productos","item":"https:\/\/gatosueco.es\/catalogoss\/"},{"@type":"ListItem","position":3,"name":"\u00a1NO ME GUSTA EL AGUA!"}]},{"@type":"WebSite","@id":"https:\/\/gatosueco.es\/#website","url":"https:\/\/gatosueco.es\/","name":"Cat Swedish - Editorial","description":"","publisher":{"@id":"https:\/\/gatosueco.es\/#organization"},"potentialAction":[{"@type":"SearchAction","target":{"@type":"EntryPoint","urlTemplate":"https:\/\/gatosueco.es\/?s={search_term_string}"},"query-input":{"@type":"PropertyValueSpecification","valueRequired":true,"valueName":"search_term_string"}}],"inLanguage":"en-GB"},{"@type":"Organization","@id":"https:\/\/gatosueco.es\/#organization","name":"Cat Swedish - Editorial","url":"https:\/\/gatosueco.es\/","logo":{"@type":"ImageObject","inLanguage":"en-GB","@id":"https:\/\/gatosueco.es\/#\/schema\/logo\/image\/","url":"https:\/\/gatosueco.es\/wp-content\/uploads\/2023\/04\/logo_original.svg","contentUrl":"https:\/\/gatosueco.es\/wp-content\/uploads\/2023\/04\/logo_original.svg","width":214,"height":92,"caption":"Gato Sueco - Editorial"},"image":{"@id":"https:\/\/gatosueco.es\/#\/schema\/logo\/image\/"}}]}},"_links":{"self":[{"href":"https:\/\/gatosueco.es\/en\/wp-json\/wp\/v2\/product\/2005","targetHints":{"allow":["GET"]}}],"collection":[{"href":"https:\/\/gatosueco.es\/en\/wp-json\/wp\/v2\/product"}],"about":[{"href":"https:\/\/gatosueco.es\/en\/wp-json\/wp\/v2\/types\/product"}],"replies":[{"embeddable":true,"href":"https:\/\/gatosueco.es\/en\/wp-json\/wp\/v2\/comments?post=2005"}],"wp:featuredmedia":[{"embeddable":true,"href":"https:\/\/gatosueco.es\/en\/wp-json\/wp\/v2\/media\/2006"}],"wp:attachment":[{"href":"https:\/\/gatosueco.es\/en\/wp-json\/wp\/v2\/media?parent=2005"}],"wp:term":[{"taxonomy":"product_brand","embeddable":true,"href":"https:\/\/gatosueco.es\/en\/wp-json\/wp\/v2\/product_brand?post=2005"},{"taxonomy":"product_cat","embeddable":true,"href":"https:\/\/gatosueco.es\/en\/wp-json\/wp\/v2\/product_cat?post=2005"},{"taxonomy":"product_tag","embeddable":true,"href":"https:\/\/gatosueco.es\/en\/wp-json\/wp\/v2\/product_tag?post=2005"}],"curies":[{"name":"wp","href":"https:\/\/api.w.org\/{rel}","templated":true}]}}