{"id":2047,"date":"2025-04-14T07:37:58","date_gmt":"2025-04-14T07:37:58","guid":{"rendered":"https:\/\/gatosueco.es\/?post_type=product&#038;p=2047"},"modified":"2026-03-17T15:00:22","modified_gmt":"2026-03-17T15:00:22","slug":"comedy-queen","status":"publish","type":"product","link":"https:\/\/gatosueco.es\/en\/catalogo\/comedy-queen\/","title":{"rendered":"Comedy Queen"},"content":{"rendered":"","protected":false},"excerpt":{"rendered":"<div>\n<p class=\"Cuerpo\"><span style=\"color: #333333;\"><i>COSAS QUE TENGO QUE HACER PARA SOBREVIVIR:<\/i><\/span><\/p>\n<p>1. Raparme el pelo.<\/p>\n<p>2. No cuidar a ning\u00fan ser vivo.<\/p>\n<p>3. No leer libros.<\/p>\n<p>4. Llevar solo ropa de colores.<\/p>\n<p>5. No pensar demasiado (a ser posible, nada).<\/p>\n<p>6. No salir a pasear. No salir al bosque.<\/p>\n<p>7. \u00a1SER LA REINA DE LA COMEDIA!<\/p>\n<p>La madre de Sasha se ha suicidado y ella decide que, para sobrevivir, tiene que hacer todo lo contrario a lo que su madre hac\u00eda.<\/p>\n<p>Este es un libro lleno de humor y ternura en el que Sasha, entender\u00e1 que el peligro no es vivir emociones dif\u00edciles,<\/p>\n<p>si no quedarte a solas con ellas: puedes llegar a pensar que tus problemas no tienen soluci\u00f3n, que es imposible<\/p>\n<p>que nada cambie. Pero volver\u00e1s a sonre\u00edr, aunque en este momento no lo creas. Tal vez, incluso, puedas llegar a ser un aut\u00e9ntica\u2026 \u00a1Reina de la comedia!<\/p>\n<p>Libro traducido gracias a la ayuda de la Uni\u00f3n Europea.<\/p>\n<p><i>Esta obra ha recibido una ayuda del Ministerio de Cultura, a trav\u00e9s de la Direcci\u00f3n General del Libro, del C\u00f3mic y de la Lectura<\/i><\/p>\n<p><img decoding=\"async\" class=\"alignnone wp-image-2155\" src=\"https:\/\/gatosueco.es\/wp-content\/uploads\/2025\/04\/logo-ministerio.webp\" alt=\"\" width=\"337\" height=\"73\" srcset=\"https:\/\/gatosueco.es\/wp-content\/uploads\/2025\/04\/logo-ministerio.webp 800w, https:\/\/gatosueco.es\/wp-content\/uploads\/2025\/04\/logo-ministerio-300x65.webp 300w, https:\/\/gatosueco.es\/wp-content\/uploads\/2025\/04\/logo-ministerio-768x166.webp 768w, https:\/\/gatosueco.es\/wp-content\/uploads\/2025\/04\/logo-ministerio-18x4.webp 18w, https:\/\/gatosueco.es\/wp-content\/uploads\/2025\/04\/logo-ministerio-600x130.webp 600w\" sizes=\"(max-width: 337px) 100vw, 337px\" \/><\/p>\n<\/div>","protected":false},"featured_media":2048,"comment_status":"closed","ping_status":"closed","template":"","meta":{"site-sidebar-layout":"default","site-content-layout":"default","ast-site-content-layout":"default","site-content-style":"default","site-sidebar-style":"default","ast-global-header-display":"","ast-banner-title-visibility":"","ast-main-header-display":"","ast-hfb-above-header-display":"","ast-hfb-below-header-display":"","ast-hfb-mobile-header-display":"","site-post-title":"","ast-breadcrumbs-content":"","ast-featured-img":"","footer-sml-layout":"","ast-disable-related-posts":"","theme-transparent-header-meta":"default","adv-header-id-meta":"","stick-header-meta":"default","header-above-stick-meta":"","header-main-stick-meta":"","header-below-stick-meta":"","astra-migrate-meta-layouts":"set","ast-page-background-enabled":"default","ast-page-background-meta":{"desktop":{"background-color":"var(--ast-global-color-4)","background-image":"","background-repeat":"repeat","background-position":"center center","background-size":"auto","background-attachment":"scroll","background-type":"","background-media":"","overlay-type":"","overlay-color":"","overlay-opacity":"","overlay-gradient":""},"tablet":{"background-color":"","background-image":"","background-repeat":"repeat","background-position":"center center","background-size":"auto","background-attachment":"scroll","background-type":"","background-media":"","overlay-type":"","overlay-color":"","overlay-opacity":"","overlay-gradient":""},"mobile":{"background-color":"","background-image":"","background-repeat":"repeat","background-position":"center center","background-size":"auto","background-attachment":"scroll","background-type":"","background-media":"","overlay-type":"","overlay-color":"","overlay-opacity":"","overlay-gradient":""}},"ast-content-background-meta":{"desktop":{"background-color":"var(--ast-global-color-5)","background-image":"","background-repeat":"repeat","background-position":"center center","background-size":"auto","background-attachment":"scroll","background-type":"","background-media":"","overlay-type":"","overlay-color":"","overlay-opacity":"","overlay-gradient":""},"tablet":{"background-color":"var(--ast-global-color-5)","background-image":"","background-repeat":"repeat","background-position":"center center","background-size":"auto","background-attachment":"scroll","background-type":"","background-media":"","overlay-type":"","overlay-color":"","overlay-opacity":"","overlay-gradient":""},"mobile":{"background-color":"var(--ast-global-color-5)","background-image":"","background-repeat":"repeat","background-position":"center center","background-size":"auto","background-attachment":"scroll","background-type":"","background-media":"","overlay-type":"","overlay-color":"","overlay-opacity":"","overlay-gradient":""}}},"product_brand":[],"product_cat":[21,22,50],"product_tag":[],"class_list":{"0":"post-2047","1":"product","2":"type-product","3":"status-publish","4":"has-post-thumbnail","6":"product_cat-castellano","7":"product_cat-las-personas-adultas-que-leen","8":"product_cat-lecturas-para-mas-grandes","9":"desktop-align-left","10":"tablet-align-left","11":"mobile-align-left","12":"ast-product-gallery-layout-horizontal-slider","13":"ast-product-gallery-with-no-image","14":"ast-magnify-disabled","15":"ast-product-tabs-layout-accordion","17":"first","18":"instock","19":"shipping-taxable","20":"product-type-external"},"yoast_head":"<!-- This site is optimized with the Yoast SEO plugin v27.3 - https:\/\/yoast.com\/product\/yoast-seo-wordpress\/ -->\n<title>Comedy Queen - Gato Sueco - Editorial<\/title>\n<meta name=\"robots\" content=\"index, follow, max-snippet:-1, max-image-preview:large, max-video-preview:-1\" \/>\n<link rel=\"canonical\" href=\"https:\/\/gatosueco.es\/en\/catalogo\/comedy-queen\/\" \/>\n<meta property=\"og:locale\" content=\"en_GB\" \/>\n<meta property=\"og:type\" content=\"article\" \/>\n<meta property=\"og:title\" content=\"Comedy Queen - Gato Sueco - Editorial\" \/>\n<meta property=\"og:description\" content=\"COSAS QUE TENGO QUE HACER PARA SOBREVIVIR: 1. Raparme el pelo.  2. No cuidar a ning\u00fan ser vivo.  3. No leer libros.  4. Llevar solo ropa de colores.  5. No pensar demasiado (a ser posible, nada).  6. No salir a pasear. No salir al bosque.  7. \u00a1SER LA REINA DE LA COMEDIA!  La madre de Sasha se ha suicidado y ella decide que, para sobrevivir, tiene que hacer todo lo contrario a lo que su madre hac\u00eda.  Este es un libro lleno de humor y ternura en el que Sasha, entender\u00e1 que el peligro no es vivir emociones dif\u00edciles,  si no quedarte a solas con ellas: puedes llegar a pensar que tus problemas no tienen soluci\u00f3n, que es imposible  que nada cambie. Pero volver\u00e1s a sonre\u00edr, aunque en este momento no lo creas. Tal vez, incluso, puedas llegar a ser un aut\u00e9ntica\u2026 \u00a1Reina de la comedia!  Libro traducido gracias a la ayuda de la Uni\u00f3n Europea.  Esta obra ha recibido una ayuda del Ministerio de Cultura, a trav\u00e9s de la Direcci\u00f3n General del Libro, del C\u00f3mic y de la Lectura\" \/>\n<meta property=\"og:url\" content=\"https:\/\/gatosueco.es\/en\/catalogo\/comedy-queen\/\" \/>\n<meta property=\"og:site_name\" content=\"Gato Sueco - Editorial\" \/>\n<meta property=\"article:modified_time\" content=\"2026-03-17T15:00:22+00:00\" \/>\n<meta property=\"og:image\" content=\"https:\/\/gatosueco.es\/wp-content\/uploads\/2025\/04\/Cubierta-Comedy-Queen.png\" \/>\n\t<meta property=\"og:image:width\" content=\"1178\" \/>\n\t<meta property=\"og:image:height\" content=\"1846\" \/>\n\t<meta property=\"og:image:type\" content=\"image\/png\" \/>\n<meta name=\"twitter:card\" content=\"summary_large_image\" \/>\n<meta name=\"twitter:label1\" content=\"Estimated reading time\" \/>\n\t<meta name=\"twitter:data1\" content=\"1 minute\" \/>\n<script type=\"application\/ld+json\" class=\"yoast-schema-graph\">{\"@context\":\"https:\\\/\\\/schema.org\",\"@graph\":[{\"@type\":\"WebPage\",\"@id\":\"https:\\\/\\\/gatosueco.es\\\/catalogo\\\/comedy-queen\\\/\",\"url\":\"https:\\\/\\\/gatosueco.es\\\/catalogo\\\/comedy-queen\\\/\",\"name\":\"Comedy Queen - Gato Sueco - Editorial\",\"isPartOf\":{\"@id\":\"https:\\\/\\\/gatosueco.es\\\/#website\"},\"primaryImageOfPage\":{\"@id\":\"https:\\\/\\\/gatosueco.es\\\/catalogo\\\/comedy-queen\\\/#primaryimage\"},\"image\":{\"@id\":\"https:\\\/\\\/gatosueco.es\\\/catalogo\\\/comedy-queen\\\/#primaryimage\"},\"thumbnailUrl\":\"https:\\\/\\\/gatosueco.es\\\/wp-content\\\/uploads\\\/2025\\\/04\\\/Cubierta-Comedy-Queen.png\",\"datePublished\":\"2025-04-14T07:37:58+00:00\",\"dateModified\":\"2026-03-17T15:00:22+00:00\",\"breadcrumb\":{\"@id\":\"https:\\\/\\\/gatosueco.es\\\/catalogo\\\/comedy-queen\\\/#breadcrumb\"},\"inLanguage\":\"en-GB\",\"potentialAction\":[{\"@type\":\"ReadAction\",\"target\":[\"https:\\\/\\\/gatosueco.es\\\/catalogo\\\/comedy-queen\\\/\"]}]},{\"@type\":\"ImageObject\",\"inLanguage\":\"en-GB\",\"@id\":\"https:\\\/\\\/gatosueco.es\\\/catalogo\\\/comedy-queen\\\/#primaryimage\",\"url\":\"https:\\\/\\\/gatosueco.es\\\/wp-content\\\/uploads\\\/2025\\\/04\\\/Cubierta-Comedy-Queen.png\",\"contentUrl\":\"https:\\\/\\\/gatosueco.es\\\/wp-content\\\/uploads\\\/2025\\\/04\\\/Cubierta-Comedy-Queen.png\",\"width\":1178,\"height\":1846},{\"@type\":\"BreadcrumbList\",\"@id\":\"https:\\\/\\\/gatosueco.es\\\/catalogo\\\/comedy-queen\\\/#breadcrumb\",\"itemListElement\":[{\"@type\":\"ListItem\",\"position\":1,\"name\":\"Portada\",\"item\":\"https:\\\/\\\/gatosueco.es\\\/\"},{\"@type\":\"ListItem\",\"position\":2,\"name\":\"Productos\",\"item\":\"https:\\\/\\\/gatosueco.es\\\/catalogoss\\\/\"},{\"@type\":\"ListItem\",\"position\":3,\"name\":\"Comedy Queen\"}]},{\"@type\":\"WebSite\",\"@id\":\"https:\\\/\\\/gatosueco.es\\\/#website\",\"url\":\"https:\\\/\\\/gatosueco.es\\\/\",\"name\":\"Gato Sueco - Editorial\",\"description\":\"\",\"publisher\":{\"@id\":\"https:\\\/\\\/gatosueco.es\\\/#organization\"},\"potentialAction\":[{\"@type\":\"SearchAction\",\"target\":{\"@type\":\"EntryPoint\",\"urlTemplate\":\"https:\\\/\\\/gatosueco.es\\\/?s={search_term_string}\"},\"query-input\":{\"@type\":\"PropertyValueSpecification\",\"valueRequired\":true,\"valueName\":\"search_term_string\"}}],\"inLanguage\":\"en-GB\"},{\"@type\":\"Organization\",\"@id\":\"https:\\\/\\\/gatosueco.es\\\/#organization\",\"name\":\"Gato Sueco - Editorial\",\"url\":\"https:\\\/\\\/gatosueco.es\\\/\",\"logo\":{\"@type\":\"ImageObject\",\"inLanguage\":\"en-GB\",\"@id\":\"https:\\\/\\\/gatosueco.es\\\/#\\\/schema\\\/logo\\\/image\\\/\",\"url\":\"https:\\\/\\\/gatosueco.es\\\/wp-content\\\/uploads\\\/2023\\\/04\\\/logo_original.svg\",\"contentUrl\":\"https:\\\/\\\/gatosueco.es\\\/wp-content\\\/uploads\\\/2023\\\/04\\\/logo_original.svg\",\"width\":214,\"height\":92,\"caption\":\"Gato Sueco - Editorial\"},\"image\":{\"@id\":\"https:\\\/\\\/gatosueco.es\\\/#\\\/schema\\\/logo\\\/image\\\/\"}}]}<\/script>\n<!-- \/ Yoast SEO plugin. -->","yoast_head_json":{"title":"Comedy Queen - Gato Sueco - Editorial","robots":{"index":"index","follow":"follow","max-snippet":"max-snippet:-1","max-image-preview":"max-image-preview:large","max-video-preview":"max-video-preview:-1"},"canonical":"https:\/\/gatosueco.es\/en\/catalogo\/comedy-queen\/","og_locale":"en_GB","og_type":"article","og_title":"Comedy Queen - Gato Sueco - Editorial","og_description":"COSAS QUE TENGO QUE HACER PARA SOBREVIVIR: 1. Raparme el pelo.  2. No cuidar a ning\u00fan ser vivo.  3. No leer libros.  4. Llevar solo ropa de colores.  5. No pensar demasiado (a ser posible, nada).  6. No salir a pasear. No salir al bosque.  7. \u00a1SER LA REINA DE LA COMEDIA!  La madre de Sasha se ha suicidado y ella decide que, para sobrevivir, tiene que hacer todo lo contrario a lo que su madre hac\u00eda.  Este es un libro lleno de humor y ternura en el que Sasha, entender\u00e1 que el peligro no es vivir emociones dif\u00edciles,  si no quedarte a solas con ellas: puedes llegar a pensar que tus problemas no tienen soluci\u00f3n, que es imposible  que nada cambie. Pero volver\u00e1s a sonre\u00edr, aunque en este momento no lo creas. Tal vez, incluso, puedas llegar a ser un aut\u00e9ntica\u2026 \u00a1Reina de la comedia!  Libro traducido gracias a la ayuda de la Uni\u00f3n Europea.  Esta obra ha recibido una ayuda del Ministerio de Cultura, a trav\u00e9s de la Direcci\u00f3n General del Libro, del C\u00f3mic y de la Lectura","og_url":"https:\/\/gatosueco.es\/en\/catalogo\/comedy-queen\/","og_site_name":"Gato Sueco - Editorial","article_modified_time":"2026-03-17T15:00:22+00:00","og_image":[{"width":1178,"height":1846,"url":"https:\/\/gatosueco.es\/wp-content\/uploads\/2025\/04\/Cubierta-Comedy-Queen.png","type":"image\/png"}],"twitter_card":"summary_large_image","twitter_misc":{"Estimated reading time":"1 minute"},"schema":{"@context":"https:\/\/schema.org","@graph":[{"@type":"WebPage","@id":"https:\/\/gatosueco.es\/catalogo\/comedy-queen\/","url":"https:\/\/gatosueco.es\/catalogo\/comedy-queen\/","name":"Comedy Queen - Gato Sueco - Editorial","isPartOf":{"@id":"https:\/\/gatosueco.es\/#website"},"primaryImageOfPage":{"@id":"https:\/\/gatosueco.es\/catalogo\/comedy-queen\/#primaryimage"},"image":{"@id":"https:\/\/gatosueco.es\/catalogo\/comedy-queen\/#primaryimage"},"thumbnailUrl":"https:\/\/gatosueco.es\/wp-content\/uploads\/2025\/04\/Cubierta-Comedy-Queen.png","datePublished":"2025-04-14T07:37:58+00:00","dateModified":"2026-03-17T15:00:22+00:00","breadcrumb":{"@id":"https:\/\/gatosueco.es\/catalogo\/comedy-queen\/#breadcrumb"},"inLanguage":"en-GB","potentialAction":[{"@type":"ReadAction","target":["https:\/\/gatosueco.es\/catalogo\/comedy-queen\/"]}]},{"@type":"ImageObject","inLanguage":"en-GB","@id":"https:\/\/gatosueco.es\/catalogo\/comedy-queen\/#primaryimage","url":"https:\/\/gatosueco.es\/wp-content\/uploads\/2025\/04\/Cubierta-Comedy-Queen.png","contentUrl":"https:\/\/gatosueco.es\/wp-content\/uploads\/2025\/04\/Cubierta-Comedy-Queen.png","width":1178,"height":1846},{"@type":"BreadcrumbList","@id":"https:\/\/gatosueco.es\/catalogo\/comedy-queen\/#breadcrumb","itemListElement":[{"@type":"ListItem","position":1,"name":"Portada","item":"https:\/\/gatosueco.es\/"},{"@type":"ListItem","position":2,"name":"Productos","item":"https:\/\/gatosueco.es\/catalogoss\/"},{"@type":"ListItem","position":3,"name":"Comedy Queen"}]},{"@type":"WebSite","@id":"https:\/\/gatosueco.es\/#website","url":"https:\/\/gatosueco.es\/","name":"Cat Swedish - Editorial","description":"","publisher":{"@id":"https:\/\/gatosueco.es\/#organization"},"potentialAction":[{"@type":"SearchAction","target":{"@type":"EntryPoint","urlTemplate":"https:\/\/gatosueco.es\/?s={search_term_string}"},"query-input":{"@type":"PropertyValueSpecification","valueRequired":true,"valueName":"search_term_string"}}],"inLanguage":"en-GB"},{"@type":"Organization","@id":"https:\/\/gatosueco.es\/#organization","name":"Cat Swedish - Editorial","url":"https:\/\/gatosueco.es\/","logo":{"@type":"ImageObject","inLanguage":"en-GB","@id":"https:\/\/gatosueco.es\/#\/schema\/logo\/image\/","url":"https:\/\/gatosueco.es\/wp-content\/uploads\/2023\/04\/logo_original.svg","contentUrl":"https:\/\/gatosueco.es\/wp-content\/uploads\/2023\/04\/logo_original.svg","width":214,"height":92,"caption":"Gato Sueco - Editorial"},"image":{"@id":"https:\/\/gatosueco.es\/#\/schema\/logo\/image\/"}}]}},"_links":{"self":[{"href":"https:\/\/gatosueco.es\/en\/wp-json\/wp\/v2\/product\/2047","targetHints":{"allow":["GET"]}}],"collection":[{"href":"https:\/\/gatosueco.es\/en\/wp-json\/wp\/v2\/product"}],"about":[{"href":"https:\/\/gatosueco.es\/en\/wp-json\/wp\/v2\/types\/product"}],"replies":[{"embeddable":true,"href":"https:\/\/gatosueco.es\/en\/wp-json\/wp\/v2\/comments?post=2047"}],"wp:featuredmedia":[{"embeddable":true,"href":"https:\/\/gatosueco.es\/en\/wp-json\/wp\/v2\/media\/2048"}],"wp:attachment":[{"href":"https:\/\/gatosueco.es\/en\/wp-json\/wp\/v2\/media?parent=2047"}],"wp:term":[{"taxonomy":"product_brand","embeddable":true,"href":"https:\/\/gatosueco.es\/en\/wp-json\/wp\/v2\/product_brand?post=2047"},{"taxonomy":"product_cat","embeddable":true,"href":"https:\/\/gatosueco.es\/en\/wp-json\/wp\/v2\/product_cat?post=2047"},{"taxonomy":"product_tag","embeddable":true,"href":"https:\/\/gatosueco.es\/en\/wp-json\/wp\/v2\/product_tag?post=2047"}],"curies":[{"name":"wp","href":"https:\/\/api.w.org\/{rel}","templated":true}]}}