{"id":2092,"date":"2025-06-09T20:51:47","date_gmt":"2025-06-09T20:51:47","guid":{"rendered":"https:\/\/gatosueco.es\/?post_type=product&#038;p=2092"},"modified":"2026-03-17T15:02:43","modified_gmt":"2026-03-17T15:02:43","slug":"el-anzuelo-que-me-pesco","status":"publish","type":"product","link":"https:\/\/gatosueco.es\/en\/catalogo\/el-anzuelo-que-me-pesco\/","title":{"rendered":"El anzuelo que me pesc\u00f3"},"content":{"rendered":"","protected":false},"excerpt":{"rendered":"<p>Elena ha decidido hacer el mejor castillo jam\u00e1s construido. Sin embargo, la preocupaci\u00f3n constante de su madre y un accidente inesperado har\u00e1n que no sea una tarea sencilla. Pero Elena vivir\u00e1 el d\u00eda de playa m\u00e1s inolvidable de todo el verano ya que, en ocasiones, las cosas cambian de manera sorprendente, pero no por ello son menos divertidas.<\/p>\n<p>Una aventura loca, una historia disparatada y una oda a la libertad de los ni\u00f1os y las ni\u00f1as.<\/p>\n<p><i>Esta obra ha recibido una ayuda del Ministerio de Cultura, a trav\u00e9s de la Direcci\u00f3n General del Libro, del C\u00f3mic y de la Lectura<\/i><\/p>\n<p><img decoding=\"async\" class=\"alignnone size-medium wp-image-2155\" src=\"https:\/\/gatosueco.es\/wp-content\/uploads\/2025\/04\/logo-ministerio-300x65.webp\" alt=\"\" width=\"300\" height=\"65\" srcset=\"https:\/\/gatosueco.es\/wp-content\/uploads\/2025\/04\/logo-ministerio-300x65.webp 300w, https:\/\/gatosueco.es\/wp-content\/uploads\/2025\/04\/logo-ministerio-768x166.webp 768w, https:\/\/gatosueco.es\/wp-content\/uploads\/2025\/04\/logo-ministerio-18x4.webp 18w, https:\/\/gatosueco.es\/wp-content\/uploads\/2025\/04\/logo-ministerio-600x130.webp 600w, https:\/\/gatosueco.es\/wp-content\/uploads\/2025\/04\/logo-ministerio.webp 800w\" sizes=\"(max-width: 300px) 100vw, 300px\" \/><\/p>\n<p><i>Esta\u00a0obra ha sido subvencionada por la Comunidad de Madrid.<\/i><\/p>\n<p><img decoding=\"async\" class=\"alignnone  wp-image-2157\" src=\"https:\/\/gatosueco.es\/wp-content\/uploads\/2025\/06\/logo_madrid1-212x300.webp\" alt=\"\" width=\"115\" height=\"163\" srcset=\"https:\/\/gatosueco.es\/wp-content\/uploads\/2025\/06\/logo_madrid1-212x300.webp 212w, https:\/\/gatosueco.es\/wp-content\/uploads\/2025\/06\/logo_madrid1-722x1024.webp 722w, https:\/\/gatosueco.es\/wp-content\/uploads\/2025\/06\/logo_madrid1-8x12.webp 8w, https:\/\/gatosueco.es\/wp-content\/uploads\/2025\/06\/logo_madrid1-300x425.webp 300w, https:\/\/gatosueco.es\/wp-content\/uploads\/2025\/06\/logo_madrid1-600x851.webp 600w, https:\/\/gatosueco.es\/wp-content\/uploads\/2025\/06\/logo_madrid1.webp 744w\" sizes=\"(max-width: 115px) 100vw, 115px\" \/><\/p>","protected":false},"featured_media":2093,"comment_status":"closed","ping_status":"closed","template":"","meta":{"site-sidebar-layout":"default","site-content-layout":"default","ast-site-content-layout":"default","site-content-style":"default","site-sidebar-style":"default","ast-global-header-display":"","ast-banner-title-visibility":"","ast-main-header-display":"","ast-hfb-above-header-display":"","ast-hfb-below-header-display":"","ast-hfb-mobile-header-display":"","site-post-title":"","ast-breadcrumbs-content":"","ast-featured-img":"","footer-sml-layout":"","ast-disable-related-posts":"","theme-transparent-header-meta":"default","adv-header-id-meta":"","stick-header-meta":"default","header-above-stick-meta":"","header-main-stick-meta":"","header-below-stick-meta":"","astra-migrate-meta-layouts":"set","ast-page-background-enabled":"default","ast-page-background-meta":{"desktop":{"background-color":"var(--ast-global-color-4)","background-image":"","background-repeat":"repeat","background-position":"center center","background-size":"auto","background-attachment":"scroll","background-type":"","background-media":"","overlay-type":"","overlay-color":"","overlay-opacity":"","overlay-gradient":""},"tablet":{"background-color":"","background-image":"","background-repeat":"repeat","background-position":"center center","background-size":"auto","background-attachment":"scroll","background-type":"","background-media":"","overlay-type":"","overlay-color":"","overlay-opacity":"","overlay-gradient":""},"mobile":{"background-color":"","background-image":"","background-repeat":"repeat","background-position":"center center","background-size":"auto","background-attachment":"scroll","background-type":"","background-media":"","overlay-type":"","overlay-color":"","overlay-opacity":"","overlay-gradient":""}},"ast-content-background-meta":{"desktop":{"background-color":"var(--ast-global-color-5)","background-image":"","background-repeat":"repeat","background-position":"center center","background-size":"auto","background-attachment":"scroll","background-type":"","background-media":"","overlay-type":"","overlay-color":"","overlay-opacity":"","overlay-gradient":""},"tablet":{"background-color":"var(--ast-global-color-5)","background-image":"","background-repeat":"repeat","background-position":"center center","background-size":"auto","background-attachment":"scroll","background-type":"","background-media":"","overlay-type":"","overlay-color":"","overlay-opacity":"","overlay-gradient":""},"mobile":{"background-color":"var(--ast-global-color-5)","background-image":"","background-repeat":"repeat","background-position":"center center","background-size":"auto","background-attachment":"scroll","background-type":"","background-media":"","overlay-type":"","overlay-color":"","overlay-opacity":"","overlay-gradient":""}}},"product_brand":[],"product_cat":[21,18],"product_tag":[],"class_list":{"0":"post-2092","1":"product","2":"type-product","3":"status-publish","4":"has-post-thumbnail","6":"product_cat-castellano","7":"product_cat-para-que-te-lean-y-para-empezar-a-leer","8":"desktop-align-left","9":"tablet-align-left","10":"mobile-align-left","11":"ast-product-gallery-layout-horizontal-slider","12":"ast-product-gallery-with-no-image","13":"ast-magnify-disabled","14":"ast-product-tabs-layout-accordion","16":"first","17":"instock","18":"shipping-taxable","19":"product-type-external"},"yoast_head":"<!-- This site is optimized with the Yoast SEO plugin v27.3 - https:\/\/yoast.com\/product\/yoast-seo-wordpress\/ -->\n<title>El anzuelo que me pesc\u00f3 - Gato Sueco - Editorial<\/title>\n<meta name=\"robots\" content=\"index, follow, max-snippet:-1, max-image-preview:large, max-video-preview:-1\" \/>\n<link rel=\"canonical\" href=\"https:\/\/gatosueco.es\/en\/catalogo\/el-anzuelo-que-me-pesco\/\" \/>\n<meta property=\"og:locale\" content=\"en_GB\" \/>\n<meta property=\"og:type\" content=\"article\" \/>\n<meta property=\"og:title\" content=\"El anzuelo que me pesc\u00f3 - Gato Sueco - Editorial\" \/>\n<meta property=\"og:description\" content=\"Elena ha decidido hacer el mejor castillo jam\u00e1s construido. Sin embargo, la preocupaci\u00f3n constante de su madre y un accidente inesperado har\u00e1n que no sea una tarea sencilla. Pero Elena vivir\u00e1 el d\u00eda de playa m\u00e1s inolvidable de todo el verano ya que, en ocasiones, las cosas cambian de manera sorprendente, pero no por ello son menos divertidas.  Una aventura loca, una historia disparatada y una oda a la libertad de los ni\u00f1os y las ni\u00f1as.  Esta obra ha recibido una ayuda del Ministerio de Cultura, a trav\u00e9s de la Direcci\u00f3n General del Libro, del C\u00f3mic y de la Lectura    Esta\u00a0obra ha sido subvencionada por la Comunidad de Madrid.\" \/>\n<meta property=\"og:url\" content=\"https:\/\/gatosueco.es\/en\/catalogo\/el-anzuelo-que-me-pesco\/\" \/>\n<meta property=\"og:site_name\" content=\"Gato Sueco - Editorial\" \/>\n<meta property=\"article:modified_time\" content=\"2026-03-17T15:02:43+00:00\" \/>\n<meta property=\"og:image\" content=\"https:\/\/gatosueco.es\/wp-content\/uploads\/2025\/06\/cubierta-el-anzuelo.jpg\" \/>\n\t<meta property=\"og:image:width\" content=\"2129\" \/>\n\t<meta property=\"og:image:height\" content=\"1494\" \/>\n\t<meta property=\"og:image:type\" content=\"image\/jpeg\" \/>\n<meta name=\"twitter:card\" content=\"summary_large_image\" \/>\n<meta name=\"twitter:label1\" content=\"Estimated reading time\" \/>\n\t<meta name=\"twitter:data1\" content=\"1 minute\" \/>\n<script type=\"application\/ld+json\" class=\"yoast-schema-graph\">{\"@context\":\"https:\\\/\\\/schema.org\",\"@graph\":[{\"@type\":\"WebPage\",\"@id\":\"https:\\\/\\\/gatosueco.es\\\/catalogo\\\/el-anzuelo-que-me-pesco\\\/\",\"url\":\"https:\\\/\\\/gatosueco.es\\\/catalogo\\\/el-anzuelo-que-me-pesco\\\/\",\"name\":\"El anzuelo que me pesc\u00f3 - Gato Sueco - Editorial\",\"isPartOf\":{\"@id\":\"https:\\\/\\\/gatosueco.es\\\/#website\"},\"primaryImageOfPage\":{\"@id\":\"https:\\\/\\\/gatosueco.es\\\/catalogo\\\/el-anzuelo-que-me-pesco\\\/#primaryimage\"},\"image\":{\"@id\":\"https:\\\/\\\/gatosueco.es\\\/catalogo\\\/el-anzuelo-que-me-pesco\\\/#primaryimage\"},\"thumbnailUrl\":\"https:\\\/\\\/gatosueco.es\\\/wp-content\\\/uploads\\\/2025\\\/06\\\/cubierta-el-anzuelo.jpg\",\"datePublished\":\"2025-06-09T20:51:47+00:00\",\"dateModified\":\"2026-03-17T15:02:43+00:00\",\"breadcrumb\":{\"@id\":\"https:\\\/\\\/gatosueco.es\\\/catalogo\\\/el-anzuelo-que-me-pesco\\\/#breadcrumb\"},\"inLanguage\":\"en-GB\",\"potentialAction\":[{\"@type\":\"ReadAction\",\"target\":[\"https:\\\/\\\/gatosueco.es\\\/catalogo\\\/el-anzuelo-que-me-pesco\\\/\"]}]},{\"@type\":\"ImageObject\",\"inLanguage\":\"en-GB\",\"@id\":\"https:\\\/\\\/gatosueco.es\\\/catalogo\\\/el-anzuelo-que-me-pesco\\\/#primaryimage\",\"url\":\"https:\\\/\\\/gatosueco.es\\\/wp-content\\\/uploads\\\/2025\\\/06\\\/cubierta-el-anzuelo.jpg\",\"contentUrl\":\"https:\\\/\\\/gatosueco.es\\\/wp-content\\\/uploads\\\/2025\\\/06\\\/cubierta-el-anzuelo.jpg\",\"width\":2129,\"height\":1494,\"caption\":\"Screenshot\"},{\"@type\":\"BreadcrumbList\",\"@id\":\"https:\\\/\\\/gatosueco.es\\\/catalogo\\\/el-anzuelo-que-me-pesco\\\/#breadcrumb\",\"itemListElement\":[{\"@type\":\"ListItem\",\"position\":1,\"name\":\"Portada\",\"item\":\"https:\\\/\\\/gatosueco.es\\\/\"},{\"@type\":\"ListItem\",\"position\":2,\"name\":\"Productos\",\"item\":\"https:\\\/\\\/gatosueco.es\\\/catalogoss\\\/\"},{\"@type\":\"ListItem\",\"position\":3,\"name\":\"El anzuelo que me pesc\u00f3\"}]},{\"@type\":\"WebSite\",\"@id\":\"https:\\\/\\\/gatosueco.es\\\/#website\",\"url\":\"https:\\\/\\\/gatosueco.es\\\/\",\"name\":\"Gato Sueco - Editorial\",\"description\":\"\",\"publisher\":{\"@id\":\"https:\\\/\\\/gatosueco.es\\\/#organization\"},\"potentialAction\":[{\"@type\":\"SearchAction\",\"target\":{\"@type\":\"EntryPoint\",\"urlTemplate\":\"https:\\\/\\\/gatosueco.es\\\/?s={search_term_string}\"},\"query-input\":{\"@type\":\"PropertyValueSpecification\",\"valueRequired\":true,\"valueName\":\"search_term_string\"}}],\"inLanguage\":\"en-GB\"},{\"@type\":\"Organization\",\"@id\":\"https:\\\/\\\/gatosueco.es\\\/#organization\",\"name\":\"Gato Sueco - Editorial\",\"url\":\"https:\\\/\\\/gatosueco.es\\\/\",\"logo\":{\"@type\":\"ImageObject\",\"inLanguage\":\"en-GB\",\"@id\":\"https:\\\/\\\/gatosueco.es\\\/#\\\/schema\\\/logo\\\/image\\\/\",\"url\":\"https:\\\/\\\/gatosueco.es\\\/wp-content\\\/uploads\\\/2023\\\/04\\\/logo_original.svg\",\"contentUrl\":\"https:\\\/\\\/gatosueco.es\\\/wp-content\\\/uploads\\\/2023\\\/04\\\/logo_original.svg\",\"width\":214,\"height\":92,\"caption\":\"Gato Sueco - Editorial\"},\"image\":{\"@id\":\"https:\\\/\\\/gatosueco.es\\\/#\\\/schema\\\/logo\\\/image\\\/\"}}]}<\/script>\n<!-- \/ Yoast SEO plugin. -->","yoast_head_json":{"title":"El anzuelo que me pesc\u00f3 - Gato Sueco - Editorial","robots":{"index":"index","follow":"follow","max-snippet":"max-snippet:-1","max-image-preview":"max-image-preview:large","max-video-preview":"max-video-preview:-1"},"canonical":"https:\/\/gatosueco.es\/en\/catalogo\/el-anzuelo-que-me-pesco\/","og_locale":"en_GB","og_type":"article","og_title":"El anzuelo que me pesc\u00f3 - Gato Sueco - Editorial","og_description":"Elena ha decidido hacer el mejor castillo jam\u00e1s construido. Sin embargo, la preocupaci\u00f3n constante de su madre y un accidente inesperado har\u00e1n que no sea una tarea sencilla. Pero Elena vivir\u00e1 el d\u00eda de playa m\u00e1s inolvidable de todo el verano ya que, en ocasiones, las cosas cambian de manera sorprendente, pero no por ello son menos divertidas.  Una aventura loca, una historia disparatada y una oda a la libertad de los ni\u00f1os y las ni\u00f1as.  Esta obra ha recibido una ayuda del Ministerio de Cultura, a trav\u00e9s de la Direcci\u00f3n General del Libro, del C\u00f3mic y de la Lectura    Esta\u00a0obra ha sido subvencionada por la Comunidad de Madrid.","og_url":"https:\/\/gatosueco.es\/en\/catalogo\/el-anzuelo-que-me-pesco\/","og_site_name":"Gato Sueco - Editorial","article_modified_time":"2026-03-17T15:02:43+00:00","og_image":[{"width":2129,"height":1494,"url":"https:\/\/gatosueco.es\/wp-content\/uploads\/2025\/06\/cubierta-el-anzuelo.jpg","type":"image\/jpeg"}],"twitter_card":"summary_large_image","twitter_misc":{"Estimated reading time":"1 minute"},"schema":{"@context":"https:\/\/schema.org","@graph":[{"@type":"WebPage","@id":"https:\/\/gatosueco.es\/catalogo\/el-anzuelo-que-me-pesco\/","url":"https:\/\/gatosueco.es\/catalogo\/el-anzuelo-que-me-pesco\/","name":"El anzuelo que me pesc\u00f3 - Gato Sueco - Editorial","isPartOf":{"@id":"https:\/\/gatosueco.es\/#website"},"primaryImageOfPage":{"@id":"https:\/\/gatosueco.es\/catalogo\/el-anzuelo-que-me-pesco\/#primaryimage"},"image":{"@id":"https:\/\/gatosueco.es\/catalogo\/el-anzuelo-que-me-pesco\/#primaryimage"},"thumbnailUrl":"https:\/\/gatosueco.es\/wp-content\/uploads\/2025\/06\/cubierta-el-anzuelo.jpg","datePublished":"2025-06-09T20:51:47+00:00","dateModified":"2026-03-17T15:02:43+00:00","breadcrumb":{"@id":"https:\/\/gatosueco.es\/catalogo\/el-anzuelo-que-me-pesco\/#breadcrumb"},"inLanguage":"en-GB","potentialAction":[{"@type":"ReadAction","target":["https:\/\/gatosueco.es\/catalogo\/el-anzuelo-que-me-pesco\/"]}]},{"@type":"ImageObject","inLanguage":"en-GB","@id":"https:\/\/gatosueco.es\/catalogo\/el-anzuelo-que-me-pesco\/#primaryimage","url":"https:\/\/gatosueco.es\/wp-content\/uploads\/2025\/06\/cubierta-el-anzuelo.jpg","contentUrl":"https:\/\/gatosueco.es\/wp-content\/uploads\/2025\/06\/cubierta-el-anzuelo.jpg","width":2129,"height":1494,"caption":"Screenshot"},{"@type":"BreadcrumbList","@id":"https:\/\/gatosueco.es\/catalogo\/el-anzuelo-que-me-pesco\/#breadcrumb","itemListElement":[{"@type":"ListItem","position":1,"name":"Portada","item":"https:\/\/gatosueco.es\/"},{"@type":"ListItem","position":2,"name":"Productos","item":"https:\/\/gatosueco.es\/catalogoss\/"},{"@type":"ListItem","position":3,"name":"El anzuelo que me pesc\u00f3"}]},{"@type":"WebSite","@id":"https:\/\/gatosueco.es\/#website","url":"https:\/\/gatosueco.es\/","name":"Cat Swedish - Editorial","description":"","publisher":{"@id":"https:\/\/gatosueco.es\/#organization"},"potentialAction":[{"@type":"SearchAction","target":{"@type":"EntryPoint","urlTemplate":"https:\/\/gatosueco.es\/?s={search_term_string}"},"query-input":{"@type":"PropertyValueSpecification","valueRequired":true,"valueName":"search_term_string"}}],"inLanguage":"en-GB"},{"@type":"Organization","@id":"https:\/\/gatosueco.es\/#organization","name":"Cat Swedish - Editorial","url":"https:\/\/gatosueco.es\/","logo":{"@type":"ImageObject","inLanguage":"en-GB","@id":"https:\/\/gatosueco.es\/#\/schema\/logo\/image\/","url":"https:\/\/gatosueco.es\/wp-content\/uploads\/2023\/04\/logo_original.svg","contentUrl":"https:\/\/gatosueco.es\/wp-content\/uploads\/2023\/04\/logo_original.svg","width":214,"height":92,"caption":"Gato Sueco - Editorial"},"image":{"@id":"https:\/\/gatosueco.es\/#\/schema\/logo\/image\/"}}]}},"_links":{"self":[{"href":"https:\/\/gatosueco.es\/en\/wp-json\/wp\/v2\/product\/2092","targetHints":{"allow":["GET"]}}],"collection":[{"href":"https:\/\/gatosueco.es\/en\/wp-json\/wp\/v2\/product"}],"about":[{"href":"https:\/\/gatosueco.es\/en\/wp-json\/wp\/v2\/types\/product"}],"replies":[{"embeddable":true,"href":"https:\/\/gatosueco.es\/en\/wp-json\/wp\/v2\/comments?post=2092"}],"wp:featuredmedia":[{"embeddable":true,"href":"https:\/\/gatosueco.es\/en\/wp-json\/wp\/v2\/media\/2093"}],"wp:attachment":[{"href":"https:\/\/gatosueco.es\/en\/wp-json\/wp\/v2\/media?parent=2092"}],"wp:term":[{"taxonomy":"product_brand","embeddable":true,"href":"https:\/\/gatosueco.es\/en\/wp-json\/wp\/v2\/product_brand?post=2092"},{"taxonomy":"product_cat","embeddable":true,"href":"https:\/\/gatosueco.es\/en\/wp-json\/wp\/v2\/product_cat?post=2092"},{"taxonomy":"product_tag","embeddable":true,"href":"https:\/\/gatosueco.es\/en\/wp-json\/wp\/v2\/product_tag?post=2092"}],"curies":[{"name":"wp","href":"https:\/\/api.w.org\/{rel}","templated":true}]}}