{"id":2094,"date":"2025-06-10T07:45:29","date_gmt":"2025-06-10T07:45:29","guid":{"rendered":"https:\/\/gatosueco.es\/?post_type=product&#038;p=2094"},"modified":"2026-03-17T15:03:57","modified_gmt":"2026-03-17T15:03:57","slug":"lham-que-em-va-pescar","status":"publish","type":"product","link":"https:\/\/gatosueco.es\/en\/catalogo\/lham-que-em-va-pescar\/","title":{"rendered":"L&#8217;ham que em va pescar"},"content":{"rendered":"","protected":false},"excerpt":{"rendered":"<p>L\u2019Elena ha decidit fer el millor castell de sorra que s\u2019hagi constru\u00eft mai. La preocupaci\u00f3 constant<br \/>\nde la seva mare i un accident inesperat faran que no sigui tan senzill. Tot i aix\u00f2 l\u2019Elena viur\u00e0<br \/>\nel dia de platja m\u00e9s inoblidable de tot l\u2019estiu, perqu\u00e8, de vegades, les coses canvien de manera<br \/>\nsorprenent, per\u00f2 aix\u00f2 no les fa menys divertides.<\/p>\n<p>Una aventura boja, una hist\u00f2ria destarotada i una oda a la llibertat dels nens i les nenes.<\/p>\n<p><i>Esta obra ha recibido una ayuda del Ministerio de Cultura, a trav\u00e9s de la Direcci\u00f3n General del Libro, del C\u00f3mic y de la Lectura<\/i><\/p>\n<p><img decoding=\"async\" class=\"alignnone size-medium wp-image-2155\" src=\"https:\/\/gatosueco.es\/wp-content\/uploads\/2025\/04\/logo-ministerio-300x65.webp\" alt=\"\" width=\"300\" height=\"65\" srcset=\"https:\/\/gatosueco.es\/wp-content\/uploads\/2025\/04\/logo-ministerio-300x65.webp 300w, https:\/\/gatosueco.es\/wp-content\/uploads\/2025\/04\/logo-ministerio-768x166.webp 768w, https:\/\/gatosueco.es\/wp-content\/uploads\/2025\/04\/logo-ministerio-18x4.webp 18w, https:\/\/gatosueco.es\/wp-content\/uploads\/2025\/04\/logo-ministerio-600x130.webp 600w, https:\/\/gatosueco.es\/wp-content\/uploads\/2025\/04\/logo-ministerio.webp 800w\" sizes=\"(max-width: 300px) 100vw, 300px\" \/><\/p>\n<p><i>Esta\u00a0obra ha sido subvencionada por la Comunidad de Madrid.<\/i><\/p>\n<p><img decoding=\"async\" class=\"alignnone wp-image-2157\" src=\"https:\/\/gatosueco.es\/wp-content\/uploads\/2025\/06\/logo_madrid1-212x300.webp\" alt=\"\" width=\"115\" height=\"163\" srcset=\"https:\/\/gatosueco.es\/wp-content\/uploads\/2025\/06\/logo_madrid1-212x300.webp 212w, https:\/\/gatosueco.es\/wp-content\/uploads\/2025\/06\/logo_madrid1-722x1024.webp 722w, https:\/\/gatosueco.es\/wp-content\/uploads\/2025\/06\/logo_madrid1-8x12.webp 8w, https:\/\/gatosueco.es\/wp-content\/uploads\/2025\/06\/logo_madrid1-300x425.webp 300w, https:\/\/gatosueco.es\/wp-content\/uploads\/2025\/06\/logo_madrid1-600x851.webp 600w, https:\/\/gatosueco.es\/wp-content\/uploads\/2025\/06\/logo_madrid1.webp 744w\" sizes=\"(max-width: 115px) 100vw, 115px\" \/><\/p>","protected":false},"featured_media":2095,"comment_status":"closed","ping_status":"closed","template":"","meta":{"site-sidebar-layout":"default","site-content-layout":"default","ast-site-content-layout":"default","site-content-style":"default","site-sidebar-style":"default","ast-global-header-display":"","ast-banner-title-visibility":"","ast-main-header-display":"","ast-hfb-above-header-display":"","ast-hfb-below-header-display":"","ast-hfb-mobile-header-display":"","site-post-title":"","ast-breadcrumbs-content":"","ast-featured-img":"","footer-sml-layout":"","ast-disable-related-posts":"","theme-transparent-header-meta":"default","adv-header-id-meta":"","stick-header-meta":"default","header-above-stick-meta":"","header-main-stick-meta":"","header-below-stick-meta":"","astra-migrate-meta-layouts":"set","ast-page-background-enabled":"default","ast-page-background-meta":{"desktop":{"background-color":"var(--ast-global-color-4)","background-image":"","background-repeat":"repeat","background-position":"center center","background-size":"auto","background-attachment":"scroll","background-type":"","background-media":"","overlay-type":"","overlay-color":"","overlay-opacity":"","overlay-gradient":""},"tablet":{"background-color":"","background-image":"","background-repeat":"repeat","background-position":"center center","background-size":"auto","background-attachment":"scroll","background-type":"","background-media":"","overlay-type":"","overlay-color":"","overlay-opacity":"","overlay-gradient":""},"mobile":{"background-color":"","background-image":"","background-repeat":"repeat","background-position":"center center","background-size":"auto","background-attachment":"scroll","background-type":"","background-media":"","overlay-type":"","overlay-color":"","overlay-opacity":"","overlay-gradient":""}},"ast-content-background-meta":{"desktop":{"background-color":"var(--ast-global-color-5)","background-image":"","background-repeat":"repeat","background-position":"center center","background-size":"auto","background-attachment":"scroll","background-type":"","background-media":"","overlay-type":"","overlay-color":"","overlay-opacity":"","overlay-gradient":""},"tablet":{"background-color":"var(--ast-global-color-5)","background-image":"","background-repeat":"repeat","background-position":"center center","background-size":"auto","background-attachment":"scroll","background-type":"","background-media":"","overlay-type":"","overlay-color":"","overlay-opacity":"","overlay-gradient":""},"mobile":{"background-color":"var(--ast-global-color-5)","background-image":"","background-repeat":"repeat","background-position":"center center","background-size":"auto","background-attachment":"scroll","background-type":"","background-media":"","overlay-type":"","overlay-color":"","overlay-opacity":"","overlay-gradient":""}}},"product_brand":[],"product_cat":[25],"product_tag":[],"class_list":{"0":"post-2094","1":"product","2":"type-product","3":"status-publish","4":"has-post-thumbnail","6":"product_cat-catala","7":"desktop-align-left","8":"tablet-align-left","9":"mobile-align-left","10":"ast-product-gallery-layout-horizontal-slider","11":"ast-product-gallery-with-no-image","12":"ast-magnify-disabled","13":"ast-product-tabs-layout-accordion","15":"first","16":"instock","17":"shipping-taxable","18":"product-type-external"},"yoast_head":"<!-- This site is optimized with the Yoast SEO plugin v27.3 - https:\/\/yoast.com\/product\/yoast-seo-wordpress\/ -->\n<title>L&#039;ham que em va pescar - Gato Sueco - Editorial<\/title>\n<meta name=\"robots\" content=\"index, follow, max-snippet:-1, max-image-preview:large, max-video-preview:-1\" \/>\n<link rel=\"canonical\" href=\"https:\/\/gatosueco.es\/en\/catalogo\/lham-que-em-va-pescar\/\" \/>\n<meta property=\"og:locale\" content=\"en_GB\" \/>\n<meta property=\"og:type\" content=\"article\" \/>\n<meta property=\"og:title\" content=\"L&#039;ham que em va pescar - Gato Sueco - Editorial\" \/>\n<meta property=\"og:description\" content=\"L\u2019Elena ha decidit fer el millor castell de sorra que s\u2019hagi constru\u00eft mai. La preocupaci\u00f3 constant de la seva mare i un accident inesperat faran que no sigui tan senzill. Tot i aix\u00f2 l\u2019Elena viur\u00e0 el dia de platja m\u00e9s inoblidable de tot l\u2019estiu, perqu\u00e8, de vegades, les coses canvien de manera sorprenent, per\u00f2 aix\u00f2 no les fa menys divertides.  Una aventura boja, una hist\u00f2ria destarotada i una oda a la llibertat dels nens i les nenes.  Esta obra ha recibido una ayuda del Ministerio de Cultura, a trav\u00e9s de la Direcci\u00f3n General del Libro, del C\u00f3mic y de la Lectura    Esta\u00a0obra ha sido subvencionada por la Comunidad de Madrid.\" \/>\n<meta property=\"og:url\" content=\"https:\/\/gatosueco.es\/en\/catalogo\/lham-que-em-va-pescar\/\" \/>\n<meta property=\"og:site_name\" content=\"Gato Sueco - Editorial\" \/>\n<meta property=\"article:modified_time\" content=\"2026-03-17T15:03:57+00:00\" \/>\n<meta property=\"og:image\" content=\"https:\/\/gatosueco.es\/wp-content\/uploads\/2025\/06\/L\u00b4ham-que-em-va-pescar.png\" \/>\n\t<meta property=\"og:image:width\" content=\"1690\" \/>\n\t<meta property=\"og:image:height\" content=\"1318\" \/>\n\t<meta property=\"og:image:type\" content=\"image\/png\" \/>\n<meta name=\"twitter:card\" content=\"summary_large_image\" \/>\n<meta name=\"twitter:label1\" content=\"Estimated reading time\" \/>\n\t<meta name=\"twitter:data1\" content=\"1 minute\" \/>\n<script type=\"application\/ld+json\" class=\"yoast-schema-graph\">{\"@context\":\"https:\\\/\\\/schema.org\",\"@graph\":[{\"@type\":\"WebPage\",\"@id\":\"https:\\\/\\\/gatosueco.es\\\/catalogo\\\/lham-que-em-va-pescar\\\/\",\"url\":\"https:\\\/\\\/gatosueco.es\\\/catalogo\\\/lham-que-em-va-pescar\\\/\",\"name\":\"L'ham que em va pescar - Gato Sueco - Editorial\",\"isPartOf\":{\"@id\":\"https:\\\/\\\/gatosueco.es\\\/#website\"},\"primaryImageOfPage\":{\"@id\":\"https:\\\/\\\/gatosueco.es\\\/catalogo\\\/lham-que-em-va-pescar\\\/#primaryimage\"},\"image\":{\"@id\":\"https:\\\/\\\/gatosueco.es\\\/catalogo\\\/lham-que-em-va-pescar\\\/#primaryimage\"},\"thumbnailUrl\":\"https:\\\/\\\/gatosueco.es\\\/wp-content\\\/uploads\\\/2025\\\/06\\\/L\u00b4ham-que-em-va-pescar.png\",\"datePublished\":\"2025-06-10T07:45:29+00:00\",\"dateModified\":\"2026-03-17T15:03:57+00:00\",\"breadcrumb\":{\"@id\":\"https:\\\/\\\/gatosueco.es\\\/catalogo\\\/lham-que-em-va-pescar\\\/#breadcrumb\"},\"inLanguage\":\"en-GB\",\"potentialAction\":[{\"@type\":\"ReadAction\",\"target\":[\"https:\\\/\\\/gatosueco.es\\\/catalogo\\\/lham-que-em-va-pescar\\\/\"]}]},{\"@type\":\"ImageObject\",\"inLanguage\":\"en-GB\",\"@id\":\"https:\\\/\\\/gatosueco.es\\\/catalogo\\\/lham-que-em-va-pescar\\\/#primaryimage\",\"url\":\"https:\\\/\\\/gatosueco.es\\\/wp-content\\\/uploads\\\/2025\\\/06\\\/L\u00b4ham-que-em-va-pescar.png\",\"contentUrl\":\"https:\\\/\\\/gatosueco.es\\\/wp-content\\\/uploads\\\/2025\\\/06\\\/L\u00b4ham-que-em-va-pescar.png\",\"width\":1690,\"height\":1318},{\"@type\":\"BreadcrumbList\",\"@id\":\"https:\\\/\\\/gatosueco.es\\\/catalogo\\\/lham-que-em-va-pescar\\\/#breadcrumb\",\"itemListElement\":[{\"@type\":\"ListItem\",\"position\":1,\"name\":\"Portada\",\"item\":\"https:\\\/\\\/gatosueco.es\\\/\"},{\"@type\":\"ListItem\",\"position\":2,\"name\":\"Productos\",\"item\":\"https:\\\/\\\/gatosueco.es\\\/catalogoss\\\/\"},{\"@type\":\"ListItem\",\"position\":3,\"name\":\"L&#8217;ham que em va pescar\"}]},{\"@type\":\"WebSite\",\"@id\":\"https:\\\/\\\/gatosueco.es\\\/#website\",\"url\":\"https:\\\/\\\/gatosueco.es\\\/\",\"name\":\"Gato Sueco - Editorial\",\"description\":\"\",\"publisher\":{\"@id\":\"https:\\\/\\\/gatosueco.es\\\/#organization\"},\"potentialAction\":[{\"@type\":\"SearchAction\",\"target\":{\"@type\":\"EntryPoint\",\"urlTemplate\":\"https:\\\/\\\/gatosueco.es\\\/?s={search_term_string}\"},\"query-input\":{\"@type\":\"PropertyValueSpecification\",\"valueRequired\":true,\"valueName\":\"search_term_string\"}}],\"inLanguage\":\"en-GB\"},{\"@type\":\"Organization\",\"@id\":\"https:\\\/\\\/gatosueco.es\\\/#organization\",\"name\":\"Gato Sueco - Editorial\",\"url\":\"https:\\\/\\\/gatosueco.es\\\/\",\"logo\":{\"@type\":\"ImageObject\",\"inLanguage\":\"en-GB\",\"@id\":\"https:\\\/\\\/gatosueco.es\\\/#\\\/schema\\\/logo\\\/image\\\/\",\"url\":\"https:\\\/\\\/gatosueco.es\\\/wp-content\\\/uploads\\\/2023\\\/04\\\/logo_original.svg\",\"contentUrl\":\"https:\\\/\\\/gatosueco.es\\\/wp-content\\\/uploads\\\/2023\\\/04\\\/logo_original.svg\",\"width\":214,\"height\":92,\"caption\":\"Gato Sueco - Editorial\"},\"image\":{\"@id\":\"https:\\\/\\\/gatosueco.es\\\/#\\\/schema\\\/logo\\\/image\\\/\"}}]}<\/script>\n<!-- \/ Yoast SEO plugin. -->","yoast_head_json":{"title":"L'ham que em va pescar - Gato Sueco - Editorial","robots":{"index":"index","follow":"follow","max-snippet":"max-snippet:-1","max-image-preview":"max-image-preview:large","max-video-preview":"max-video-preview:-1"},"canonical":"https:\/\/gatosueco.es\/en\/catalogo\/lham-que-em-va-pescar\/","og_locale":"en_GB","og_type":"article","og_title":"L'ham que em va pescar - Gato Sueco - Editorial","og_description":"L\u2019Elena ha decidit fer el millor castell de sorra que s\u2019hagi constru\u00eft mai. La preocupaci\u00f3 constant de la seva mare i un accident inesperat faran que no sigui tan senzill. Tot i aix\u00f2 l\u2019Elena viur\u00e0 el dia de platja m\u00e9s inoblidable de tot l\u2019estiu, perqu\u00e8, de vegades, les coses canvien de manera sorprenent, per\u00f2 aix\u00f2 no les fa menys divertides.  Una aventura boja, una hist\u00f2ria destarotada i una oda a la llibertat dels nens i les nenes.  Esta obra ha recibido una ayuda del Ministerio de Cultura, a trav\u00e9s de la Direcci\u00f3n General del Libro, del C\u00f3mic y de la Lectura    Esta\u00a0obra ha sido subvencionada por la Comunidad de Madrid.","og_url":"https:\/\/gatosueco.es\/en\/catalogo\/lham-que-em-va-pescar\/","og_site_name":"Gato Sueco - Editorial","article_modified_time":"2026-03-17T15:03:57+00:00","og_image":[{"width":1690,"height":1318,"url":"https:\/\/gatosueco.es\/wp-content\/uploads\/2025\/06\/L\u00b4ham-que-em-va-pescar.png","type":"image\/png"}],"twitter_card":"summary_large_image","twitter_misc":{"Estimated reading time":"1 minute"},"schema":{"@context":"https:\/\/schema.org","@graph":[{"@type":"WebPage","@id":"https:\/\/gatosueco.es\/catalogo\/lham-que-em-va-pescar\/","url":"https:\/\/gatosueco.es\/catalogo\/lham-que-em-va-pescar\/","name":"L'ham que em va pescar - Gato Sueco - Editorial","isPartOf":{"@id":"https:\/\/gatosueco.es\/#website"},"primaryImageOfPage":{"@id":"https:\/\/gatosueco.es\/catalogo\/lham-que-em-va-pescar\/#primaryimage"},"image":{"@id":"https:\/\/gatosueco.es\/catalogo\/lham-que-em-va-pescar\/#primaryimage"},"thumbnailUrl":"https:\/\/gatosueco.es\/wp-content\/uploads\/2025\/06\/L\u00b4ham-que-em-va-pescar.png","datePublished":"2025-06-10T07:45:29+00:00","dateModified":"2026-03-17T15:03:57+00:00","breadcrumb":{"@id":"https:\/\/gatosueco.es\/catalogo\/lham-que-em-va-pescar\/#breadcrumb"},"inLanguage":"en-GB","potentialAction":[{"@type":"ReadAction","target":["https:\/\/gatosueco.es\/catalogo\/lham-que-em-va-pescar\/"]}]},{"@type":"ImageObject","inLanguage":"en-GB","@id":"https:\/\/gatosueco.es\/catalogo\/lham-que-em-va-pescar\/#primaryimage","url":"https:\/\/gatosueco.es\/wp-content\/uploads\/2025\/06\/L\u00b4ham-que-em-va-pescar.png","contentUrl":"https:\/\/gatosueco.es\/wp-content\/uploads\/2025\/06\/L\u00b4ham-que-em-va-pescar.png","width":1690,"height":1318},{"@type":"BreadcrumbList","@id":"https:\/\/gatosueco.es\/catalogo\/lham-que-em-va-pescar\/#breadcrumb","itemListElement":[{"@type":"ListItem","position":1,"name":"Portada","item":"https:\/\/gatosueco.es\/"},{"@type":"ListItem","position":2,"name":"Productos","item":"https:\/\/gatosueco.es\/catalogoss\/"},{"@type":"ListItem","position":3,"name":"L&#8217;ham que em va pescar"}]},{"@type":"WebSite","@id":"https:\/\/gatosueco.es\/#website","url":"https:\/\/gatosueco.es\/","name":"Cat Swedish - Editorial","description":"","publisher":{"@id":"https:\/\/gatosueco.es\/#organization"},"potentialAction":[{"@type":"SearchAction","target":{"@type":"EntryPoint","urlTemplate":"https:\/\/gatosueco.es\/?s={search_term_string}"},"query-input":{"@type":"PropertyValueSpecification","valueRequired":true,"valueName":"search_term_string"}}],"inLanguage":"en-GB"},{"@type":"Organization","@id":"https:\/\/gatosueco.es\/#organization","name":"Cat Swedish - Editorial","url":"https:\/\/gatosueco.es\/","logo":{"@type":"ImageObject","inLanguage":"en-GB","@id":"https:\/\/gatosueco.es\/#\/schema\/logo\/image\/","url":"https:\/\/gatosueco.es\/wp-content\/uploads\/2023\/04\/logo_original.svg","contentUrl":"https:\/\/gatosueco.es\/wp-content\/uploads\/2023\/04\/logo_original.svg","width":214,"height":92,"caption":"Gato Sueco - Editorial"},"image":{"@id":"https:\/\/gatosueco.es\/#\/schema\/logo\/image\/"}}]}},"_links":{"self":[{"href":"https:\/\/gatosueco.es\/en\/wp-json\/wp\/v2\/product\/2094","targetHints":{"allow":["GET"]}}],"collection":[{"href":"https:\/\/gatosueco.es\/en\/wp-json\/wp\/v2\/product"}],"about":[{"href":"https:\/\/gatosueco.es\/en\/wp-json\/wp\/v2\/types\/product"}],"replies":[{"embeddable":true,"href":"https:\/\/gatosueco.es\/en\/wp-json\/wp\/v2\/comments?post=2094"}],"wp:featuredmedia":[{"embeddable":true,"href":"https:\/\/gatosueco.es\/en\/wp-json\/wp\/v2\/media\/2095"}],"wp:attachment":[{"href":"https:\/\/gatosueco.es\/en\/wp-json\/wp\/v2\/media?parent=2094"}],"wp:term":[{"taxonomy":"product_brand","embeddable":true,"href":"https:\/\/gatosueco.es\/en\/wp-json\/wp\/v2\/product_brand?post=2094"},{"taxonomy":"product_cat","embeddable":true,"href":"https:\/\/gatosueco.es\/en\/wp-json\/wp\/v2\/product_cat?post=2094"},{"taxonomy":"product_tag","embeddable":true,"href":"https:\/\/gatosueco.es\/en\/wp-json\/wp\/v2\/product_tag?post=2094"}],"curies":[{"name":"wp","href":"https:\/\/api.w.org\/{rel}","templated":true}]}}