{"id":2159,"date":"2026-04-10T11:39:17","date_gmt":"2026-04-10T11:39:17","guid":{"rendered":"https:\/\/gatosueco.es\/?post_type=product&#038;p=2159"},"modified":"2026-04-10T20:44:42","modified_gmt":"2026-04-10T20:44:42","slug":"a-la-guerra-yo-no-voy","status":"publish","type":"product","link":"https:\/\/gatosueco.es\/en\/catalogo\/a-la-guerra-yo-no-voy\/","title":{"rendered":"\u00a1A la guerra yo no voy!"},"content":{"rendered":"","protected":false},"excerpt":{"rendered":"<p>Ha estallado la guerra y un piano llora<br \/>\nen la plaza. La pandilla de instrumentos<br \/>\nque corretean por all\u00ed acude para<br \/>\nconsolarlo. Y cada uno entona su canci\u00f3n.<\/p>\n<p>\u00a1A la guerra yo no voy! canta la guitarra, el viol\u00edn,<br \/>\nla trompeta, el tambor\u2026 Y, m\u00e1s alto todav\u00eda<br \/>\nlo dice el acorde\u00f3n.<\/p>\n<p>Esta es una historia en la que los sonidos,<br \/>\nla ilustraci\u00f3n y la m\u00fasica<br \/>\nabren un espacio ilimitado<br \/>\nde juego a la narraci\u00f3n.<\/p>\n<p>\u00bfPreparados para el concierto?<\/p>\n<p>Peque\u00f1os versos, grandes momentos<\/p>\n<p><a href=\"https:\/\/gatosueco.es\/wp-content\/uploads\/2026\/04\/ALAGUERRA_ES.mp3\" target=\"_blank\" rel=\"noopener\">Escuchar canci\u00f3n<\/a><\/p>\n<div><b>Cr\u00e9ditos de la canci\u00f3n:<\/b><\/div>\n<div>\n<div>Voces: Luna, Zoe, Ara y Binta<\/div>\n<div>Letra y m\u00fasica: Camila Monasterio Mart\u00edn<\/div>\n<div>Mezcla de sonido: Santiago Mijarra Rodr\u00edguez<\/div>\n<\/div>\n<p>&nbsp;<\/p>","protected":false},"featured_media":2160,"comment_status":"closed","ping_status":"closed","template":"","meta":{"site-sidebar-layout":"default","site-content-layout":"default","ast-site-content-layout":"default","site-content-style":"default","site-sidebar-style":"default","ast-global-header-display":"","ast-banner-title-visibility":"","ast-main-header-display":"","ast-hfb-above-header-display":"","ast-hfb-below-header-display":"","ast-hfb-mobile-header-display":"","site-post-title":"","ast-breadcrumbs-content":"","ast-featured-img":"","footer-sml-layout":"","ast-disable-related-posts":"","theme-transparent-header-meta":"default","adv-header-id-meta":"","stick-header-meta":"default","header-above-stick-meta":"","header-main-stick-meta":"","header-below-stick-meta":"","astra-migrate-meta-layouts":"set","ast-page-background-enabled":"default","ast-page-background-meta":{"desktop":{"background-color":"var(--ast-global-color-4)","background-image":"","background-repeat":"repeat","background-position":"center center","background-size":"auto","background-attachment":"scroll","background-type":"","background-media":"","overlay-type":"","overlay-color":"","overlay-opacity":"","overlay-gradient":""},"tablet":{"background-color":"","background-image":"","background-repeat":"repeat","background-position":"center center","background-size":"auto","background-attachment":"scroll","background-type":"","background-media":"","overlay-type":"","overlay-color":"","overlay-opacity":"","overlay-gradient":""},"mobile":{"background-color":"","background-image":"","background-repeat":"repeat","background-position":"center center","background-size":"auto","background-attachment":"scroll","background-type":"","background-media":"","overlay-type":"","overlay-color":"","overlay-opacity":"","overlay-gradient":""}},"ast-content-background-meta":{"desktop":{"background-color":"var(--ast-global-color-5)","background-image":"","background-repeat":"repeat","background-position":"center center","background-size":"auto","background-attachment":"scroll","background-type":"","background-media":"","overlay-type":"","overlay-color":"","overlay-opacity":"","overlay-gradient":""},"tablet":{"background-color":"var(--ast-global-color-5)","background-image":"","background-repeat":"repeat","background-position":"center center","background-size":"auto","background-attachment":"scroll","background-type":"","background-media":"","overlay-type":"","overlay-color":"","overlay-opacity":"","overlay-gradient":""},"mobile":{"background-color":"var(--ast-global-color-5)","background-image":"","background-repeat":"repeat","background-position":"center center","background-size":"auto","background-attachment":"scroll","background-type":"","background-media":"","overlay-type":"","overlay-color":"","overlay-opacity":"","overlay-gradient":""}}},"product_brand":[],"product_cat":[21,51],"product_tag":[],"class_list":{"0":"post-2159","1":"product","2":"type-product","3":"status-publish","4":"has-post-thumbnail","6":"product_cat-castellano","7":"product_cat-pequenos-versos-grandes-momentos","8":"desktop-align-left","9":"tablet-align-left","10":"mobile-align-left","11":"ast-product-gallery-layout-horizontal-slider","12":"ast-magnify-disabled","13":"ast-product-tabs-layout-accordion","15":"first","16":"instock","17":"shipping-taxable","18":"product-type-external"},"yoast_head":"<!-- This site is optimized with the Yoast SEO plugin v27.3 - https:\/\/yoast.com\/product\/yoast-seo-wordpress\/ -->\n<title>\u00a1A la guerra yo no voy! - Gato Sueco - Editorial<\/title>\n<meta name=\"robots\" content=\"index, follow, max-snippet:-1, max-image-preview:large, max-video-preview:-1\" \/>\n<link rel=\"canonical\" href=\"https:\/\/gatosueco.es\/en\/catalogo\/a-la-guerra-yo-no-voy\/\" \/>\n<meta property=\"og:locale\" content=\"en_GB\" \/>\n<meta property=\"og:type\" content=\"article\" \/>\n<meta property=\"og:title\" content=\"\u00a1A la guerra yo no voy! - Gato Sueco - Editorial\" \/>\n<meta property=\"og:description\" content=\"Ha estallado la guerra y un piano llora en la plaza. La pandilla de instrumentos que corretean por all\u00ed acude para consolarlo. Y cada uno entona su canci\u00f3n.  \u00a1A la guerra yo no voy! canta la guitarra, el viol\u00edn, la trompeta, el tambor\u2026 Y, m\u00e1s alto todav\u00eda lo dice el acorde\u00f3n.  Esta es una historia en la que los sonidos, la ilustraci\u00f3n y la m\u00fasica abren un espacio ilimitado de juego a la narraci\u00f3n.  \u00bfPreparados para el concierto?  Peque\u00f1os versos, grandes momentos  Escuchar canci\u00f3n Cr\u00e9ditos de la canci\u00f3n:  Voces: Luna, Zoe, Ara y Binta Letra y m\u00fasica: Camila Monasterio Mart\u00edn Mezcla de sonido: Santiago Mijarra Rodr\u00edguez  &nbsp;\" \/>\n<meta property=\"og:url\" content=\"https:\/\/gatosueco.es\/en\/catalogo\/a-la-guerra-yo-no-voy\/\" \/>\n<meta property=\"og:site_name\" content=\"Gato Sueco - Editorial\" \/>\n<meta property=\"article:modified_time\" content=\"2026-04-10T20:44:42+00:00\" \/>\n<meta property=\"og:image\" content=\"https:\/\/gatosueco.es\/wp-content\/uploads\/2026\/04\/cubierta-\u00a1A-la-guerra-yo-no-voy.webp\" \/>\n\t<meta property=\"og:image:width\" content=\"1344\" \/>\n\t<meta property=\"og:image:height\" content=\"1460\" \/>\n\t<meta property=\"og:image:type\" content=\"image\/webp\" \/>\n<meta name=\"twitter:card\" content=\"summary_large_image\" \/>\n<meta name=\"twitter:label1\" content=\"Estimated reading time\" \/>\n\t<meta name=\"twitter:data1\" content=\"1 minute\" \/>\n<script type=\"application\/ld+json\" class=\"yoast-schema-graph\">{\"@context\":\"https:\\\/\\\/schema.org\",\"@graph\":[{\"@type\":\"WebPage\",\"@id\":\"https:\\\/\\\/gatosueco.es\\\/catalogo\\\/a-la-guerra-yo-no-voy\\\/\",\"url\":\"https:\\\/\\\/gatosueco.es\\\/catalogo\\\/a-la-guerra-yo-no-voy\\\/\",\"name\":\"\u00a1A la guerra yo no voy! - Gato Sueco - Editorial\",\"isPartOf\":{\"@id\":\"https:\\\/\\\/gatosueco.es\\\/#website\"},\"primaryImageOfPage\":{\"@id\":\"https:\\\/\\\/gatosueco.es\\\/catalogo\\\/a-la-guerra-yo-no-voy\\\/#primaryimage\"},\"image\":{\"@id\":\"https:\\\/\\\/gatosueco.es\\\/catalogo\\\/a-la-guerra-yo-no-voy\\\/#primaryimage\"},\"thumbnailUrl\":\"https:\\\/\\\/gatosueco.es\\\/wp-content\\\/uploads\\\/2026\\\/04\\\/cubierta-\u00a1A-la-guerra-yo-no-voy.webp\",\"datePublished\":\"2026-04-10T11:39:17+00:00\",\"dateModified\":\"2026-04-10T20:44:42+00:00\",\"breadcrumb\":{\"@id\":\"https:\\\/\\\/gatosueco.es\\\/catalogo\\\/a-la-guerra-yo-no-voy\\\/#breadcrumb\"},\"inLanguage\":\"en-GB\",\"potentialAction\":[{\"@type\":\"ReadAction\",\"target\":[\"https:\\\/\\\/gatosueco.es\\\/catalogo\\\/a-la-guerra-yo-no-voy\\\/\"]}]},{\"@type\":\"ImageObject\",\"inLanguage\":\"en-GB\",\"@id\":\"https:\\\/\\\/gatosueco.es\\\/catalogo\\\/a-la-guerra-yo-no-voy\\\/#primaryimage\",\"url\":\"https:\\\/\\\/gatosueco.es\\\/wp-content\\\/uploads\\\/2026\\\/04\\\/cubierta-\u00a1A-la-guerra-yo-no-voy.webp\",\"contentUrl\":\"https:\\\/\\\/gatosueco.es\\\/wp-content\\\/uploads\\\/2026\\\/04\\\/cubierta-\u00a1A-la-guerra-yo-no-voy.webp\",\"width\":1344,\"height\":1460},{\"@type\":\"BreadcrumbList\",\"@id\":\"https:\\\/\\\/gatosueco.es\\\/catalogo\\\/a-la-guerra-yo-no-voy\\\/#breadcrumb\",\"itemListElement\":[{\"@type\":\"ListItem\",\"position\":1,\"name\":\"Portada\",\"item\":\"https:\\\/\\\/gatosueco.es\\\/\"},{\"@type\":\"ListItem\",\"position\":2,\"name\":\"Productos\",\"item\":\"https:\\\/\\\/gatosueco.es\\\/catalogoss\\\/\"},{\"@type\":\"ListItem\",\"position\":3,\"name\":\"\u00a1A la guerra yo no voy!\"}]},{\"@type\":\"WebSite\",\"@id\":\"https:\\\/\\\/gatosueco.es\\\/#website\",\"url\":\"https:\\\/\\\/gatosueco.es\\\/\",\"name\":\"Gato Sueco - Editorial\",\"description\":\"\",\"publisher\":{\"@id\":\"https:\\\/\\\/gatosueco.es\\\/#organization\"},\"potentialAction\":[{\"@type\":\"SearchAction\",\"target\":{\"@type\":\"EntryPoint\",\"urlTemplate\":\"https:\\\/\\\/gatosueco.es\\\/?s={search_term_string}\"},\"query-input\":{\"@type\":\"PropertyValueSpecification\",\"valueRequired\":true,\"valueName\":\"search_term_string\"}}],\"inLanguage\":\"en-GB\"},{\"@type\":\"Organization\",\"@id\":\"https:\\\/\\\/gatosueco.es\\\/#organization\",\"name\":\"Gato Sueco - Editorial\",\"url\":\"https:\\\/\\\/gatosueco.es\\\/\",\"logo\":{\"@type\":\"ImageObject\",\"inLanguage\":\"en-GB\",\"@id\":\"https:\\\/\\\/gatosueco.es\\\/#\\\/schema\\\/logo\\\/image\\\/\",\"url\":\"https:\\\/\\\/gatosueco.es\\\/wp-content\\\/uploads\\\/2023\\\/04\\\/logo_original.svg\",\"contentUrl\":\"https:\\\/\\\/gatosueco.es\\\/wp-content\\\/uploads\\\/2023\\\/04\\\/logo_original.svg\",\"width\":214,\"height\":92,\"caption\":\"Gato Sueco - Editorial\"},\"image\":{\"@id\":\"https:\\\/\\\/gatosueco.es\\\/#\\\/schema\\\/logo\\\/image\\\/\"}}]}<\/script>\n<!-- \/ Yoast SEO plugin. -->","yoast_head_json":{"title":"\u00a1A la guerra yo no voy! - Gato Sueco - Editorial","robots":{"index":"index","follow":"follow","max-snippet":"max-snippet:-1","max-image-preview":"max-image-preview:large","max-video-preview":"max-video-preview:-1"},"canonical":"https:\/\/gatosueco.es\/en\/catalogo\/a-la-guerra-yo-no-voy\/","og_locale":"en_GB","og_type":"article","og_title":"\u00a1A la guerra yo no voy! - Gato Sueco - Editorial","og_description":"Ha estallado la guerra y un piano llora en la plaza. La pandilla de instrumentos que corretean por all\u00ed acude para consolarlo. Y cada uno entona su canci\u00f3n.  \u00a1A la guerra yo no voy! canta la guitarra, el viol\u00edn, la trompeta, el tambor\u2026 Y, m\u00e1s alto todav\u00eda lo dice el acorde\u00f3n.  Esta es una historia en la que los sonidos, la ilustraci\u00f3n y la m\u00fasica abren un espacio ilimitado de juego a la narraci\u00f3n.  \u00bfPreparados para el concierto?  Peque\u00f1os versos, grandes momentos  Escuchar canci\u00f3n Cr\u00e9ditos de la canci\u00f3n:  Voces: Luna, Zoe, Ara y Binta Letra y m\u00fasica: Camila Monasterio Mart\u00edn Mezcla de sonido: Santiago Mijarra Rodr\u00edguez  &nbsp;","og_url":"https:\/\/gatosueco.es\/en\/catalogo\/a-la-guerra-yo-no-voy\/","og_site_name":"Gato Sueco - Editorial","article_modified_time":"2026-04-10T20:44:42+00:00","og_image":[{"width":1344,"height":1460,"url":"https:\/\/gatosueco.es\/wp-content\/uploads\/2026\/04\/cubierta-\u00a1A-la-guerra-yo-no-voy.webp","type":"image\/webp"}],"twitter_card":"summary_large_image","twitter_misc":{"Estimated reading time":"1 minute"},"schema":{"@context":"https:\/\/schema.org","@graph":[{"@type":"WebPage","@id":"https:\/\/gatosueco.es\/catalogo\/a-la-guerra-yo-no-voy\/","url":"https:\/\/gatosueco.es\/catalogo\/a-la-guerra-yo-no-voy\/","name":"\u00a1A la guerra yo no voy! - Gato Sueco - Editorial","isPartOf":{"@id":"https:\/\/gatosueco.es\/#website"},"primaryImageOfPage":{"@id":"https:\/\/gatosueco.es\/catalogo\/a-la-guerra-yo-no-voy\/#primaryimage"},"image":{"@id":"https:\/\/gatosueco.es\/catalogo\/a-la-guerra-yo-no-voy\/#primaryimage"},"thumbnailUrl":"https:\/\/gatosueco.es\/wp-content\/uploads\/2026\/04\/cubierta-\u00a1A-la-guerra-yo-no-voy.webp","datePublished":"2026-04-10T11:39:17+00:00","dateModified":"2026-04-10T20:44:42+00:00","breadcrumb":{"@id":"https:\/\/gatosueco.es\/catalogo\/a-la-guerra-yo-no-voy\/#breadcrumb"},"inLanguage":"en-GB","potentialAction":[{"@type":"ReadAction","target":["https:\/\/gatosueco.es\/catalogo\/a-la-guerra-yo-no-voy\/"]}]},{"@type":"ImageObject","inLanguage":"en-GB","@id":"https:\/\/gatosueco.es\/catalogo\/a-la-guerra-yo-no-voy\/#primaryimage","url":"https:\/\/gatosueco.es\/wp-content\/uploads\/2026\/04\/cubierta-\u00a1A-la-guerra-yo-no-voy.webp","contentUrl":"https:\/\/gatosueco.es\/wp-content\/uploads\/2026\/04\/cubierta-\u00a1A-la-guerra-yo-no-voy.webp","width":1344,"height":1460},{"@type":"BreadcrumbList","@id":"https:\/\/gatosueco.es\/catalogo\/a-la-guerra-yo-no-voy\/#breadcrumb","itemListElement":[{"@type":"ListItem","position":1,"name":"Portada","item":"https:\/\/gatosueco.es\/"},{"@type":"ListItem","position":2,"name":"Productos","item":"https:\/\/gatosueco.es\/catalogoss\/"},{"@type":"ListItem","position":3,"name":"\u00a1A la guerra yo no voy!"}]},{"@type":"WebSite","@id":"https:\/\/gatosueco.es\/#website","url":"https:\/\/gatosueco.es\/","name":"Cat Swedish - Editorial","description":"","publisher":{"@id":"https:\/\/gatosueco.es\/#organization"},"potentialAction":[{"@type":"SearchAction","target":{"@type":"EntryPoint","urlTemplate":"https:\/\/gatosueco.es\/?s={search_term_string}"},"query-input":{"@type":"PropertyValueSpecification","valueRequired":true,"valueName":"search_term_string"}}],"inLanguage":"en-GB"},{"@type":"Organization","@id":"https:\/\/gatosueco.es\/#organization","name":"Cat Swedish - Editorial","url":"https:\/\/gatosueco.es\/","logo":{"@type":"ImageObject","inLanguage":"en-GB","@id":"https:\/\/gatosueco.es\/#\/schema\/logo\/image\/","url":"https:\/\/gatosueco.es\/wp-content\/uploads\/2023\/04\/logo_original.svg","contentUrl":"https:\/\/gatosueco.es\/wp-content\/uploads\/2023\/04\/logo_original.svg","width":214,"height":92,"caption":"Gato Sueco - Editorial"},"image":{"@id":"https:\/\/gatosueco.es\/#\/schema\/logo\/image\/"}}]}},"_links":{"self":[{"href":"https:\/\/gatosueco.es\/en\/wp-json\/wp\/v2\/product\/2159","targetHints":{"allow":["GET"]}}],"collection":[{"href":"https:\/\/gatosueco.es\/en\/wp-json\/wp\/v2\/product"}],"about":[{"href":"https:\/\/gatosueco.es\/en\/wp-json\/wp\/v2\/types\/product"}],"replies":[{"embeddable":true,"href":"https:\/\/gatosueco.es\/en\/wp-json\/wp\/v2\/comments?post=2159"}],"wp:featuredmedia":[{"embeddable":true,"href":"https:\/\/gatosueco.es\/en\/wp-json\/wp\/v2\/media\/2160"}],"wp:attachment":[{"href":"https:\/\/gatosueco.es\/en\/wp-json\/wp\/v2\/media?parent=2159"}],"wp:term":[{"taxonomy":"product_brand","embeddable":true,"href":"https:\/\/gatosueco.es\/en\/wp-json\/wp\/v2\/product_brand?post=2159"},{"taxonomy":"product_cat","embeddable":true,"href":"https:\/\/gatosueco.es\/en\/wp-json\/wp\/v2\/product_cat?post=2159"},{"taxonomy":"product_tag","embeddable":true,"href":"https:\/\/gatosueco.es\/en\/wp-json\/wp\/v2\/product_tag?post=2159"}],"curies":[{"name":"wp","href":"https:\/\/api.w.org\/{rel}","templated":true}]}}