{"id":2163,"date":"2026-04-10T11:43:55","date_gmt":"2026-04-10T11:43:55","guid":{"rendered":"https:\/\/gatosueco.es\/?post_type=product&#038;p=2163"},"modified":"2026-04-10T20:50:28","modified_gmt":"2026-04-10T20:50:28","slug":"a-la-guerra-jo-no-hi-vaig","status":"publish","type":"product","link":"https:\/\/gatosueco.es\/en\/catalogo\/a-la-guerra-jo-no-hi-vaig\/","title":{"rendered":"A la guerra jo no hi vaig!"},"content":{"rendered":"","protected":false},"excerpt":{"rendered":"<p>Ha esclatat la guerra i hi ha<br \/>\nun piano que plora a la pla\u00e7a.<br \/>\nEl grup d\u2019instruments que corren per all\u00e0 s\u2019hi acosten per consolar-lo, I cada<br \/>\ninstrument entona la seva can\u00e7\u00f3.<\/p>\n<p>\u00abA la guerra, jo no hi vaig!\u00bb, canten la guitarra, el viol\u00ed,<br \/>\nla trompeta i el tambor, I crida ben fort l\u2019acordi\u00f3.<\/p>\n<p>Aquesta \u00e9s una hist\u00f2ria en la qual<br \/>\nels sons, lES il\u00b7lustraci\u00f3NS i la m\u00fasica obren un espai il\u00b7limitat<br \/>\nde joc per a la narraci\u00f3.<\/p>\n<p>Est\u00e0s a punt per al concert?<\/p>\n<div class=\"gmail-woocommerce-product-details__short-description\">\n<p><a href=\"https:\/\/gatosueco.es\/wp-content\/uploads\/2026\/04\/ALAGUERRA_CA.wav\" target=\"_blank\" rel=\"noopener\">Escuchar canci\u00f3n<\/a><\/p>\n<div><b>Cr\u00e9ditos de la canci\u00f3n:<\/b><\/div>\n<div>\n<div>Voces: Luna, Zoe, Ara y Binta<\/div>\n<div>Letra y m\u00fasica: Camila Monasterio Mart\u00edn<\/div>\n<div>Mezcla de sonido: Santiago Mijarra Rodr\u00edguez<\/div>\n<\/div>\n<p>&nbsp;<\/p>\n<\/div>","protected":false},"featured_media":2164,"comment_status":"closed","ping_status":"closed","template":"","meta":{"site-sidebar-layout":"default","site-content-layout":"default","ast-site-content-layout":"default","site-content-style":"default","site-sidebar-style":"default","ast-global-header-display":"","ast-banner-title-visibility":"","ast-main-header-display":"","ast-hfb-above-header-display":"","ast-hfb-below-header-display":"","ast-hfb-mobile-header-display":"","site-post-title":"","ast-breadcrumbs-content":"","ast-featured-img":"","footer-sml-layout":"","ast-disable-related-posts":"","theme-transparent-header-meta":"default","adv-header-id-meta":"","stick-header-meta":"default","header-above-stick-meta":"","header-main-stick-meta":"","header-below-stick-meta":"","astra-migrate-meta-layouts":"set","ast-page-background-enabled":"default","ast-page-background-meta":{"desktop":{"background-color":"var(--ast-global-color-4)","background-image":"","background-repeat":"repeat","background-position":"center center","background-size":"auto","background-attachment":"scroll","background-type":"","background-media":"","overlay-type":"","overlay-color":"","overlay-opacity":"","overlay-gradient":""},"tablet":{"background-color":"","background-image":"","background-repeat":"repeat","background-position":"center center","background-size":"auto","background-attachment":"scroll","background-type":"","background-media":"","overlay-type":"","overlay-color":"","overlay-opacity":"","overlay-gradient":""},"mobile":{"background-color":"","background-image":"","background-repeat":"repeat","background-position":"center center","background-size":"auto","background-attachment":"scroll","background-type":"","background-media":"","overlay-type":"","overlay-color":"","overlay-opacity":"","overlay-gradient":""}},"ast-content-background-meta":{"desktop":{"background-color":"var(--ast-global-color-5)","background-image":"","background-repeat":"repeat","background-position":"center center","background-size":"auto","background-attachment":"scroll","background-type":"","background-media":"","overlay-type":"","overlay-color":"","overlay-opacity":"","overlay-gradient":""},"tablet":{"background-color":"var(--ast-global-color-5)","background-image":"","background-repeat":"repeat","background-position":"center center","background-size":"auto","background-attachment":"scroll","background-type":"","background-media":"","overlay-type":"","overlay-color":"","overlay-opacity":"","overlay-gradient":""},"mobile":{"background-color":"var(--ast-global-color-5)","background-image":"","background-repeat":"repeat","background-position":"center center","background-size":"auto","background-attachment":"scroll","background-type":"","background-media":"","overlay-type":"","overlay-color":"","overlay-opacity":"","overlay-gradient":""}}},"product_brand":[],"product_cat":[25,51],"product_tag":[],"class_list":{"0":"post-2163","1":"product","2":"type-product","3":"status-publish","4":"has-post-thumbnail","6":"product_cat-catala","7":"product_cat-pequenos-versos-grandes-momentos","8":"desktop-align-left","9":"tablet-align-left","10":"mobile-align-left","11":"ast-product-gallery-layout-horizontal-slider","12":"ast-magnify-disabled","13":"ast-product-tabs-layout-accordion","15":"first","16":"instock","17":"shipping-taxable","18":"product-type-external"},"yoast_head":"<!-- This site is optimized with the Yoast SEO plugin v27.3 - https:\/\/yoast.com\/product\/yoast-seo-wordpress\/ -->\n<title>A la guerra jo no hi vaig! - Gato Sueco - Editorial<\/title>\n<meta name=\"robots\" content=\"index, follow, max-snippet:-1, max-image-preview:large, max-video-preview:-1\" \/>\n<link rel=\"canonical\" href=\"https:\/\/gatosueco.es\/en\/catalogo\/a-la-guerra-jo-no-hi-vaig\/\" \/>\n<meta property=\"og:locale\" content=\"en_GB\" \/>\n<meta property=\"og:type\" content=\"article\" \/>\n<meta property=\"og:title\" content=\"A la guerra jo no hi vaig! - Gato Sueco - Editorial\" \/>\n<meta property=\"og:description\" content=\"Ha esclatat la guerra i hi ha un piano que plora a la pla\u00e7a. El grup d\u2019instruments que corren per all\u00e0 s\u2019hi acosten per consolar-lo, I cada instrument entona la seva can\u00e7\u00f3.  \u00abA la guerra, jo no hi vaig!\u00bb, canten la guitarra, el viol\u00ed, la trompeta i el tambor, I crida ben fort l\u2019acordi\u00f3.  Aquesta \u00e9s una hist\u00f2ria en la qual els sons, lES il\u00b7lustraci\u00f3NS i la m\u00fasica obren un espai il\u00b7limitat de joc per a la narraci\u00f3.  Est\u00e0s a punt per al concert?   Escuchar canci\u00f3n Cr\u00e9ditos de la canci\u00f3n:  Voces: Luna, Zoe, Ara y Binta Letra y m\u00fasica: Camila Monasterio Mart\u00edn Mezcla de sonido: Santiago Mijarra Rodr\u00edguez  &nbsp;\" \/>\n<meta property=\"og:url\" content=\"https:\/\/gatosueco.es\/en\/catalogo\/a-la-guerra-jo-no-hi-vaig\/\" \/>\n<meta property=\"og:site_name\" content=\"Gato Sueco - Editorial\" \/>\n<meta property=\"article:modified_time\" content=\"2026-04-10T20:50:28+00:00\" \/>\n<meta property=\"og:image\" content=\"https:\/\/gatosueco.es\/wp-content\/uploads\/2026\/04\/Cubierta-A-la-guerra-jo-no-hi-vaig.webp\" \/>\n\t<meta property=\"og:image:width\" content=\"787\" \/>\n\t<meta property=\"og:image:height\" content=\"821\" \/>\n\t<meta property=\"og:image:type\" content=\"image\/webp\" \/>\n<meta name=\"twitter:card\" content=\"summary_large_image\" \/>\n<meta name=\"twitter:label1\" content=\"Estimated reading time\" \/>\n\t<meta name=\"twitter:data1\" content=\"1 minute\" \/>\n<script type=\"application\/ld+json\" class=\"yoast-schema-graph\">{\"@context\":\"https:\\\/\\\/schema.org\",\"@graph\":[{\"@type\":\"WebPage\",\"@id\":\"https:\\\/\\\/gatosueco.es\\\/catalogo\\\/a-la-guerra-jo-no-hi-vaig\\\/\",\"url\":\"https:\\\/\\\/gatosueco.es\\\/catalogo\\\/a-la-guerra-jo-no-hi-vaig\\\/\",\"name\":\"A la guerra jo no hi vaig! - Gato Sueco - Editorial\",\"isPartOf\":{\"@id\":\"https:\\\/\\\/gatosueco.es\\\/#website\"},\"primaryImageOfPage\":{\"@id\":\"https:\\\/\\\/gatosueco.es\\\/catalogo\\\/a-la-guerra-jo-no-hi-vaig\\\/#primaryimage\"},\"image\":{\"@id\":\"https:\\\/\\\/gatosueco.es\\\/catalogo\\\/a-la-guerra-jo-no-hi-vaig\\\/#primaryimage\"},\"thumbnailUrl\":\"https:\\\/\\\/gatosueco.es\\\/wp-content\\\/uploads\\\/2026\\\/04\\\/Cubierta-A-la-guerra-jo-no-hi-vaig.webp\",\"datePublished\":\"2026-04-10T11:43:55+00:00\",\"dateModified\":\"2026-04-10T20:50:28+00:00\",\"breadcrumb\":{\"@id\":\"https:\\\/\\\/gatosueco.es\\\/catalogo\\\/a-la-guerra-jo-no-hi-vaig\\\/#breadcrumb\"},\"inLanguage\":\"en-GB\",\"potentialAction\":[{\"@type\":\"ReadAction\",\"target\":[\"https:\\\/\\\/gatosueco.es\\\/catalogo\\\/a-la-guerra-jo-no-hi-vaig\\\/\"]}]},{\"@type\":\"ImageObject\",\"inLanguage\":\"en-GB\",\"@id\":\"https:\\\/\\\/gatosueco.es\\\/catalogo\\\/a-la-guerra-jo-no-hi-vaig\\\/#primaryimage\",\"url\":\"https:\\\/\\\/gatosueco.es\\\/wp-content\\\/uploads\\\/2026\\\/04\\\/Cubierta-A-la-guerra-jo-no-hi-vaig.webp\",\"contentUrl\":\"https:\\\/\\\/gatosueco.es\\\/wp-content\\\/uploads\\\/2026\\\/04\\\/Cubierta-A-la-guerra-jo-no-hi-vaig.webp\",\"width\":787,\"height\":821},{\"@type\":\"BreadcrumbList\",\"@id\":\"https:\\\/\\\/gatosueco.es\\\/catalogo\\\/a-la-guerra-jo-no-hi-vaig\\\/#breadcrumb\",\"itemListElement\":[{\"@type\":\"ListItem\",\"position\":1,\"name\":\"Portada\",\"item\":\"https:\\\/\\\/gatosueco.es\\\/\"},{\"@type\":\"ListItem\",\"position\":2,\"name\":\"Productos\",\"item\":\"https:\\\/\\\/gatosueco.es\\\/catalogoss\\\/\"},{\"@type\":\"ListItem\",\"position\":3,\"name\":\"A la guerra jo no hi vaig!\"}]},{\"@type\":\"WebSite\",\"@id\":\"https:\\\/\\\/gatosueco.es\\\/#website\",\"url\":\"https:\\\/\\\/gatosueco.es\\\/\",\"name\":\"Gato Sueco - Editorial\",\"description\":\"\",\"publisher\":{\"@id\":\"https:\\\/\\\/gatosueco.es\\\/#organization\"},\"potentialAction\":[{\"@type\":\"SearchAction\",\"target\":{\"@type\":\"EntryPoint\",\"urlTemplate\":\"https:\\\/\\\/gatosueco.es\\\/?s={search_term_string}\"},\"query-input\":{\"@type\":\"PropertyValueSpecification\",\"valueRequired\":true,\"valueName\":\"search_term_string\"}}],\"inLanguage\":\"en-GB\"},{\"@type\":\"Organization\",\"@id\":\"https:\\\/\\\/gatosueco.es\\\/#organization\",\"name\":\"Gato Sueco - Editorial\",\"url\":\"https:\\\/\\\/gatosueco.es\\\/\",\"logo\":{\"@type\":\"ImageObject\",\"inLanguage\":\"en-GB\",\"@id\":\"https:\\\/\\\/gatosueco.es\\\/#\\\/schema\\\/logo\\\/image\\\/\",\"url\":\"https:\\\/\\\/gatosueco.es\\\/wp-content\\\/uploads\\\/2023\\\/04\\\/logo_original.svg\",\"contentUrl\":\"https:\\\/\\\/gatosueco.es\\\/wp-content\\\/uploads\\\/2023\\\/04\\\/logo_original.svg\",\"width\":214,\"height\":92,\"caption\":\"Gato Sueco - Editorial\"},\"image\":{\"@id\":\"https:\\\/\\\/gatosueco.es\\\/#\\\/schema\\\/logo\\\/image\\\/\"}}]}<\/script>\n<!-- \/ Yoast SEO plugin. -->","yoast_head_json":{"title":"A la guerra jo no hi vaig! - Gato Sueco - Editorial","robots":{"index":"index","follow":"follow","max-snippet":"max-snippet:-1","max-image-preview":"max-image-preview:large","max-video-preview":"max-video-preview:-1"},"canonical":"https:\/\/gatosueco.es\/en\/catalogo\/a-la-guerra-jo-no-hi-vaig\/","og_locale":"en_GB","og_type":"article","og_title":"A la guerra jo no hi vaig! - Gato Sueco - Editorial","og_description":"Ha esclatat la guerra i hi ha un piano que plora a la pla\u00e7a. El grup d\u2019instruments que corren per all\u00e0 s\u2019hi acosten per consolar-lo, I cada instrument entona la seva can\u00e7\u00f3.  \u00abA la guerra, jo no hi vaig!\u00bb, canten la guitarra, el viol\u00ed, la trompeta i el tambor, I crida ben fort l\u2019acordi\u00f3.  Aquesta \u00e9s una hist\u00f2ria en la qual els sons, lES il\u00b7lustraci\u00f3NS i la m\u00fasica obren un espai il\u00b7limitat de joc per a la narraci\u00f3.  Est\u00e0s a punt per al concert?   Escuchar canci\u00f3n Cr\u00e9ditos de la canci\u00f3n:  Voces: Luna, Zoe, Ara y Binta Letra y m\u00fasica: Camila Monasterio Mart\u00edn Mezcla de sonido: Santiago Mijarra Rodr\u00edguez  &nbsp;","og_url":"https:\/\/gatosueco.es\/en\/catalogo\/a-la-guerra-jo-no-hi-vaig\/","og_site_name":"Gato Sueco - Editorial","article_modified_time":"2026-04-10T20:50:28+00:00","og_image":[{"width":787,"height":821,"url":"https:\/\/gatosueco.es\/wp-content\/uploads\/2026\/04\/Cubierta-A-la-guerra-jo-no-hi-vaig.webp","type":"image\/webp"}],"twitter_card":"summary_large_image","twitter_misc":{"Estimated reading time":"1 minute"},"schema":{"@context":"https:\/\/schema.org","@graph":[{"@type":"WebPage","@id":"https:\/\/gatosueco.es\/catalogo\/a-la-guerra-jo-no-hi-vaig\/","url":"https:\/\/gatosueco.es\/catalogo\/a-la-guerra-jo-no-hi-vaig\/","name":"A la guerra jo no hi vaig! - Gato Sueco - Editorial","isPartOf":{"@id":"https:\/\/gatosueco.es\/#website"},"primaryImageOfPage":{"@id":"https:\/\/gatosueco.es\/catalogo\/a-la-guerra-jo-no-hi-vaig\/#primaryimage"},"image":{"@id":"https:\/\/gatosueco.es\/catalogo\/a-la-guerra-jo-no-hi-vaig\/#primaryimage"},"thumbnailUrl":"https:\/\/gatosueco.es\/wp-content\/uploads\/2026\/04\/Cubierta-A-la-guerra-jo-no-hi-vaig.webp","datePublished":"2026-04-10T11:43:55+00:00","dateModified":"2026-04-10T20:50:28+00:00","breadcrumb":{"@id":"https:\/\/gatosueco.es\/catalogo\/a-la-guerra-jo-no-hi-vaig\/#breadcrumb"},"inLanguage":"en-GB","potentialAction":[{"@type":"ReadAction","target":["https:\/\/gatosueco.es\/catalogo\/a-la-guerra-jo-no-hi-vaig\/"]}]},{"@type":"ImageObject","inLanguage":"en-GB","@id":"https:\/\/gatosueco.es\/catalogo\/a-la-guerra-jo-no-hi-vaig\/#primaryimage","url":"https:\/\/gatosueco.es\/wp-content\/uploads\/2026\/04\/Cubierta-A-la-guerra-jo-no-hi-vaig.webp","contentUrl":"https:\/\/gatosueco.es\/wp-content\/uploads\/2026\/04\/Cubierta-A-la-guerra-jo-no-hi-vaig.webp","width":787,"height":821},{"@type":"BreadcrumbList","@id":"https:\/\/gatosueco.es\/catalogo\/a-la-guerra-jo-no-hi-vaig\/#breadcrumb","itemListElement":[{"@type":"ListItem","position":1,"name":"Portada","item":"https:\/\/gatosueco.es\/"},{"@type":"ListItem","position":2,"name":"Productos","item":"https:\/\/gatosueco.es\/catalogoss\/"},{"@type":"ListItem","position":3,"name":"A la guerra jo no hi vaig!"}]},{"@type":"WebSite","@id":"https:\/\/gatosueco.es\/#website","url":"https:\/\/gatosueco.es\/","name":"Cat Swedish - Editorial","description":"","publisher":{"@id":"https:\/\/gatosueco.es\/#organization"},"potentialAction":[{"@type":"SearchAction","target":{"@type":"EntryPoint","urlTemplate":"https:\/\/gatosueco.es\/?s={search_term_string}"},"query-input":{"@type":"PropertyValueSpecification","valueRequired":true,"valueName":"search_term_string"}}],"inLanguage":"en-GB"},{"@type":"Organization","@id":"https:\/\/gatosueco.es\/#organization","name":"Cat Swedish - Editorial","url":"https:\/\/gatosueco.es\/","logo":{"@type":"ImageObject","inLanguage":"en-GB","@id":"https:\/\/gatosueco.es\/#\/schema\/logo\/image\/","url":"https:\/\/gatosueco.es\/wp-content\/uploads\/2023\/04\/logo_original.svg","contentUrl":"https:\/\/gatosueco.es\/wp-content\/uploads\/2023\/04\/logo_original.svg","width":214,"height":92,"caption":"Gato Sueco - Editorial"},"image":{"@id":"https:\/\/gatosueco.es\/#\/schema\/logo\/image\/"}}]}},"_links":{"self":[{"href":"https:\/\/gatosueco.es\/en\/wp-json\/wp\/v2\/product\/2163","targetHints":{"allow":["GET"]}}],"collection":[{"href":"https:\/\/gatosueco.es\/en\/wp-json\/wp\/v2\/product"}],"about":[{"href":"https:\/\/gatosueco.es\/en\/wp-json\/wp\/v2\/types\/product"}],"replies":[{"embeddable":true,"href":"https:\/\/gatosueco.es\/en\/wp-json\/wp\/v2\/comments?post=2163"}],"wp:featuredmedia":[{"embeddable":true,"href":"https:\/\/gatosueco.es\/en\/wp-json\/wp\/v2\/media\/2164"}],"wp:attachment":[{"href":"https:\/\/gatosueco.es\/en\/wp-json\/wp\/v2\/media?parent=2163"}],"wp:term":[{"taxonomy":"product_brand","embeddable":true,"href":"https:\/\/gatosueco.es\/en\/wp-json\/wp\/v2\/product_brand?post=2163"},{"taxonomy":"product_cat","embeddable":true,"href":"https:\/\/gatosueco.es\/en\/wp-json\/wp\/v2\/product_cat?post=2163"},{"taxonomy":"product_tag","embeddable":true,"href":"https:\/\/gatosueco.es\/en\/wp-json\/wp\/v2\/product_tag?post=2163"}],"curies":[{"name":"wp","href":"https:\/\/api.w.org\/{rel}","templated":true}]}}