{"id":428,"date":"2023-05-04T14:35:47","date_gmt":"2023-05-04T14:35:47","guid":{"rendered":"https:\/\/40612289.servicio-online.net\/gatosueco\/?post_type=product&#038;p=428"},"modified":"2025-04-25T09:17:21","modified_gmt":"2025-04-25T09:17:21","slug":"tres-catala","status":"publish","type":"product","link":"https:\/\/gatosueco.es\/en\/catalogo\/tres-catala\/","title":{"rendered":"Tres (Catal\u00e0)"},"content":{"rendered":"","protected":false},"excerpt":{"rendered":"<p>En Jonatan no t\u00e9 pas tres cames ni tres peus, sin\u00f3 dues cames i tres peus. No t\u00e9 tres ulls, tampoc; en t\u00e9 tres.<\/p>\n<p>Ni tres boques sin\u00f3 una, nom\u00e9s.<\/p>\n<p>De joguines tampoc no en t\u00e9 tres,<\/p>\n<p>sin\u00f3 que en t\u00e9&#8230; cent, potser!<\/p>\n<p>A m\u00e9s, no sap dir tres paraules i prou,<\/p>\n<p>sin\u00f3 que en sap bastantes m\u00e9s.<\/p>\n<p>Aix\u00ed, doncs, qu\u00e8 hi pinta, el tres, en aquest conte?<\/p>\n<p>Doncs hi pinta molt, perqu\u00e8 en Jonatan t\u00e9 tres anys,<\/p>\n<p>i, de nens com en Jonatan, nom\u00e9s n\u2019hi ha un!<\/p>\n<p>\u201cTres\u201d es un llibre enginy\u00f3s i divertit,<\/p>\n<p>perfecte per a menuts amb sentit de l\u2019humor.<br \/>\n<a href=\"https:\/\/www.todostuslibros.com\/libros\/tres-cat_978-84-946391-6-6\"><button class=\"shopNow\">Comprar ahora<\/button><\/a><\/p>","protected":false},"featured_media":571,"comment_status":"closed","ping_status":"closed","template":"","meta":{"site-sidebar-layout":"default","site-content-layout":"default","ast-site-content-layout":"","site-content-style":"","site-sidebar-style":"","ast-global-header-display":"","ast-banner-title-visibility":"","ast-main-header-display":"","ast-hfb-above-header-display":"","ast-hfb-below-header-display":"","ast-hfb-mobile-header-display":"","site-post-title":"","ast-breadcrumbs-content":"","ast-featured-img":"","footer-sml-layout":"","ast-disable-related-posts":"","theme-transparent-header-meta":"default","adv-header-id-meta":"","stick-header-meta":"default","header-above-stick-meta":"","header-main-stick-meta":"","header-below-stick-meta":"","astra-migrate-meta-layouts":"","ast-page-background-enabled":"default","ast-page-background-meta":{"desktop":{"background-color":"var(--ast-global-color-4)","background-image":"","background-repeat":"repeat","background-position":"center center","background-size":"auto","background-attachment":"scroll","background-type":"","background-media":"","overlay-type":"","overlay-color":"","overlay-opacity":"","overlay-gradient":""},"tablet":{"background-color":"","background-image":"","background-repeat":"repeat","background-position":"center center","background-size":"auto","background-attachment":"scroll","background-type":"","background-media":"","overlay-type":"","overlay-color":"","overlay-opacity":"","overlay-gradient":""},"mobile":{"background-color":"","background-image":"","background-repeat":"repeat","background-position":"center center","background-size":"auto","background-attachment":"scroll","background-type":"","background-media":"","overlay-type":"","overlay-color":"","overlay-opacity":"","overlay-gradient":""}},"ast-content-background-meta":{"desktop":{"background-color":"var(--ast-global-color-5)","background-image":"","background-repeat":"repeat","background-position":"center center","background-size":"auto","background-attachment":"scroll","background-type":"","background-media":"","overlay-type":"","overlay-color":"","overlay-opacity":"","overlay-gradient":""},"tablet":{"background-color":"var(--ast-global-color-5)","background-image":"","background-repeat":"repeat","background-position":"center center","background-size":"auto","background-attachment":"scroll","background-type":"","background-media":"","overlay-type":"","overlay-color":"","overlay-opacity":"","overlay-gradient":""},"mobile":{"background-color":"var(--ast-global-color-5)","background-image":"","background-repeat":"repeat","background-position":"center center","background-size":"auto","background-attachment":"scroll","background-type":"","background-media":"","overlay-type":"","overlay-color":"","overlay-opacity":"","overlay-gradient":""}}},"product_brand":[],"product_cat":[25,31,18,33],"product_tag":[],"class_list":{"0":"post-428","1":"product","2":"type-product","3":"status-publish","4":"has-post-thumbnail","6":"product_cat-catala","7":"product_cat-emociones","8":"product_cat-para-que-te-lean-y-para-empezar-a-leer","9":"product_cat-risas","10":"desktop-align-left","11":"tablet-align-left","12":"mobile-align-left","13":"ast-product-gallery-layout-horizontal-slider","14":"ast-product-gallery-with-no-image","15":"ast-magnify-disabled","16":"ast-product-tabs-layout-accordion","18":"first","19":"instock","20":"shipping-taxable","21":"product-type-external"},"yoast_head":"<!-- This site is optimized with the Yoast SEO plugin v27.3 - https:\/\/yoast.com\/product\/yoast-seo-wordpress\/ -->\n<title>Tres (Catal\u00e1) - Gato Sueco - Editorial<\/title>\n<meta name=\"robots\" content=\"index, follow, max-snippet:-1, max-image-preview:large, max-video-preview:-1\" \/>\n<link rel=\"canonical\" href=\"https:\/\/gatosueco.es\/en\/catalogo\/tres-catala\/\" \/>\n<meta property=\"og:locale\" content=\"en_GB\" \/>\n<meta property=\"og:type\" content=\"article\" \/>\n<meta property=\"og:title\" content=\"Tres (Catal\u00e1) - Gato Sueco - Editorial\" \/>\n<meta property=\"og:description\" content=\"En Jonatan no t\u00e9 pas tres cames ni tres peus, sin\u00f3 dues cames i tres peus. No t\u00e9 tres ulls, tampoc; en t\u00e9 tres. Ni tres boques sin\u00f3 una, nom\u00e9s. De joguines tampoc no en t\u00e9 tres, sin\u00f3 que en t\u00e9... cent, potser! A m\u00e9s, no sap dir tres paraules i prou, sin\u00f3 que en sap bastantes m\u00e9s. Aix\u00ed, doncs, qu\u00e8 hi pinta, el tres, en aquest conte? Doncs hi pinta molt, perqu\u00e8 en Jonatan t\u00e9 tres anys, i, de nens com en Jonatan, nom\u00e9s n\u2019hi ha un!  \u201cTres\u201d es un llibre enginy\u00f3s i divertit, perfecte per a menuts amb sentit de l\u2019humor. Comprar ahora\" \/>\n<meta property=\"og:url\" content=\"https:\/\/gatosueco.es\/en\/catalogo\/tres-catala\/\" \/>\n<meta property=\"og:site_name\" content=\"Gato Sueco - Editorial\" \/>\n<meta property=\"article:modified_time\" content=\"2025-04-25T09:17:21+00:00\" \/>\n<meta property=\"og:image\" content=\"https:\/\/gatosueco.es\/wp-content\/uploads\/2023\/05\/Tres.jpg\" \/>\n\t<meta property=\"og:image:width\" content=\"283\" \/>\n\t<meta property=\"og:image:height\" content=\"353\" \/>\n\t<meta property=\"og:image:type\" content=\"image\/jpeg\" \/>\n<meta name=\"twitter:card\" content=\"summary_large_image\" \/>\n<script type=\"application\/ld+json\" class=\"yoast-schema-graph\">{\"@context\":\"https:\\\/\\\/schema.org\",\"@graph\":[{\"@type\":\"WebPage\",\"@id\":\"https:\\\/\\\/gatosueco.es\\\/catalogo\\\/tres-catala\\\/\",\"url\":\"https:\\\/\\\/gatosueco.es\\\/catalogo\\\/tres-catala\\\/\",\"name\":\"Tres (Catal\u00e1) - Gato Sueco - Editorial\",\"isPartOf\":{\"@id\":\"https:\\\/\\\/gatosueco.es\\\/#website\"},\"primaryImageOfPage\":{\"@id\":\"https:\\\/\\\/gatosueco.es\\\/catalogo\\\/tres-catala\\\/#primaryimage\"},\"image\":{\"@id\":\"https:\\\/\\\/gatosueco.es\\\/catalogo\\\/tres-catala\\\/#primaryimage\"},\"thumbnailUrl\":\"https:\\\/\\\/gatosueco.es\\\/wp-content\\\/uploads\\\/2023\\\/05\\\/Tres.jpg\",\"datePublished\":\"2023-05-04T14:35:47+00:00\",\"dateModified\":\"2025-04-25T09:17:21+00:00\",\"breadcrumb\":{\"@id\":\"https:\\\/\\\/gatosueco.es\\\/catalogo\\\/tres-catala\\\/#breadcrumb\"},\"inLanguage\":\"en-GB\",\"potentialAction\":[{\"@type\":\"ReadAction\",\"target\":[\"https:\\\/\\\/gatosueco.es\\\/catalogo\\\/tres-catala\\\/\"]}]},{\"@type\":\"ImageObject\",\"inLanguage\":\"en-GB\",\"@id\":\"https:\\\/\\\/gatosueco.es\\\/catalogo\\\/tres-catala\\\/#primaryimage\",\"url\":\"https:\\\/\\\/gatosueco.es\\\/wp-content\\\/uploads\\\/2023\\\/05\\\/Tres.jpg\",\"contentUrl\":\"https:\\\/\\\/gatosueco.es\\\/wp-content\\\/uploads\\\/2023\\\/05\\\/Tres.jpg\",\"width\":283,\"height\":353},{\"@type\":\"BreadcrumbList\",\"@id\":\"https:\\\/\\\/gatosueco.es\\\/catalogo\\\/tres-catala\\\/#breadcrumb\",\"itemListElement\":[{\"@type\":\"ListItem\",\"position\":1,\"name\":\"Portada\",\"item\":\"https:\\\/\\\/gatosueco.es\\\/\"},{\"@type\":\"ListItem\",\"position\":2,\"name\":\"Productos\",\"item\":\"https:\\\/\\\/gatosueco.es\\\/catalogoss\\\/\"},{\"@type\":\"ListItem\",\"position\":3,\"name\":\"Tres (Catal\u00e1)\"}]},{\"@type\":\"WebSite\",\"@id\":\"https:\\\/\\\/gatosueco.es\\\/#website\",\"url\":\"https:\\\/\\\/gatosueco.es\\\/\",\"name\":\"Gato Sueco - Editorial\",\"description\":\"\",\"publisher\":{\"@id\":\"https:\\\/\\\/gatosueco.es\\\/#organization\"},\"potentialAction\":[{\"@type\":\"SearchAction\",\"target\":{\"@type\":\"EntryPoint\",\"urlTemplate\":\"https:\\\/\\\/gatosueco.es\\\/?s={search_term_string}\"},\"query-input\":{\"@type\":\"PropertyValueSpecification\",\"valueRequired\":true,\"valueName\":\"search_term_string\"}}],\"inLanguage\":\"en-GB\"},{\"@type\":\"Organization\",\"@id\":\"https:\\\/\\\/gatosueco.es\\\/#organization\",\"name\":\"Gato Sueco - Editorial\",\"url\":\"https:\\\/\\\/gatosueco.es\\\/\",\"logo\":{\"@type\":\"ImageObject\",\"inLanguage\":\"en-GB\",\"@id\":\"https:\\\/\\\/gatosueco.es\\\/#\\\/schema\\\/logo\\\/image\\\/\",\"url\":\"https:\\\/\\\/gatosueco.es\\\/wp-content\\\/uploads\\\/2023\\\/04\\\/logo_original.svg\",\"contentUrl\":\"https:\\\/\\\/gatosueco.es\\\/wp-content\\\/uploads\\\/2023\\\/04\\\/logo_original.svg\",\"width\":214,\"height\":92,\"caption\":\"Gato Sueco - Editorial\"},\"image\":{\"@id\":\"https:\\\/\\\/gatosueco.es\\\/#\\\/schema\\\/logo\\\/image\\\/\"}}]}<\/script>\n<!-- \/ Yoast SEO plugin. -->","yoast_head_json":{"title":"Tres (Catal\u00e1) - Gato Sueco - Editorial","robots":{"index":"index","follow":"follow","max-snippet":"max-snippet:-1","max-image-preview":"max-image-preview:large","max-video-preview":"max-video-preview:-1"},"canonical":"https:\/\/gatosueco.es\/en\/catalogo\/tres-catala\/","og_locale":"en_GB","og_type":"article","og_title":"Tres (Catal\u00e1) - Gato Sueco - Editorial","og_description":"En Jonatan no t\u00e9 pas tres cames ni tres peus, sin\u00f3 dues cames i tres peus. No t\u00e9 tres ulls, tampoc; en t\u00e9 tres. Ni tres boques sin\u00f3 una, nom\u00e9s. De joguines tampoc no en t\u00e9 tres, sin\u00f3 que en t\u00e9... cent, potser! A m\u00e9s, no sap dir tres paraules i prou, sin\u00f3 que en sap bastantes m\u00e9s. Aix\u00ed, doncs, qu\u00e8 hi pinta, el tres, en aquest conte? Doncs hi pinta molt, perqu\u00e8 en Jonatan t\u00e9 tres anys, i, de nens com en Jonatan, nom\u00e9s n\u2019hi ha un!  \u201cTres\u201d es un llibre enginy\u00f3s i divertit, perfecte per a menuts amb sentit de l\u2019humor. Comprar ahora","og_url":"https:\/\/gatosueco.es\/en\/catalogo\/tres-catala\/","og_site_name":"Gato Sueco - Editorial","article_modified_time":"2025-04-25T09:17:21+00:00","og_image":[{"width":283,"height":353,"url":"https:\/\/gatosueco.es\/wp-content\/uploads\/2023\/05\/Tres.jpg","type":"image\/jpeg"}],"twitter_card":"summary_large_image","schema":{"@context":"https:\/\/schema.org","@graph":[{"@type":"WebPage","@id":"https:\/\/gatosueco.es\/catalogo\/tres-catala\/","url":"https:\/\/gatosueco.es\/catalogo\/tres-catala\/","name":"Tres (Catal\u00e1) - Gato Sueco - Editorial","isPartOf":{"@id":"https:\/\/gatosueco.es\/#website"},"primaryImageOfPage":{"@id":"https:\/\/gatosueco.es\/catalogo\/tres-catala\/#primaryimage"},"image":{"@id":"https:\/\/gatosueco.es\/catalogo\/tres-catala\/#primaryimage"},"thumbnailUrl":"https:\/\/gatosueco.es\/wp-content\/uploads\/2023\/05\/Tres.jpg","datePublished":"2023-05-04T14:35:47+00:00","dateModified":"2025-04-25T09:17:21+00:00","breadcrumb":{"@id":"https:\/\/gatosueco.es\/catalogo\/tres-catala\/#breadcrumb"},"inLanguage":"en-GB","potentialAction":[{"@type":"ReadAction","target":["https:\/\/gatosueco.es\/catalogo\/tres-catala\/"]}]},{"@type":"ImageObject","inLanguage":"en-GB","@id":"https:\/\/gatosueco.es\/catalogo\/tres-catala\/#primaryimage","url":"https:\/\/gatosueco.es\/wp-content\/uploads\/2023\/05\/Tres.jpg","contentUrl":"https:\/\/gatosueco.es\/wp-content\/uploads\/2023\/05\/Tres.jpg","width":283,"height":353},{"@type":"BreadcrumbList","@id":"https:\/\/gatosueco.es\/catalogo\/tres-catala\/#breadcrumb","itemListElement":[{"@type":"ListItem","position":1,"name":"Portada","item":"https:\/\/gatosueco.es\/"},{"@type":"ListItem","position":2,"name":"Productos","item":"https:\/\/gatosueco.es\/catalogoss\/"},{"@type":"ListItem","position":3,"name":"Tres (Catal\u00e1)"}]},{"@type":"WebSite","@id":"https:\/\/gatosueco.es\/#website","url":"https:\/\/gatosueco.es\/","name":"Cat Swedish - Editorial","description":"","publisher":{"@id":"https:\/\/gatosueco.es\/#organization"},"potentialAction":[{"@type":"SearchAction","target":{"@type":"EntryPoint","urlTemplate":"https:\/\/gatosueco.es\/?s={search_term_string}"},"query-input":{"@type":"PropertyValueSpecification","valueRequired":true,"valueName":"search_term_string"}}],"inLanguage":"en-GB"},{"@type":"Organization","@id":"https:\/\/gatosueco.es\/#organization","name":"Cat Swedish - Editorial","url":"https:\/\/gatosueco.es\/","logo":{"@type":"ImageObject","inLanguage":"en-GB","@id":"https:\/\/gatosueco.es\/#\/schema\/logo\/image\/","url":"https:\/\/gatosueco.es\/wp-content\/uploads\/2023\/04\/logo_original.svg","contentUrl":"https:\/\/gatosueco.es\/wp-content\/uploads\/2023\/04\/logo_original.svg","width":214,"height":92,"caption":"Gato Sueco - Editorial"},"image":{"@id":"https:\/\/gatosueco.es\/#\/schema\/logo\/image\/"}}]}},"_links":{"self":[{"href":"https:\/\/gatosueco.es\/en\/wp-json\/wp\/v2\/product\/428","targetHints":{"allow":["GET"]}}],"collection":[{"href":"https:\/\/gatosueco.es\/en\/wp-json\/wp\/v2\/product"}],"about":[{"href":"https:\/\/gatosueco.es\/en\/wp-json\/wp\/v2\/types\/product"}],"replies":[{"embeddable":true,"href":"https:\/\/gatosueco.es\/en\/wp-json\/wp\/v2\/comments?post=428"}],"wp:featuredmedia":[{"embeddable":true,"href":"https:\/\/gatosueco.es\/en\/wp-json\/wp\/v2\/media\/571"}],"wp:attachment":[{"href":"https:\/\/gatosueco.es\/en\/wp-json\/wp\/v2\/media?parent=428"}],"wp:term":[{"taxonomy":"product_brand","embeddable":true,"href":"https:\/\/gatosueco.es\/en\/wp-json\/wp\/v2\/product_brand?post=428"},{"taxonomy":"product_cat","embeddable":true,"href":"https:\/\/gatosueco.es\/en\/wp-json\/wp\/v2\/product_cat?post=428"},{"taxonomy":"product_tag","embeddable":true,"href":"https:\/\/gatosueco.es\/en\/wp-json\/wp\/v2\/product_tag?post=428"}],"curies":[{"name":"wp","href":"https:\/\/api.w.org\/{rel}","templated":true}]}}