{"id":445,"date":"2023-05-04T14:35:48","date_gmt":"2023-05-04T14:35:48","guid":{"rendered":"https:\/\/40612289.servicio-online.net\/gatosueco\/?post_type=product&#038;p=445"},"modified":"2025-04-25T09:17:22","modified_gmt":"2025-04-25T09:17:22","slug":"tilly-creia-que","status":"publish","type":"product","link":"https:\/\/gatosueco.es\/en\/catalogo\/tilly-creia-que\/","title":{"rendered":"Tilly believed that..."},"content":{"rendered":"","protected":false},"excerpt":{"rendered":"<p>Tilly y Tage no saben muy bien c\u00f3mo ser\u00eda ser otra persona.<\/p>\n<p>Con un poco de suerte, quiz\u00e1 lo puedan saber.<\/p>\n<p>Eva Staaf y Emma Adb\u00e5ge han creado un \u00e1lbum ilustrado agudo y divertido, que mira a la sociedad desde el punto de vista cr\u00edtico de la infancia. Conmovedor para quien lo lee, forma parte de una nueva generaci\u00f3n de \u00e1lbumes ilustrados donde se tratan temas esenciales.<\/p>\n<p>Eva Staaf, premiada directora de radio y t\u00e9cnica de sonido, hace su debut como escritora de libros infantiles.<\/p>\n<p>Emma Adb\u00e5ge es una de las ilustradoras m\u00e1s destacadas de la nueva generaci\u00f3n.<\/p>\n<p>&#8216;Tilly cre\u00eda que&#8217;&#8230;fue nominado al Premio August en 2014.<\/p>","protected":false},"featured_media":567,"comment_status":"closed","ping_status":"closed","template":"","meta":{"site-sidebar-layout":"default","site-content-layout":"default","ast-site-content-layout":"","site-content-style":"","site-sidebar-style":"","ast-global-header-display":"","ast-banner-title-visibility":"","ast-main-header-display":"","ast-hfb-above-header-display":"","ast-hfb-below-header-display":"","ast-hfb-mobile-header-display":"","site-post-title":"","ast-breadcrumbs-content":"","ast-featured-img":"","footer-sml-layout":"","ast-disable-related-posts":"","theme-transparent-header-meta":"default","adv-header-id-meta":"","stick-header-meta":"default","header-above-stick-meta":"","header-main-stick-meta":"","header-below-stick-meta":"","astra-migrate-meta-layouts":"","ast-page-background-enabled":"default","ast-page-background-meta":{"desktop":{"background-color":"var(--ast-global-color-4)","background-image":"","background-repeat":"repeat","background-position":"center center","background-size":"auto","background-attachment":"scroll","background-type":"","background-media":"","overlay-type":"","overlay-color":"","overlay-opacity":"","overlay-gradient":""},"tablet":{"background-color":"","background-image":"","background-repeat":"repeat","background-position":"center center","background-size":"auto","background-attachment":"scroll","background-type":"","background-media":"","overlay-type":"","overlay-color":"","overlay-opacity":"","overlay-gradient":""},"mobile":{"background-color":"","background-image":"","background-repeat":"repeat","background-position":"center center","background-size":"auto","background-attachment":"scroll","background-type":"","background-media":"","overlay-type":"","overlay-color":"","overlay-opacity":"","overlay-gradient":""}},"ast-content-background-meta":{"desktop":{"background-color":"var(--ast-global-color-5)","background-image":"","background-repeat":"repeat","background-position":"center center","background-size":"auto","background-attachment":"scroll","background-type":"","background-media":"","overlay-type":"","overlay-color":"","overlay-opacity":"","overlay-gradient":""},"tablet":{"background-color":"var(--ast-global-color-5)","background-image":"","background-repeat":"repeat","background-position":"center center","background-size":"auto","background-attachment":"scroll","background-type":"","background-media":"","overlay-type":"","overlay-color":"","overlay-opacity":"","overlay-gradient":""},"mobile":{"background-color":"var(--ast-global-color-5)","background-image":"","background-repeat":"repeat","background-position":"center center","background-size":"auto","background-attachment":"scroll","background-type":"","background-media":"","overlay-type":"","overlay-color":"","overlay-opacity":"","overlay-gradient":""}}},"product_brand":[],"product_cat":[24,21,36],"product_tag":[],"class_list":{"0":"post-445","1":"product","2":"type-product","3":"status-publish","4":"has-post-thumbnail","6":"product_cat-ya-lees-pero-ahora-tienes-nuevas-preguntas","7":"product_cat-castellano","8":"product_cat-conocer-el-mundo","9":"desktop-align-left","10":"tablet-align-left","11":"mobile-align-left","12":"ast-product-gallery-layout-horizontal-slider","13":"ast-product-gallery-with-no-image","14":"ast-magnify-disabled","15":"ast-product-tabs-layout-accordion","17":"first","18":"instock","19":"shipping-taxable","20":"product-type-external"},"yoast_head":"<!-- This site is optimized with the Yoast SEO plugin v27.3 - https:\/\/yoast.com\/product\/yoast-seo-wordpress\/ -->\n<title>Tilly cre\u00eda que\u2026 - Gato Sueco - Editorial<\/title>\n<meta name=\"robots\" content=\"index, follow, max-snippet:-1, max-image-preview:large, max-video-preview:-1\" \/>\n<link rel=\"canonical\" href=\"https:\/\/gatosueco.es\/en\/catalogo\/tilly-creia-que\/\" \/>\n<meta property=\"og:locale\" content=\"en_GB\" \/>\n<meta property=\"og:type\" content=\"article\" \/>\n<meta property=\"og:title\" content=\"Tilly cre\u00eda que\u2026 - Gato Sueco - Editorial\" \/>\n<meta property=\"og:description\" content=\"Tilly y Tage no saben muy bien c\u00f3mo ser\u00eda ser otra persona. Con un poco de suerte, quiz\u00e1 lo puedan saber.  Eva Staaf y Emma Adb\u00e5ge han creado un \u00e1lbum ilustrado agudo y divertido, que mira a la sociedad desde el punto de vista cr\u00edtico de la infancia. Conmovedor para quien lo lee, forma parte de una nueva generaci\u00f3n de \u00e1lbumes ilustrados donde se tratan temas esenciales.  Eva Staaf, premiada directora de radio y t\u00e9cnica de sonido, hace su debut como escritora de libros infantiles. Emma Adb\u00e5ge es una de las ilustradoras m\u00e1s destacadas de la nueva generaci\u00f3n.  &#039;Tilly cre\u00eda que&#039;...fue nominado al Premio August en 2014.\" \/>\n<meta property=\"og:url\" content=\"https:\/\/gatosueco.es\/en\/catalogo\/tilly-creia-que\/\" \/>\n<meta property=\"og:site_name\" content=\"Gato Sueco - Editorial\" \/>\n<meta property=\"article:modified_time\" content=\"2025-04-25T09:17:22+00:00\" \/>\n<meta property=\"og:image\" content=\"https:\/\/gatosueco.es\/wp-content\/uploads\/2023\/05\/Tilly-creia-que.jpg\" \/>\n\t<meta property=\"og:image:width\" content=\"600\" \/>\n\t<meta property=\"og:image:height\" content=\"791\" \/>\n\t<meta property=\"og:image:type\" content=\"image\/jpeg\" \/>\n<meta name=\"twitter:card\" content=\"summary_large_image\" \/>\n<script type=\"application\/ld+json\" class=\"yoast-schema-graph\">{\"@context\":\"https:\\\/\\\/schema.org\",\"@graph\":[{\"@type\":\"WebPage\",\"@id\":\"https:\\\/\\\/gatosueco.es\\\/catalogo\\\/tilly-creia-que\\\/\",\"url\":\"https:\\\/\\\/gatosueco.es\\\/catalogo\\\/tilly-creia-que\\\/\",\"name\":\"Tilly cre\u00eda que\u2026 - Gato Sueco - Editorial\",\"isPartOf\":{\"@id\":\"https:\\\/\\\/gatosueco.es\\\/#website\"},\"primaryImageOfPage\":{\"@id\":\"https:\\\/\\\/gatosueco.es\\\/catalogo\\\/tilly-creia-que\\\/#primaryimage\"},\"image\":{\"@id\":\"https:\\\/\\\/gatosueco.es\\\/catalogo\\\/tilly-creia-que\\\/#primaryimage\"},\"thumbnailUrl\":\"https:\\\/\\\/gatosueco.es\\\/wp-content\\\/uploads\\\/2023\\\/05\\\/Tilly-creia-que.jpg\",\"datePublished\":\"2023-05-04T14:35:48+00:00\",\"dateModified\":\"2025-04-25T09:17:22+00:00\",\"breadcrumb\":{\"@id\":\"https:\\\/\\\/gatosueco.es\\\/catalogo\\\/tilly-creia-que\\\/#breadcrumb\"},\"inLanguage\":\"en-GB\",\"potentialAction\":[{\"@type\":\"ReadAction\",\"target\":[\"https:\\\/\\\/gatosueco.es\\\/catalogo\\\/tilly-creia-que\\\/\"]}]},{\"@type\":\"ImageObject\",\"inLanguage\":\"en-GB\",\"@id\":\"https:\\\/\\\/gatosueco.es\\\/catalogo\\\/tilly-creia-que\\\/#primaryimage\",\"url\":\"https:\\\/\\\/gatosueco.es\\\/wp-content\\\/uploads\\\/2023\\\/05\\\/Tilly-creia-que.jpg\",\"contentUrl\":\"https:\\\/\\\/gatosueco.es\\\/wp-content\\\/uploads\\\/2023\\\/05\\\/Tilly-creia-que.jpg\",\"width\":600,\"height\":791},{\"@type\":\"BreadcrumbList\",\"@id\":\"https:\\\/\\\/gatosueco.es\\\/catalogo\\\/tilly-creia-que\\\/#breadcrumb\",\"itemListElement\":[{\"@type\":\"ListItem\",\"position\":1,\"name\":\"Portada\",\"item\":\"https:\\\/\\\/gatosueco.es\\\/\"},{\"@type\":\"ListItem\",\"position\":2,\"name\":\"Productos\",\"item\":\"https:\\\/\\\/gatosueco.es\\\/catalogoss\\\/\"},{\"@type\":\"ListItem\",\"position\":3,\"name\":\"Tilly cre\u00eda que\u2026\"}]},{\"@type\":\"WebSite\",\"@id\":\"https:\\\/\\\/gatosueco.es\\\/#website\",\"url\":\"https:\\\/\\\/gatosueco.es\\\/\",\"name\":\"Gato Sueco - Editorial\",\"description\":\"\",\"publisher\":{\"@id\":\"https:\\\/\\\/gatosueco.es\\\/#organization\"},\"potentialAction\":[{\"@type\":\"SearchAction\",\"target\":{\"@type\":\"EntryPoint\",\"urlTemplate\":\"https:\\\/\\\/gatosueco.es\\\/?s={search_term_string}\"},\"query-input\":{\"@type\":\"PropertyValueSpecification\",\"valueRequired\":true,\"valueName\":\"search_term_string\"}}],\"inLanguage\":\"en-GB\"},{\"@type\":\"Organization\",\"@id\":\"https:\\\/\\\/gatosueco.es\\\/#organization\",\"name\":\"Gato Sueco - Editorial\",\"url\":\"https:\\\/\\\/gatosueco.es\\\/\",\"logo\":{\"@type\":\"ImageObject\",\"inLanguage\":\"en-GB\",\"@id\":\"https:\\\/\\\/gatosueco.es\\\/#\\\/schema\\\/logo\\\/image\\\/\",\"url\":\"https:\\\/\\\/gatosueco.es\\\/wp-content\\\/uploads\\\/2023\\\/04\\\/logo_original.svg\",\"contentUrl\":\"https:\\\/\\\/gatosueco.es\\\/wp-content\\\/uploads\\\/2023\\\/04\\\/logo_original.svg\",\"width\":214,\"height\":92,\"caption\":\"Gato Sueco - Editorial\"},\"image\":{\"@id\":\"https:\\\/\\\/gatosueco.es\\\/#\\\/schema\\\/logo\\\/image\\\/\"}}]}<\/script>\n<!-- \/ Yoast SEO plugin. -->","yoast_head_json":{"title":"Tilly cre\u00eda que\u2026 - Gato Sueco - Editorial","robots":{"index":"index","follow":"follow","max-snippet":"max-snippet:-1","max-image-preview":"max-image-preview:large","max-video-preview":"max-video-preview:-1"},"canonical":"https:\/\/gatosueco.es\/en\/catalogo\/tilly-creia-que\/","og_locale":"en_GB","og_type":"article","og_title":"Tilly cre\u00eda que\u2026 - Gato Sueco - Editorial","og_description":"Tilly y Tage no saben muy bien c\u00f3mo ser\u00eda ser otra persona. Con un poco de suerte, quiz\u00e1 lo puedan saber.  Eva Staaf y Emma Adb\u00e5ge han creado un \u00e1lbum ilustrado agudo y divertido, que mira a la sociedad desde el punto de vista cr\u00edtico de la infancia. Conmovedor para quien lo lee, forma parte de una nueva generaci\u00f3n de \u00e1lbumes ilustrados donde se tratan temas esenciales.  Eva Staaf, premiada directora de radio y t\u00e9cnica de sonido, hace su debut como escritora de libros infantiles. Emma Adb\u00e5ge es una de las ilustradoras m\u00e1s destacadas de la nueva generaci\u00f3n.  'Tilly cre\u00eda que'...fue nominado al Premio August en 2014.","og_url":"https:\/\/gatosueco.es\/en\/catalogo\/tilly-creia-que\/","og_site_name":"Gato Sueco - Editorial","article_modified_time":"2025-04-25T09:17:22+00:00","og_image":[{"width":600,"height":791,"url":"https:\/\/gatosueco.es\/wp-content\/uploads\/2023\/05\/Tilly-creia-que.jpg","type":"image\/jpeg"}],"twitter_card":"summary_large_image","schema":{"@context":"https:\/\/schema.org","@graph":[{"@type":"WebPage","@id":"https:\/\/gatosueco.es\/catalogo\/tilly-creia-que\/","url":"https:\/\/gatosueco.es\/catalogo\/tilly-creia-que\/","name":"Tilly cre\u00eda que\u2026 - Gato Sueco - Editorial","isPartOf":{"@id":"https:\/\/gatosueco.es\/#website"},"primaryImageOfPage":{"@id":"https:\/\/gatosueco.es\/catalogo\/tilly-creia-que\/#primaryimage"},"image":{"@id":"https:\/\/gatosueco.es\/catalogo\/tilly-creia-que\/#primaryimage"},"thumbnailUrl":"https:\/\/gatosueco.es\/wp-content\/uploads\/2023\/05\/Tilly-creia-que.jpg","datePublished":"2023-05-04T14:35:48+00:00","dateModified":"2025-04-25T09:17:22+00:00","breadcrumb":{"@id":"https:\/\/gatosueco.es\/catalogo\/tilly-creia-que\/#breadcrumb"},"inLanguage":"en-GB","potentialAction":[{"@type":"ReadAction","target":["https:\/\/gatosueco.es\/catalogo\/tilly-creia-que\/"]}]},{"@type":"ImageObject","inLanguage":"en-GB","@id":"https:\/\/gatosueco.es\/catalogo\/tilly-creia-que\/#primaryimage","url":"https:\/\/gatosueco.es\/wp-content\/uploads\/2023\/05\/Tilly-creia-que.jpg","contentUrl":"https:\/\/gatosueco.es\/wp-content\/uploads\/2023\/05\/Tilly-creia-que.jpg","width":600,"height":791},{"@type":"BreadcrumbList","@id":"https:\/\/gatosueco.es\/catalogo\/tilly-creia-que\/#breadcrumb","itemListElement":[{"@type":"ListItem","position":1,"name":"Portada","item":"https:\/\/gatosueco.es\/"},{"@type":"ListItem","position":2,"name":"Productos","item":"https:\/\/gatosueco.es\/catalogoss\/"},{"@type":"ListItem","position":3,"name":"Tilly cre\u00eda que\u2026"}]},{"@type":"WebSite","@id":"https:\/\/gatosueco.es\/#website","url":"https:\/\/gatosueco.es\/","name":"Cat Swedish - Editorial","description":"","publisher":{"@id":"https:\/\/gatosueco.es\/#organization"},"potentialAction":[{"@type":"SearchAction","target":{"@type":"EntryPoint","urlTemplate":"https:\/\/gatosueco.es\/?s={search_term_string}"},"query-input":{"@type":"PropertyValueSpecification","valueRequired":true,"valueName":"search_term_string"}}],"inLanguage":"en-GB"},{"@type":"Organization","@id":"https:\/\/gatosueco.es\/#organization","name":"Cat Swedish - Editorial","url":"https:\/\/gatosueco.es\/","logo":{"@type":"ImageObject","inLanguage":"en-GB","@id":"https:\/\/gatosueco.es\/#\/schema\/logo\/image\/","url":"https:\/\/gatosueco.es\/wp-content\/uploads\/2023\/04\/logo_original.svg","contentUrl":"https:\/\/gatosueco.es\/wp-content\/uploads\/2023\/04\/logo_original.svg","width":214,"height":92,"caption":"Gato Sueco - Editorial"},"image":{"@id":"https:\/\/gatosueco.es\/#\/schema\/logo\/image\/"}}]}},"_links":{"self":[{"href":"https:\/\/gatosueco.es\/en\/wp-json\/wp\/v2\/product\/445","targetHints":{"allow":["GET"]}}],"collection":[{"href":"https:\/\/gatosueco.es\/en\/wp-json\/wp\/v2\/product"}],"about":[{"href":"https:\/\/gatosueco.es\/en\/wp-json\/wp\/v2\/types\/product"}],"replies":[{"embeddable":true,"href":"https:\/\/gatosueco.es\/en\/wp-json\/wp\/v2\/comments?post=445"}],"wp:featuredmedia":[{"embeddable":true,"href":"https:\/\/gatosueco.es\/en\/wp-json\/wp\/v2\/media\/567"}],"wp:attachment":[{"href":"https:\/\/gatosueco.es\/en\/wp-json\/wp\/v2\/media?parent=445"}],"wp:term":[{"taxonomy":"product_brand","embeddable":true,"href":"https:\/\/gatosueco.es\/en\/wp-json\/wp\/v2\/product_brand?post=445"},{"taxonomy":"product_cat","embeddable":true,"href":"https:\/\/gatosueco.es\/en\/wp-json\/wp\/v2\/product_cat?post=445"},{"taxonomy":"product_tag","embeddable":true,"href":"https:\/\/gatosueco.es\/en\/wp-json\/wp\/v2\/product_tag?post=445"}],"curies":[{"name":"wp","href":"https:\/\/api.w.org\/{rel}","templated":true}]}}