{"id":446,"date":"2023-05-04T14:35:48","date_gmt":"2023-05-04T14:35:48","guid":{"rendered":"https:\/\/40612289.servicio-online.net\/gatosueco\/?post_type=product&#038;p=446"},"modified":"2025-04-25T09:17:22","modified_gmt":"2025-04-25T09:17:22","slug":"kike-y-las-barbies","status":"publish","type":"product","link":"https:\/\/gatosueco.es\/en\/catalogo\/kike-y-las-barbies\/","title":{"rendered":"Kike and the Barbies"},"content":{"rendered":"","protected":false},"excerpt":{"rendered":"<p>Ra\u00fal, \u00d3scar y los otros chicos del cole siempre quieren que Kike juegue al f\u00fatbol con ellos. Es un crack! Pero un d\u00eda, Kike trae su mu\u00f1eca al cole. Cuando los chicos quieren que pegue trallazos al bal\u00f3n, \u00e9l prefiere jugar dentro. All\u00ed est\u00e1n las chicas, Rita, Mar e In\u00e9s, con sus mu\u00f1ecas.<\/p>\n<p>Kike y las barbies  es nuestro primer t\u00edtulo firmado de la galardonada sueca Pija Lindenbaum. Es un libro sobre a qu\u00e9 \u201ddeber\u00eda jugar\u201d un ni\u00f1o o una ni\u00f1a, y c\u00f3mo todas y todos ganan si nos permitimos abrir nuestras mentes.<\/p>","protected":false},"featured_media":563,"comment_status":"closed","ping_status":"closed","template":"","meta":{"site-sidebar-layout":"default","site-content-layout":"default","ast-site-content-layout":"","site-content-style":"","site-sidebar-style":"","ast-global-header-display":"","ast-banner-title-visibility":"","ast-main-header-display":"","ast-hfb-above-header-display":"","ast-hfb-below-header-display":"","ast-hfb-mobile-header-display":"","site-post-title":"","ast-breadcrumbs-content":"","ast-featured-img":"","footer-sml-layout":"","ast-disable-related-posts":"","theme-transparent-header-meta":"default","adv-header-id-meta":"","stick-header-meta":"default","header-above-stick-meta":"","header-main-stick-meta":"","header-below-stick-meta":"","astra-migrate-meta-layouts":"","ast-page-background-enabled":"default","ast-page-background-meta":{"desktop":{"background-color":"var(--ast-global-color-4)","background-image":"","background-repeat":"repeat","background-position":"center center","background-size":"auto","background-attachment":"scroll","background-type":"","background-media":"","overlay-type":"","overlay-color":"","overlay-opacity":"","overlay-gradient":""},"tablet":{"background-color":"","background-image":"","background-repeat":"repeat","background-position":"center center","background-size":"auto","background-attachment":"scroll","background-type":"","background-media":"","overlay-type":"","overlay-color":"","overlay-opacity":"","overlay-gradient":""},"mobile":{"background-color":"","background-image":"","background-repeat":"repeat","background-position":"center center","background-size":"auto","background-attachment":"scroll","background-type":"","background-media":"","overlay-type":"","overlay-color":"","overlay-opacity":"","overlay-gradient":""}},"ast-content-background-meta":{"desktop":{"background-color":"var(--ast-global-color-5)","background-image":"","background-repeat":"repeat","background-position":"center center","background-size":"auto","background-attachment":"scroll","background-type":"","background-media":"","overlay-type":"","overlay-color":"","overlay-opacity":"","overlay-gradient":""},"tablet":{"background-color":"var(--ast-global-color-5)","background-image":"","background-repeat":"repeat","background-position":"center center","background-size":"auto","background-attachment":"scroll","background-type":"","background-media":"","overlay-type":"","overlay-color":"","overlay-opacity":"","overlay-gradient":""},"mobile":{"background-color":"var(--ast-global-color-5)","background-image":"","background-repeat":"repeat","background-position":"center center","background-size":"auto","background-attachment":"scroll","background-type":"","background-media":"","overlay-type":"","overlay-color":"","overlay-opacity":"","overlay-gradient":""}}},"product_brand":[],"product_cat":[24,21,37,32],"product_tag":[],"class_list":{"0":"post-446","1":"product","2":"type-product","3":"status-publish","4":"has-post-thumbnail","6":"product_cat-ya-lees-pero-ahora-tienes-nuevas-preguntas","7":"product_cat-castellano","8":"product_cat-identidad","9":"product_cat-ser-independiente","10":"desktop-align-left","11":"tablet-align-left","12":"mobile-align-left","13":"ast-product-gallery-layout-horizontal-slider","14":"ast-product-gallery-with-no-image","15":"ast-magnify-disabled","16":"ast-product-tabs-layout-accordion","18":"first","19":"instock","20":"shipping-taxable","21":"product-type-external"},"yoast_head":"<!-- This site is optimized with the Yoast SEO plugin v27.3 - https:\/\/yoast.com\/product\/yoast-seo-wordpress\/ -->\n<title>Kike y las Barbies - Gato Sueco - Editorial<\/title>\n<meta name=\"robots\" content=\"index, follow, max-snippet:-1, max-image-preview:large, max-video-preview:-1\" \/>\n<link rel=\"canonical\" href=\"https:\/\/gatosueco.es\/en\/catalogo\/kike-y-las-barbies\/\" \/>\n<meta property=\"og:locale\" content=\"en_GB\" \/>\n<meta property=\"og:type\" content=\"article\" \/>\n<meta property=\"og:title\" content=\"Kike y las Barbies - Gato Sueco - Editorial\" \/>\n<meta property=\"og:description\" content=\"Ra\u00fal, \u00d3scar y los otros chicos del cole siempre quieren que Kike juegue al f\u00fatbol con ellos. Es un crack! Pero un d\u00eda, Kike trae su mu\u00f1eca al cole. Cuando los chicos quieren que pegue trallazos al bal\u00f3n, \u00e9l prefiere jugar dentro. All\u00ed est\u00e1n las chicas, Rita, Mar e In\u00e9s, con sus mu\u00f1ecas.  Kike y las barbies es nuestro primer t\u00edtulo firmado de la galardonada sueca Pija Lindenbaum. Es un libro sobre a qu\u00e9 \u201ddeber\u00eda jugar\u201d un ni\u00f1o o una ni\u00f1a, y c\u00f3mo todas y todos ganan si nos permitimos abrir nuestras mentes.\" \/>\n<meta property=\"og:url\" content=\"https:\/\/gatosueco.es\/en\/catalogo\/kike-y-las-barbies\/\" \/>\n<meta property=\"og:site_name\" content=\"Gato Sueco - Editorial\" \/>\n<meta property=\"article:modified_time\" content=\"2025-04-25T09:17:22+00:00\" \/>\n<meta property=\"og:image\" content=\"https:\/\/gatosueco.es\/wp-content\/uploads\/2023\/05\/Kike-y-las-Barbies.jpg\" \/>\n\t<meta property=\"og:image:width\" content=\"600\" \/>\n\t<meta property=\"og:image:height\" content=\"726\" \/>\n\t<meta property=\"og:image:type\" content=\"image\/jpeg\" \/>\n<meta name=\"twitter:card\" content=\"summary_large_image\" \/>\n<script type=\"application\/ld+json\" class=\"yoast-schema-graph\">{\"@context\":\"https:\\\/\\\/schema.org\",\"@graph\":[{\"@type\":\"WebPage\",\"@id\":\"https:\\\/\\\/gatosueco.es\\\/catalogo\\\/kike-y-las-barbies\\\/\",\"url\":\"https:\\\/\\\/gatosueco.es\\\/catalogo\\\/kike-y-las-barbies\\\/\",\"name\":\"Kike y las Barbies - Gato Sueco - Editorial\",\"isPartOf\":{\"@id\":\"https:\\\/\\\/gatosueco.es\\\/#website\"},\"primaryImageOfPage\":{\"@id\":\"https:\\\/\\\/gatosueco.es\\\/catalogo\\\/kike-y-las-barbies\\\/#primaryimage\"},\"image\":{\"@id\":\"https:\\\/\\\/gatosueco.es\\\/catalogo\\\/kike-y-las-barbies\\\/#primaryimage\"},\"thumbnailUrl\":\"https:\\\/\\\/gatosueco.es\\\/wp-content\\\/uploads\\\/2023\\\/05\\\/Kike-y-las-Barbies.jpg\",\"datePublished\":\"2023-05-04T14:35:48+00:00\",\"dateModified\":\"2025-04-25T09:17:22+00:00\",\"breadcrumb\":{\"@id\":\"https:\\\/\\\/gatosueco.es\\\/catalogo\\\/kike-y-las-barbies\\\/#breadcrumb\"},\"inLanguage\":\"en-GB\",\"potentialAction\":[{\"@type\":\"ReadAction\",\"target\":[\"https:\\\/\\\/gatosueco.es\\\/catalogo\\\/kike-y-las-barbies\\\/\"]}]},{\"@type\":\"ImageObject\",\"inLanguage\":\"en-GB\",\"@id\":\"https:\\\/\\\/gatosueco.es\\\/catalogo\\\/kike-y-las-barbies\\\/#primaryimage\",\"url\":\"https:\\\/\\\/gatosueco.es\\\/wp-content\\\/uploads\\\/2023\\\/05\\\/Kike-y-las-Barbies.jpg\",\"contentUrl\":\"https:\\\/\\\/gatosueco.es\\\/wp-content\\\/uploads\\\/2023\\\/05\\\/Kike-y-las-Barbies.jpg\",\"width\":600,\"height\":726},{\"@type\":\"BreadcrumbList\",\"@id\":\"https:\\\/\\\/gatosueco.es\\\/catalogo\\\/kike-y-las-barbies\\\/#breadcrumb\",\"itemListElement\":[{\"@type\":\"ListItem\",\"position\":1,\"name\":\"Portada\",\"item\":\"https:\\\/\\\/gatosueco.es\\\/\"},{\"@type\":\"ListItem\",\"position\":2,\"name\":\"Productos\",\"item\":\"https:\\\/\\\/gatosueco.es\\\/catalogoss\\\/\"},{\"@type\":\"ListItem\",\"position\":3,\"name\":\"Kike y las Barbies\"}]},{\"@type\":\"WebSite\",\"@id\":\"https:\\\/\\\/gatosueco.es\\\/#website\",\"url\":\"https:\\\/\\\/gatosueco.es\\\/\",\"name\":\"Gato Sueco - Editorial\",\"description\":\"\",\"publisher\":{\"@id\":\"https:\\\/\\\/gatosueco.es\\\/#organization\"},\"potentialAction\":[{\"@type\":\"SearchAction\",\"target\":{\"@type\":\"EntryPoint\",\"urlTemplate\":\"https:\\\/\\\/gatosueco.es\\\/?s={search_term_string}\"},\"query-input\":{\"@type\":\"PropertyValueSpecification\",\"valueRequired\":true,\"valueName\":\"search_term_string\"}}],\"inLanguage\":\"en-GB\"},{\"@type\":\"Organization\",\"@id\":\"https:\\\/\\\/gatosueco.es\\\/#organization\",\"name\":\"Gato Sueco - Editorial\",\"url\":\"https:\\\/\\\/gatosueco.es\\\/\",\"logo\":{\"@type\":\"ImageObject\",\"inLanguage\":\"en-GB\",\"@id\":\"https:\\\/\\\/gatosueco.es\\\/#\\\/schema\\\/logo\\\/image\\\/\",\"url\":\"https:\\\/\\\/gatosueco.es\\\/wp-content\\\/uploads\\\/2023\\\/04\\\/logo_original.svg\",\"contentUrl\":\"https:\\\/\\\/gatosueco.es\\\/wp-content\\\/uploads\\\/2023\\\/04\\\/logo_original.svg\",\"width\":214,\"height\":92,\"caption\":\"Gato Sueco - Editorial\"},\"image\":{\"@id\":\"https:\\\/\\\/gatosueco.es\\\/#\\\/schema\\\/logo\\\/image\\\/\"}}]}<\/script>\n<!-- \/ Yoast SEO plugin. -->","yoast_head_json":{"title":"Kike y las Barbies - Gato Sueco - Editorial","robots":{"index":"index","follow":"follow","max-snippet":"max-snippet:-1","max-image-preview":"max-image-preview:large","max-video-preview":"max-video-preview:-1"},"canonical":"https:\/\/gatosueco.es\/en\/catalogo\/kike-y-las-barbies\/","og_locale":"en_GB","og_type":"article","og_title":"Kike y las Barbies - Gato Sueco - Editorial","og_description":"Ra\u00fal, \u00d3scar y los otros chicos del cole siempre quieren que Kike juegue al f\u00fatbol con ellos. Es un crack! Pero un d\u00eda, Kike trae su mu\u00f1eca al cole. Cuando los chicos quieren que pegue trallazos al bal\u00f3n, \u00e9l prefiere jugar dentro. All\u00ed est\u00e1n las chicas, Rita, Mar e In\u00e9s, con sus mu\u00f1ecas.  Kike y las barbies es nuestro primer t\u00edtulo firmado de la galardonada sueca Pija Lindenbaum. Es un libro sobre a qu\u00e9 \u201ddeber\u00eda jugar\u201d un ni\u00f1o o una ni\u00f1a, y c\u00f3mo todas y todos ganan si nos permitimos abrir nuestras mentes.","og_url":"https:\/\/gatosueco.es\/en\/catalogo\/kike-y-las-barbies\/","og_site_name":"Gato Sueco - Editorial","article_modified_time":"2025-04-25T09:17:22+00:00","og_image":[{"width":600,"height":726,"url":"https:\/\/gatosueco.es\/wp-content\/uploads\/2023\/05\/Kike-y-las-Barbies.jpg","type":"image\/jpeg"}],"twitter_card":"summary_large_image","schema":{"@context":"https:\/\/schema.org","@graph":[{"@type":"WebPage","@id":"https:\/\/gatosueco.es\/catalogo\/kike-y-las-barbies\/","url":"https:\/\/gatosueco.es\/catalogo\/kike-y-las-barbies\/","name":"Kike y las Barbies - Gato Sueco - Editorial","isPartOf":{"@id":"https:\/\/gatosueco.es\/#website"},"primaryImageOfPage":{"@id":"https:\/\/gatosueco.es\/catalogo\/kike-y-las-barbies\/#primaryimage"},"image":{"@id":"https:\/\/gatosueco.es\/catalogo\/kike-y-las-barbies\/#primaryimage"},"thumbnailUrl":"https:\/\/gatosueco.es\/wp-content\/uploads\/2023\/05\/Kike-y-las-Barbies.jpg","datePublished":"2023-05-04T14:35:48+00:00","dateModified":"2025-04-25T09:17:22+00:00","breadcrumb":{"@id":"https:\/\/gatosueco.es\/catalogo\/kike-y-las-barbies\/#breadcrumb"},"inLanguage":"en-GB","potentialAction":[{"@type":"ReadAction","target":["https:\/\/gatosueco.es\/catalogo\/kike-y-las-barbies\/"]}]},{"@type":"ImageObject","inLanguage":"en-GB","@id":"https:\/\/gatosueco.es\/catalogo\/kike-y-las-barbies\/#primaryimage","url":"https:\/\/gatosueco.es\/wp-content\/uploads\/2023\/05\/Kike-y-las-Barbies.jpg","contentUrl":"https:\/\/gatosueco.es\/wp-content\/uploads\/2023\/05\/Kike-y-las-Barbies.jpg","width":600,"height":726},{"@type":"BreadcrumbList","@id":"https:\/\/gatosueco.es\/catalogo\/kike-y-las-barbies\/#breadcrumb","itemListElement":[{"@type":"ListItem","position":1,"name":"Portada","item":"https:\/\/gatosueco.es\/"},{"@type":"ListItem","position":2,"name":"Productos","item":"https:\/\/gatosueco.es\/catalogoss\/"},{"@type":"ListItem","position":3,"name":"Kike y las Barbies"}]},{"@type":"WebSite","@id":"https:\/\/gatosueco.es\/#website","url":"https:\/\/gatosueco.es\/","name":"Cat Swedish - Editorial","description":"","publisher":{"@id":"https:\/\/gatosueco.es\/#organization"},"potentialAction":[{"@type":"SearchAction","target":{"@type":"EntryPoint","urlTemplate":"https:\/\/gatosueco.es\/?s={search_term_string}"},"query-input":{"@type":"PropertyValueSpecification","valueRequired":true,"valueName":"search_term_string"}}],"inLanguage":"en-GB"},{"@type":"Organization","@id":"https:\/\/gatosueco.es\/#organization","name":"Cat Swedish - Editorial","url":"https:\/\/gatosueco.es\/","logo":{"@type":"ImageObject","inLanguage":"en-GB","@id":"https:\/\/gatosueco.es\/#\/schema\/logo\/image\/","url":"https:\/\/gatosueco.es\/wp-content\/uploads\/2023\/04\/logo_original.svg","contentUrl":"https:\/\/gatosueco.es\/wp-content\/uploads\/2023\/04\/logo_original.svg","width":214,"height":92,"caption":"Gato Sueco - Editorial"},"image":{"@id":"https:\/\/gatosueco.es\/#\/schema\/logo\/image\/"}}]}},"_links":{"self":[{"href":"https:\/\/gatosueco.es\/en\/wp-json\/wp\/v2\/product\/446","targetHints":{"allow":["GET"]}}],"collection":[{"href":"https:\/\/gatosueco.es\/en\/wp-json\/wp\/v2\/product"}],"about":[{"href":"https:\/\/gatosueco.es\/en\/wp-json\/wp\/v2\/types\/product"}],"replies":[{"embeddable":true,"href":"https:\/\/gatosueco.es\/en\/wp-json\/wp\/v2\/comments?post=446"}],"wp:featuredmedia":[{"embeddable":true,"href":"https:\/\/gatosueco.es\/en\/wp-json\/wp\/v2\/media\/563"}],"wp:attachment":[{"href":"https:\/\/gatosueco.es\/en\/wp-json\/wp\/v2\/media?parent=446"}],"wp:term":[{"taxonomy":"product_brand","embeddable":true,"href":"https:\/\/gatosueco.es\/en\/wp-json\/wp\/v2\/product_brand?post=446"},{"taxonomy":"product_cat","embeddable":true,"href":"https:\/\/gatosueco.es\/en\/wp-json\/wp\/v2\/product_cat?post=446"},{"taxonomy":"product_tag","embeddable":true,"href":"https:\/\/gatosueco.es\/en\/wp-json\/wp\/v2\/product_tag?post=446"}],"curies":[{"name":"wp","href":"https:\/\/api.w.org\/{rel}","templated":true}]}}