{"id":451,"date":"2023-05-04T14:35:52","date_gmt":"2023-05-04T14:35:52","guid":{"rendered":"https:\/\/40612289.servicio-online.net\/gatosueco\/?post_type=product&#038;p=451"},"modified":"2025-04-25T09:17:23","modified_gmt":"2025-04-25T09:17:23","slug":"coses-dels-grans","status":"publish","type":"product","link":"https:\/\/gatosueco.es\/en\/catalogo\/coses-dels-grans\/","title":{"rendered":"Coses dels grans"},"content":{"rendered":"","protected":false},"excerpt":{"rendered":"<p>Seguro que conoces a algunos adultos: son grandes y saben hacer casi todo.<\/p>\n<p>Hablar franc\u00e9s, usar una sierra de motor o hacer cr\u00eapes que no se rompen.<\/p>\n<p>Las personas adultas pueden quitar grandes enredos del pelo y consolarte si est\u00e1s triste.<\/p>\n<p>Hay muchas razones para amarles, pero a veces pueden ser dif\u00edciles de entender.<\/p>\n<p>Hay miles de libros sobre ni\u00f1os y ni\u00f1as, para que los adultos les entiendan un poco mejor.<\/p>\n<p>Este, sin embargo, es un libro sobre adultos, para que los ni\u00f1os les entiendan un poco mejor.<\/p>","protected":false},"featured_media":531,"comment_status":"closed","ping_status":"closed","template":"","meta":{"site-sidebar-layout":"default","site-content-layout":"default","ast-site-content-layout":"","site-content-style":"","site-sidebar-style":"","ast-global-header-display":"","ast-banner-title-visibility":"","ast-main-header-display":"","ast-hfb-above-header-display":"","ast-hfb-below-header-display":"","ast-hfb-mobile-header-display":"","site-post-title":"","ast-breadcrumbs-content":"","ast-featured-img":"","footer-sml-layout":"","ast-disable-related-posts":"","theme-transparent-header-meta":"default","adv-header-id-meta":"","stick-header-meta":"default","header-above-stick-meta":"","header-main-stick-meta":"","header-below-stick-meta":"","astra-migrate-meta-layouts":"","ast-page-background-enabled":"default","ast-page-background-meta":{"desktop":{"background-color":"var(--ast-global-color-4)","background-image":"","background-repeat":"repeat","background-position":"center center","background-size":"auto","background-attachment":"scroll","background-type":"","background-media":"","overlay-type":"","overlay-color":"","overlay-opacity":"","overlay-gradient":""},"tablet":{"background-color":"","background-image":"","background-repeat":"repeat","background-position":"center center","background-size":"auto","background-attachment":"scroll","background-type":"","background-media":"","overlay-type":"","overlay-color":"","overlay-opacity":"","overlay-gradient":""},"mobile":{"background-color":"","background-image":"","background-repeat":"repeat","background-position":"center center","background-size":"auto","background-attachment":"scroll","background-type":"","background-media":"","overlay-type":"","overlay-color":"","overlay-opacity":"","overlay-gradient":""}},"ast-content-background-meta":{"desktop":{"background-color":"var(--ast-global-color-5)","background-image":"","background-repeat":"repeat","background-position":"center center","background-size":"auto","background-attachment":"scroll","background-type":"","background-media":"","overlay-type":"","overlay-color":"","overlay-opacity":"","overlay-gradient":""},"tablet":{"background-color":"var(--ast-global-color-5)","background-image":"","background-repeat":"repeat","background-position":"center center","background-size":"auto","background-attachment":"scroll","background-type":"","background-media":"","overlay-type":"","overlay-color":"","overlay-opacity":"","overlay-gradient":""},"mobile":{"background-color":"var(--ast-global-color-5)","background-image":"","background-repeat":"repeat","background-position":"center center","background-size":"auto","background-attachment":"scroll","background-type":"","background-media":"","overlay-type":"","overlay-color":"","overlay-opacity":"","overlay-gradient":""}}},"product_brand":[],"product_cat":[24,25,36,33],"product_tag":[],"class_list":{"0":"post-451","1":"product","2":"type-product","3":"status-publish","4":"has-post-thumbnail","6":"product_cat-ya-lees-pero-ahora-tienes-nuevas-preguntas","7":"product_cat-catala","8":"product_cat-conocer-el-mundo","9":"product_cat-risas","10":"desktop-align-left","11":"tablet-align-left","12":"mobile-align-left","13":"ast-product-gallery-layout-horizontal-slider","14":"ast-product-gallery-with-no-image","15":"ast-magnify-disabled","16":"ast-product-tabs-layout-accordion","18":"first","19":"instock","20":"shipping-taxable","21":"product-type-external"},"yoast_head":"<!-- This site is optimized with the Yoast SEO plugin v27.3 - https:\/\/yoast.com\/product\/yoast-seo-wordpress\/ -->\n<title>Coses dels grans - Gato Sueco - Editorial<\/title>\n<meta name=\"robots\" content=\"index, follow, max-snippet:-1, max-image-preview:large, max-video-preview:-1\" \/>\n<link rel=\"canonical\" href=\"https:\/\/gatosueco.es\/en\/catalogo\/coses-dels-grans\/\" \/>\n<meta property=\"og:locale\" content=\"en_GB\" \/>\n<meta property=\"og:type\" content=\"article\" \/>\n<meta property=\"og:title\" content=\"Coses dels grans - Gato Sueco - Editorial\" \/>\n<meta property=\"og:description\" content=\"Seguro que conoces a algunos adultos: son grandes y saben hacer casi todo. Hablar franc\u00e9s, usar una sierra de motor o hacer cr\u00eapes que no se rompen. Las personas adultas pueden quitar grandes enredos del pelo y consolarte si est\u00e1s triste. Hay muchas razones para amarles, pero a veces pueden ser dif\u00edciles de entender.  Hay miles de libros sobre ni\u00f1os y ni\u00f1as, para que los adultos les entiendan un poco mejor. Este, sin embargo, es un libro sobre adultos, para que los ni\u00f1os les entiendan un poco mejor.\" \/>\n<meta property=\"og:url\" content=\"https:\/\/gatosueco.es\/en\/catalogo\/coses-dels-grans\/\" \/>\n<meta property=\"og:site_name\" content=\"Gato Sueco - Editorial\" \/>\n<meta property=\"article:modified_time\" content=\"2025-04-25T09:17:23+00:00\" \/>\n<meta property=\"og:image\" content=\"https:\/\/gatosueco.es\/wp-content\/uploads\/2023\/05\/coses-dels-grans.jpg\" \/>\n\t<meta property=\"og:image:width\" content=\"600\" \/>\n\t<meta property=\"og:image:height\" content=\"650\" \/>\n\t<meta property=\"og:image:type\" content=\"image\/jpeg\" \/>\n<meta name=\"twitter:card\" content=\"summary_large_image\" \/>\n<script type=\"application\/ld+json\" class=\"yoast-schema-graph\">{\"@context\":\"https:\\\/\\\/schema.org\",\"@graph\":[{\"@type\":\"WebPage\",\"@id\":\"https:\\\/\\\/gatosueco.es\\\/catalogo\\\/coses-dels-grans\\\/\",\"url\":\"https:\\\/\\\/gatosueco.es\\\/catalogo\\\/coses-dels-grans\\\/\",\"name\":\"Coses dels grans - Gato Sueco - Editorial\",\"isPartOf\":{\"@id\":\"https:\\\/\\\/gatosueco.es\\\/#website\"},\"primaryImageOfPage\":{\"@id\":\"https:\\\/\\\/gatosueco.es\\\/catalogo\\\/coses-dels-grans\\\/#primaryimage\"},\"image\":{\"@id\":\"https:\\\/\\\/gatosueco.es\\\/catalogo\\\/coses-dels-grans\\\/#primaryimage\"},\"thumbnailUrl\":\"https:\\\/\\\/gatosueco.es\\\/wp-content\\\/uploads\\\/2023\\\/05\\\/coses-dels-grans.jpg\",\"datePublished\":\"2023-05-04T14:35:52+00:00\",\"dateModified\":\"2025-04-25T09:17:23+00:00\",\"breadcrumb\":{\"@id\":\"https:\\\/\\\/gatosueco.es\\\/catalogo\\\/coses-dels-grans\\\/#breadcrumb\"},\"inLanguage\":\"en-GB\",\"potentialAction\":[{\"@type\":\"ReadAction\",\"target\":[\"https:\\\/\\\/gatosueco.es\\\/catalogo\\\/coses-dels-grans\\\/\"]}]},{\"@type\":\"ImageObject\",\"inLanguage\":\"en-GB\",\"@id\":\"https:\\\/\\\/gatosueco.es\\\/catalogo\\\/coses-dels-grans\\\/#primaryimage\",\"url\":\"https:\\\/\\\/gatosueco.es\\\/wp-content\\\/uploads\\\/2023\\\/05\\\/coses-dels-grans.jpg\",\"contentUrl\":\"https:\\\/\\\/gatosueco.es\\\/wp-content\\\/uploads\\\/2023\\\/05\\\/coses-dels-grans.jpg\",\"width\":600,\"height\":650},{\"@type\":\"BreadcrumbList\",\"@id\":\"https:\\\/\\\/gatosueco.es\\\/catalogo\\\/coses-dels-grans\\\/#breadcrumb\",\"itemListElement\":[{\"@type\":\"ListItem\",\"position\":1,\"name\":\"Portada\",\"item\":\"https:\\\/\\\/gatosueco.es\\\/\"},{\"@type\":\"ListItem\",\"position\":2,\"name\":\"Productos\",\"item\":\"https:\\\/\\\/gatosueco.es\\\/catalogoss\\\/\"},{\"@type\":\"ListItem\",\"position\":3,\"name\":\"Coses dels grans\"}]},{\"@type\":\"WebSite\",\"@id\":\"https:\\\/\\\/gatosueco.es\\\/#website\",\"url\":\"https:\\\/\\\/gatosueco.es\\\/\",\"name\":\"Gato Sueco - Editorial\",\"description\":\"\",\"publisher\":{\"@id\":\"https:\\\/\\\/gatosueco.es\\\/#organization\"},\"potentialAction\":[{\"@type\":\"SearchAction\",\"target\":{\"@type\":\"EntryPoint\",\"urlTemplate\":\"https:\\\/\\\/gatosueco.es\\\/?s={search_term_string}\"},\"query-input\":{\"@type\":\"PropertyValueSpecification\",\"valueRequired\":true,\"valueName\":\"search_term_string\"}}],\"inLanguage\":\"en-GB\"},{\"@type\":\"Organization\",\"@id\":\"https:\\\/\\\/gatosueco.es\\\/#organization\",\"name\":\"Gato Sueco - Editorial\",\"url\":\"https:\\\/\\\/gatosueco.es\\\/\",\"logo\":{\"@type\":\"ImageObject\",\"inLanguage\":\"en-GB\",\"@id\":\"https:\\\/\\\/gatosueco.es\\\/#\\\/schema\\\/logo\\\/image\\\/\",\"url\":\"https:\\\/\\\/gatosueco.es\\\/wp-content\\\/uploads\\\/2023\\\/04\\\/logo_original.svg\",\"contentUrl\":\"https:\\\/\\\/gatosueco.es\\\/wp-content\\\/uploads\\\/2023\\\/04\\\/logo_original.svg\",\"width\":214,\"height\":92,\"caption\":\"Gato Sueco - Editorial\"},\"image\":{\"@id\":\"https:\\\/\\\/gatosueco.es\\\/#\\\/schema\\\/logo\\\/image\\\/\"}}]}<\/script>\n<!-- \/ Yoast SEO plugin. -->","yoast_head_json":{"title":"Coses dels grans - Gato Sueco - Editorial","robots":{"index":"index","follow":"follow","max-snippet":"max-snippet:-1","max-image-preview":"max-image-preview:large","max-video-preview":"max-video-preview:-1"},"canonical":"https:\/\/gatosueco.es\/en\/catalogo\/coses-dels-grans\/","og_locale":"en_GB","og_type":"article","og_title":"Coses dels grans - Gato Sueco - Editorial","og_description":"Seguro que conoces a algunos adultos: son grandes y saben hacer casi todo. Hablar franc\u00e9s, usar una sierra de motor o hacer cr\u00eapes que no se rompen. Las personas adultas pueden quitar grandes enredos del pelo y consolarte si est\u00e1s triste. Hay muchas razones para amarles, pero a veces pueden ser dif\u00edciles de entender.  Hay miles de libros sobre ni\u00f1os y ni\u00f1as, para que los adultos les entiendan un poco mejor. Este, sin embargo, es un libro sobre adultos, para que los ni\u00f1os les entiendan un poco mejor.","og_url":"https:\/\/gatosueco.es\/en\/catalogo\/coses-dels-grans\/","og_site_name":"Gato Sueco - Editorial","article_modified_time":"2025-04-25T09:17:23+00:00","og_image":[{"width":600,"height":650,"url":"https:\/\/gatosueco.es\/wp-content\/uploads\/2023\/05\/coses-dels-grans.jpg","type":"image\/jpeg"}],"twitter_card":"summary_large_image","schema":{"@context":"https:\/\/schema.org","@graph":[{"@type":"WebPage","@id":"https:\/\/gatosueco.es\/catalogo\/coses-dels-grans\/","url":"https:\/\/gatosueco.es\/catalogo\/coses-dels-grans\/","name":"Coses dels grans - Gato Sueco - Editorial","isPartOf":{"@id":"https:\/\/gatosueco.es\/#website"},"primaryImageOfPage":{"@id":"https:\/\/gatosueco.es\/catalogo\/coses-dels-grans\/#primaryimage"},"image":{"@id":"https:\/\/gatosueco.es\/catalogo\/coses-dels-grans\/#primaryimage"},"thumbnailUrl":"https:\/\/gatosueco.es\/wp-content\/uploads\/2023\/05\/coses-dels-grans.jpg","datePublished":"2023-05-04T14:35:52+00:00","dateModified":"2025-04-25T09:17:23+00:00","breadcrumb":{"@id":"https:\/\/gatosueco.es\/catalogo\/coses-dels-grans\/#breadcrumb"},"inLanguage":"en-GB","potentialAction":[{"@type":"ReadAction","target":["https:\/\/gatosueco.es\/catalogo\/coses-dels-grans\/"]}]},{"@type":"ImageObject","inLanguage":"en-GB","@id":"https:\/\/gatosueco.es\/catalogo\/coses-dels-grans\/#primaryimage","url":"https:\/\/gatosueco.es\/wp-content\/uploads\/2023\/05\/coses-dels-grans.jpg","contentUrl":"https:\/\/gatosueco.es\/wp-content\/uploads\/2023\/05\/coses-dels-grans.jpg","width":600,"height":650},{"@type":"BreadcrumbList","@id":"https:\/\/gatosueco.es\/catalogo\/coses-dels-grans\/#breadcrumb","itemListElement":[{"@type":"ListItem","position":1,"name":"Portada","item":"https:\/\/gatosueco.es\/"},{"@type":"ListItem","position":2,"name":"Productos","item":"https:\/\/gatosueco.es\/catalogoss\/"},{"@type":"ListItem","position":3,"name":"Coses dels grans"}]},{"@type":"WebSite","@id":"https:\/\/gatosueco.es\/#website","url":"https:\/\/gatosueco.es\/","name":"Cat Swedish - Editorial","description":"","publisher":{"@id":"https:\/\/gatosueco.es\/#organization"},"potentialAction":[{"@type":"SearchAction","target":{"@type":"EntryPoint","urlTemplate":"https:\/\/gatosueco.es\/?s={search_term_string}"},"query-input":{"@type":"PropertyValueSpecification","valueRequired":true,"valueName":"search_term_string"}}],"inLanguage":"en-GB"},{"@type":"Organization","@id":"https:\/\/gatosueco.es\/#organization","name":"Cat Swedish - Editorial","url":"https:\/\/gatosueco.es\/","logo":{"@type":"ImageObject","inLanguage":"en-GB","@id":"https:\/\/gatosueco.es\/#\/schema\/logo\/image\/","url":"https:\/\/gatosueco.es\/wp-content\/uploads\/2023\/04\/logo_original.svg","contentUrl":"https:\/\/gatosueco.es\/wp-content\/uploads\/2023\/04\/logo_original.svg","width":214,"height":92,"caption":"Gato Sueco - Editorial"},"image":{"@id":"https:\/\/gatosueco.es\/#\/schema\/logo\/image\/"}}]}},"_links":{"self":[{"href":"https:\/\/gatosueco.es\/en\/wp-json\/wp\/v2\/product\/451","targetHints":{"allow":["GET"]}}],"collection":[{"href":"https:\/\/gatosueco.es\/en\/wp-json\/wp\/v2\/product"}],"about":[{"href":"https:\/\/gatosueco.es\/en\/wp-json\/wp\/v2\/types\/product"}],"replies":[{"embeddable":true,"href":"https:\/\/gatosueco.es\/en\/wp-json\/wp\/v2\/comments?post=451"}],"wp:featuredmedia":[{"embeddable":true,"href":"https:\/\/gatosueco.es\/en\/wp-json\/wp\/v2\/media\/531"}],"wp:attachment":[{"href":"https:\/\/gatosueco.es\/en\/wp-json\/wp\/v2\/media?parent=451"}],"wp:term":[{"taxonomy":"product_brand","embeddable":true,"href":"https:\/\/gatosueco.es\/en\/wp-json\/wp\/v2\/product_brand?post=451"},{"taxonomy":"product_cat","embeddable":true,"href":"https:\/\/gatosueco.es\/en\/wp-json\/wp\/v2\/product_cat?post=451"},{"taxonomy":"product_tag","embeddable":true,"href":"https:\/\/gatosueco.es\/en\/wp-json\/wp\/v2\/product_tag?post=451"}],"curies":[{"name":"wp","href":"https:\/\/api.w.org\/{rel}","templated":true}]}}